{"id":2928,"date":"2025-06-16T15:30:34","date_gmt":"2025-06-16T13:30:34","guid":{"rendered":"https:\/\/calribero.com\/politique-de-confidentialite-2\/"},"modified":"2025-07-01T15:48:41","modified_gmt":"2025-07-01T13:48:41","slug":"politique-de-confidentialite-2","status":"publish","type":"page","link":"https:\/\/calribero.com\/fr\/politique-de-confidentialite-2\/","title":{"rendered":"Politique de confidentialit\u00e9"},"content":{"rendered":"<div>\n<div>\n<h2 style=\"text-align: center;\">POLITIQUE DE CONFIDENTIALIT\u00c9<\/h2>\n<\/div>\n<div>\n<p>Conform\u00e9ment au Chapitre II de la Loi 34\/2002, LSSICE, nous vous informons que ce site Web est la propri\u00e9t\u00e9 de <b>Ribero Balaguer SL<\/b>, ci-apr\u00e8s \u00e9galement le Fournisseur, domicili\u00e9 \u00e0 <b>c\/ Estaci\u00f3 3 &#8211; 25614 GERB<\/b>, avec CIF <b>B25608860<\/b>, num\u00e9ro de t\u00e9l\u00e9phone de contact : <b>625 406 406<\/b>, et email : <b>info@calribero.es<\/b>.<\/p>\n<p><b>Ribero Balaguer SL<\/b>., en tant que responsable du pr\u00e9sent site web et conform\u00e9ment aux dispositions de la r\u00e9glementation en vigueur en mati\u00e8re de protection des donn\u00e9es personnelles, le R\u00e8glement (UE) 2016\/679 du 27 avril 2016 (RGPD) relatif \u00e0 la protection des personnes physiques \u00e0 l\u2019\u00e9gard du traitement des donn\u00e9es \u00e0 caract\u00e8re personnel et \u00e0 la libre circulation de ces donn\u00e9es, la Loi Organique 15\/1999 du 13 d\u00e9cembre relative \u00e0 la Protection des Donn\u00e9es \u00e0 Caract\u00e8re Personnel (LOPD), ainsi que la Loi 34\/2002 du 11 juillet sur les Services de la Soci\u00e9t\u00e9 de l\u2019Information et du Commerce \u00c9lectronique (LSSICE), a mis en \u0153uvre toutes les mesures de s\u00e9curit\u00e9, tant techniques qu\u2019organisationnelles, \u00e9tablies par le D\u00e9cret Royal 1720\/2007 du 21 d\u00e9cembre (qui d\u00e9veloppe la LOPD), afin de garantir et de prot\u00e9ger la confidentialit\u00e9, l\u2019int\u00e9grit\u00e9 et la disponibilit\u00e9 des donn\u00e9es saisies.<br \/>\nAux fins pr\u00e9vues par la LOPD, <b>Ribero Balaguer SL<\/b> vous informe que les donn\u00e9es que vous nous fournissez volontairement seront int\u00e9gr\u00e9es \u00e0 nos syst\u00e8mes d\u2019information dans le but d\u2019effectuer les d\u00e9marches commerciales et administratives n\u00e9cessaires avec les utilisateurs du site web. Les op\u00e9rations pr\u00e9vues pour le traitement des donn\u00e9es sont les suivantes : r\u00e9pondre aux demandes et\/ou fournir les informations requises par l\u2019Utilisateur ; r\u00e9aliser les prestations de services et\/ou produits contract\u00e9s ou souscrits par l\u2019Utilisateur ; effectuer toutes les activit\u00e9s propres \u00e0 <b>Ribero Balaguer SL<\/b> mentionn\u00e9es dans le pr\u00e9sent avis l\u00e9gal ; et envoyer la newsletter du site web.<br \/>\nLe signataire garantit la v\u00e9racit\u00e9 des donn\u00e9es fournies et s\u2019engage \u00e0 communiquer toute modification de celles-ci.<br \/>\nLe Prestataire, au moyen d\u2019un ast\u00e9risque (*) dans les champs correspondants du formulaire de contact, informe l\u2019Utilisateur de cette obligation, en indiquant quelles donn\u00e9es sont n\u00e9cessaires. Par l\u2019indication et la saisie de ces donn\u00e9es, l\u2019Utilisateur donne son consentement sans \u00e9quivoque \u00e0 <b>Ribero Balaguer SL<\/b> pour proc\u00e9der au traitement des donn\u00e9es fournies dans le but des finalit\u00e9s mentionn\u00e9es.<br \/>\nLe fait de ne pas fournir les donn\u00e9es personnelles demand\u00e9es ou de ne pas accepter la pr\u00e9sente politique de protection des donn\u00e9es implique l\u2019impossibilit\u00e9 de s\u2019abonner, de s\u2019enregistrer ou de recevoir des informations sur les produits et services du prestataire.<br \/>\nConform\u00e9ment aux r\u00e9glementations en vigueur en mati\u00e8re de protection des donn\u00e9es personnelles, le prestataire respecte toutes les dispositions des r\u00e9glementations RGPD et LOPD pour le traitement des donn\u00e9es personnelles dont il est responsable, et notamment les principes d\u00e9crits \u00e0 l\u2019article 5 du RGPD et \u00e0 l\u2019article 4 de la LOPD, selon lesquels les donn\u00e9es sont trait\u00e9es de mani\u00e8re licite, loyale et transparente \u00e0 l\u2019\u00e9gard de la personne concern\u00e9e, et sont ad\u00e9quates, pertinentes et limit\u00e9es \u00e0 ce qui est n\u00e9cessaire au regard des finalit\u00e9s pour lesquelles elles sont trait\u00e9es.<br \/>\nLe Responsable garantit avoir mis en \u0153uvre des politiques techniques et organisationnelles appropri\u00e9es afin d\u2019appliquer les mesures de s\u00e9curit\u00e9 pr\u00e9vues par le RGPD et la LOPD, dans le but de prot\u00e9ger les droits et libert\u00e9s des Utilisateurs.<br \/>\nConform\u00e9ment \u00e0 ces r\u00e9glementations, nous vous informons que vous avez le droit de demander l\u2019acc\u00e8s, la rectification, la portabilit\u00e9 et la suppression de vos donn\u00e9es, ainsi que la limitation et l\u2019opposition \u00e0 leur traitement, en vous adressant \u00e0 Pl. del Jutge, s\/n, ou en envoyant un courriel \u00e0 <b>info@calribero.es<\/b>, en indiquant comme objet : \u00ab LOPD, Droits ARCO \u00bb, et en joignant une photocopie de votre pi\u00e8ce d\u2019identit\u00e9 ou tout autre moyen \u00e9quivalent en droit, comme l\u2019indique la loi.<br \/>Vous avez le droit de retirer votre consentement \u00e0 tout moment. Le retrait du consentement n\u2019affectera pas la l\u00e9galit\u00e9 du traitement effectu\u00e9 avant ce retrait.<br \/>Vous avez \u00e9galement le droit d\u2019introduire une r\u00e9clamation aupr\u00e8s de l\u2019autorit\u00e9 de contr\u00f4le si vous estimez que vos droits en mati\u00e8re de protection des donn\u00e9es ont pu \u00eatre viol\u00e9s (agpd.es).   <\/p>\n<\/div>\n<div>\n<h3><b>CONFIDENTIALIT\u00c9 et TRANSFERT DE DONN\u00c9ES \u00c0 DES TIERS<\/b><\/h3>\n<p>Les donn\u00e9es que vous nous fournissez seront trait\u00e9es de mani\u00e8re confidentielle. Le prestataire a adopt\u00e9 toutes les mesures techniques et organisationnelles et tous les niveaux de protection n\u00e9cessaires pour garantir la s\u00e9curit\u00e9 du traitement des donn\u00e9es et \u00e9viter leur alt\u00e9ration, perte, vol, traitement ou acc\u00e8s non autoris\u00e9, compte tenu de l&rsquo;\u00e9tat de la technologie et de la nature des donn\u00e9es stock\u00e9es. De m\u00eame, il garantit que le traitement et l&rsquo;enregistrement dans des fichiers, programmes, syst\u00e8mes ou \u00e9quipements, locaux et centres sont conformes aux exigences et conditions d&rsquo;int\u00e9grit\u00e9 et de s\u00e9curit\u00e9 \u00e9tablies par la r\u00e9glementation en vigueur.<br \/>\n<b>Ribero Balaguer SL<\/b> ne c\u00e8de pas de donn\u00e9es personnelles \u00e0 des tiers, sauf obligation l\u00e9gale. Toutefois, en cas de transfert \u00e0 un tiers, une information pr\u00e9alable sera fournie et un consentement expr\u00e8s sera demand\u00e9. Le responsable de la base de donn\u00e9es, ainsi que les personnes impliqu\u00e9es dans le traitement et\/ou les entit\u00e9s auxquelles les donn\u00e9es ont \u00e9t\u00e9 communiqu\u00e9es \u2013 toujours avec l&rsquo;autorisation correspondante de l&rsquo;utilisateur \u2013 sont tenus au secret professionnel et \u00e0 adopter les niveaux de protection et les mesures techniques et organisationnelles n\u00e9cessaires \u00e0 leur disposition pour garantir la s\u00e9curit\u00e9 des donn\u00e9es personnelles, en \u00e9vitant, dans la mesure du possible, tout acc\u00e8s non autoris\u00e9, toute modification illicite, tout vol et\/ou toute perte de donn\u00e9es, afin de garantir le niveau de s\u00e9curit\u00e9 correspondant aux fichiers du fournisseur, en fonction de la nature et de la sensibilit\u00e9 des donn\u00e9es fournies par les utilisateurs de ce site web. <\/p>\n<\/div>\n<div>\n<h3><b>ACCEPTATION ET CONSENTEMENT<\/b><\/h3>\n<p>L\u2019Utilisateur d\u00e9clare avoir \u00e9t\u00e9 inform\u00e9 des conditions relatives \u00e0 la protection des donn\u00e9es \u00e0 caract\u00e8re personnel, acceptant et consentant au traitement automatis\u00e9 de celles-ci par <b>Ribero Balaguer SL<\/b>, de la mani\u00e8re et pour les finalit\u00e9s indiqu\u00e9es dans la pr\u00e9sente Politique de Protection des Donn\u00e9es Personnelles.<br \/>\nAinsi, en utilisant ce formulaire pour contacter <b>Ribero Balaguer SL<\/b>, vous autorisez express\u00e9ment l\u2019utilisation de vos donn\u00e9es pour l\u2019envoi de communications commerciales, par tout moyen (y compris par courrier \u00e9lectronique), pouvant r\u00e9voquer cette autorisation \u00e0 tout moment en contactant <b>Ribero Balaguer SL<\/b> par les moyens \u00e9tablis.<br \/>\nPar la pr\u00e9sente Politique de Confidentialit\u00e9, nous vous informons que les photographies publi\u00e9es sur le site web sont la propri\u00e9t\u00e9 de <b>Ribero Balaguer SL<\/b>, y compris celles de mineurs, pour lesquelles le consentement pr\u00e9alable des parents, tuteurs ou repr\u00e9sentants l\u00e9gaux a \u00e9t\u00e9 obtenu par la signature des formulaires \u00e9tablis \u00e0 cet effet par les centres auxquels les mineurs appartiennent. Toutefois, les parents, tuteurs ou repr\u00e9sentants l\u00e9gaux des mineurs, en tant que titulaires de l\u2019exercice de leurs droits, peuvent, sur demande \u00e9crite formelle, s\u2019opposer \u00e0 l\u2019utilisation de l\u2019image du mineur ; dans ce cas, l\u2019image sera affich\u00e9e de mani\u00e8re pixelis\u00e9e.   <\/p>\n<\/div>\n<div>\n<h3><b>EXACTITUDE ET V\u00c9RIT\u00c9 DES DONN\u00c9ES<\/b><\/h3>\n<p>L\u2019utilisateur est seul responsable de la v\u00e9racit\u00e9 et de l\u2019exactitude des donn\u00e9es qu\u2019il transmet \u00e0 <b>Ribero Balaguer SL<\/b>, d\u00e9gageant ainsi le Prestataire de toute responsabilit\u00e9 \u00e0 cet \u00e9gard. Les utilisateurs garantissent et r\u00e9pondent, en tout cas, de l\u2019exactitude, de la validit\u00e9 et de l\u2019authenticit\u00e9 des donn\u00e9es personnelles fournies, et s\u2019engagent \u00e0 les tenir d\u00fbment \u00e0 jour. L\u2019utilisateur accepte de fournir des informations compl\u00e8tes et exactes dans le formulaire d\u2019inscription ou d\u2019abonnement.  <\/p>\n<\/div>\n<div>\n<h3><b>CONTENU ET LIENS DU SITE WEB<\/b><\/h3>\n<p><b>Ribero Balaguer SL.<\/b> se r\u00e9serve le droit de mettre \u00e0 jour, de modifier ou de supprimer les informations contenues sur le site Web, et peut m\u00eame limiter ou ne pas autoriser l&rsquo;acc\u00e8s aux informations.<br \/>\n<b>Ribero Balaguer SL<\/b>. d\u00e9cline toute responsabilit\u00e9 quant aux informations contenues sur les sites web tiers accessibles via des \u00ab liens \u00bb ou des liens depuis tout site web appartenant au fournisseur.<br \/>\nLa pr\u00e9sence de \u00ab liens \u00bb ou de liens est purement informative et n&rsquo;implique en aucun cas une suggestion, une invitation ou une reconnaissance de ces derniers. <\/p>\n<\/div>\n<div>\n<h3><b>ENVOI CV<\/b><\/h3>\n<p>Dans le cas o\u00f9 l\u2019utilisateur enverrait son CV via notre site web, nous l\u2019informons que les donn\u00e9es fournies seront trait\u00e9es afin de lui permettre de participer aux processus de s\u00e9lection qui pourraient \u00eatre ouverts, en proc\u00e9dant \u00e0 une analyse du profil du candidat dans le but de s\u00e9lectionner le meilleur profil pour le poste vacant du Responsable. Nous l\u2019informons qu\u2019il s\u2019agit de la seule proc\u00e9dure officielle pour accepter son curriculum vitae, de sorte que les CV envoy\u00e9s par un autre moyen ne seront pas accept\u00e9s. En cas de modification des donn\u00e9es, nous vous prions de nous en informer par \u00e9crit dans les plus brefs d\u00e9lais, afin de maintenir vos donn\u00e9es d\u00fbment actualis\u00e9es.<br \/>\nLes donn\u00e9es seront conserv\u00e9es pendant une dur\u00e9e maximale d\u2019un an, apr\u00e8s quoi elles seront supprim\u00e9es, en garantissant un respect total de la confidentialit\u00e9 tant lors du traitement que lors de leur destruction ult\u00e9rieure. \u00c0 cet \u00e9gard, une fois ce d\u00e9lai \u00e9coul\u00e9, et si vous souhaitez continuer \u00e0 participer aux processus de s\u00e9lection du Responsable, nous vous prions de bien vouloir nous envoyer \u00e0 nouveau votre CV.<br \/>\nLes donn\u00e9es pourront \u00eatre trait\u00e9es et\/ou communiqu\u00e9es aux soci\u00e9t\u00e9s faisant partie de notre groupe pendant la p\u00e9riode de conservation de votre CV et aux m\u00eames fins que celles mentionn\u00e9es ci-dessus.   <\/p>\n<\/div>\n<div>\n<h3><b>ABONNEMENT AU BLOG DE L&rsquo;ENTREPRISE<\/b><\/h3>\n<p>En cas d&rsquo;abonnement au blog, nous vous informons que les donn\u00e9es fournies seront trait\u00e9es pour g\u00e9rer votre abonnement au blog informatif et vous informer des mises \u00e0 jour. Elles seront conserv\u00e9es tant qu&rsquo;il existe un int\u00e9r\u00eat mutuel \u00e0 maintenir la finalit\u00e9 du traitement. Lorsqu&rsquo;elles ne seront plus n\u00e9cessaires \u00e0 cette fin, elles seront supprim\u00e9es avec des mesures de s\u00e9curit\u00e9 appropri\u00e9es pour garantir leur pseudonymisation ou leur destruction totale. Les donn\u00e9es ne seront pas communiqu\u00e9es \u00e0 des tiers, sauf obligation l\u00e9gale.  <\/p>\n<\/div>\n<div>\n<h3><b>PARTICIPATION AUX FORUMS <\/b><\/h3>\n<p>Si l&rsquo;utilisateur souhaite participer aux forums du site web, nous l&rsquo;informons que les donn\u00e9es fournies seront trait\u00e9es afin de g\u00e9rer sa participation. Toute inscription ou transmission de donn\u00e9es personnelles par l&rsquo;utilisateur de ce forum implique la connaissance et l&rsquo;acceptation sans \u00e9quivoque des mentions l\u00e9gales et de la politique de confidentialit\u00e9 \u00e9nonc\u00e9es sur le site web. Les donn\u00e9es seront conserv\u00e9es tant qu&rsquo;il existe un int\u00e9r\u00eat mutuel \u00e0 maintenir la finalit\u00e9 du traitement et, lorsqu&rsquo;elles ne seront plus n\u00e9cessaires \u00e0 cette fin, elles seront supprim\u00e9es avec des mesures de s\u00e9curit\u00e9 appropri\u00e9es pour garantir la pseudonymisation des donn\u00e9es ou leur destruction totale. Les publications seront affich\u00e9es publiquement aux utilisateurs du forum en ligne.   <\/p>\n<\/div>\n<div>\n<h3><b>PUBLICATION DE VOTRE T\u00c9MOIGNAGE<\/b><\/h3>\n<p>Si l&rsquo;utilisateur souhaite publier son avis sur le site web, nous l&rsquo;informons que les donn\u00e9es fournies seront trait\u00e9es afin de r\u00e9pondre aux suggestions, exp\u00e9riences ou avis propos\u00e9s concernant les produits et\/ou services publi\u00e9s sur le site web et ainsi aider les autres utilisateurs. Les donn\u00e9es seront conserv\u00e9es tant qu&rsquo;il existe un int\u00e9r\u00eat mutuel \u00e0 maintenir la finalit\u00e9 du traitement et, lorsqu&rsquo;elles ne seront plus n\u00e9cessaires \u00e0 cette fin, elles seront supprim\u00e9es avec des mesures de s\u00e9curit\u00e9 appropri\u00e9es pour garantir leur pseudonymisation ou leur destruction totale. Les t\u00e9moignages seront publi\u00e9s sur notre site web. La seule donn\u00e9e personnelle publi\u00e9e concernant le t\u00e9moignage sera son nom.   <\/p>\n<\/div>\n<div>\n<h3><b>MODIFICATIONS DE CETTE POLITIQUE DE CONFIDENTIALIT\u00c9<\/b><\/h3>\n<p><b>Ribero Balaguer SL<\/b> se r\u00e9serve le droit de modifier cette politique pour l&rsquo;adapter \u00e0 la nouvelle l\u00e9gislation ou jurisprudence.<\/p>\n<\/div>\n<div>\n<h3><b>COURRIER COMMERCIAL<\/b><\/h3>\n<div>\n<p><b>Conform\u00e9ment \u00e0 la LSSICE, <b>Ribero Balaguer SL<\/b> ne pratique pas le spam. Par cons\u00e9quent, elle n&rsquo;envoie pas de courriers \u00e9lectroniques commerciaux sans la demande ou l&rsquo;autorisation pr\u00e9alable de l&rsquo;utilisateur. Par cons\u00e9quent, dans chaque formulaire du site web, l&rsquo;utilisateur a la possibilit\u00e9 de consentir express\u00e9ment \u00e0 recevoir notre newsletter, ind\u00e9pendamment des informations commerciales sp\u00e9cifiquement demand\u00e9es. <\/b><\/p>\n<\/div>\n<div>\n<h3><b>L\u00c9GISLATION<\/b><\/h3>\n<p>En g\u00e9n\u00e9ral, les relations entre <b>Ribero Balaguer SL <\/b>et les Utilisateurs de ses services t\u00e9l\u00e9matiques, pr\u00e9sents sur ce Site Web, sont soumises \u00e0 la l\u00e9gislation et \u00e0 la juridiction espagnoles auxquelles les parties se soumettent express\u00e9ment, les Cours et Tribunaux de Lleida \u00e9tant comp\u00e9tents pour la r\u00e9solution de tous les conflits d\u00e9coulant de ou li\u00e9s \u00e0 leur utilisation.<\/p>\n<\/div>\n<\/div>\n<\/div>\n","protected":false},"excerpt":{"rendered":"<p>POLITIQUE DE CONFIDENTIALIT\u00c9 Conform\u00e9ment au Chapitre II de la Loi  [&#8230;]<\/p>\n","protected":false},"author":1,"featured_media":0,"parent":0,"menu_order":0,"comment_status":"closed","ping_status":"closed","template":"","meta":{"footnotes":""},"class_list":["post-2928","page","type-page","status-publish","hentry"],"yoast_head":"<!-- This site is optimized with the Yoast SEO plugin v25.3 - https:\/\/yoast.com\/wordpress\/plugins\/seo\/ -->\n<title>Politique de confidentialit\u00e9 - Cal Ribero<\/title>\n<meta name=\"robots\" content=\"index, follow, max-snippet:-1, max-image-preview:large, max-video-preview:-1\" \/>\n<link rel=\"canonical\" href=\"https:\/\/calribero.com\/fr\/politique-de-confidentialite-2\/\" \/>\n<meta property=\"og:locale\" content=\"fr_FR\" \/>\n<meta property=\"og:type\" content=\"article\" \/>\n<meta property=\"og:title\" content=\"Politique de confidentialit\u00e9 - Cal Ribero\" \/>\n<meta property=\"og:description\" content=\"POLITIQUE DE CONFIDENTIALIT\u00c9 Conform\u00e9ment au Chapitre II de la Loi [...]\" \/>\n<meta property=\"og:url\" content=\"https:\/\/calribero.com\/fr\/politique-de-confidentialite-2\/\" \/>\n<meta property=\"og:site_name\" content=\"Cal Ribero\" \/>\n<meta property=\"article:modified_time\" content=\"2025-07-01T13:48:41+00:00\" \/>\n<meta name=\"twitter:card\" content=\"summary_large_image\" \/>\n<meta name=\"twitter:label1\" content=\"Dur\u00e9e de lecture estim\u00e9e\" \/>\n\t<meta name=\"twitter:data1\" content=\"11 minutes\" \/>\n<script type=\"application\/ld+json\" class=\"yoast-schema-graph\">{\"@context\":\"https:\/\/schema.org\",\"@graph\":[{\"@type\":\"WebPage\",\"@id\":\"https:\/\/calribero.com\/fr\/politique-de-confidentialite-2\/\",\"url\":\"https:\/\/calribero.com\/fr\/politique-de-confidentialite-2\/\",\"name\":\"Politique de confidentialit\u00e9 - Cal Ribero\",\"isPartOf\":{\"@id\":\"https:\/\/calribero.com\/fr\/#website\"},\"datePublished\":\"2025-06-16T13:30:34+00:00\",\"dateModified\":\"2025-07-01T13:48:41+00:00\",\"breadcrumb\":{\"@id\":\"https:\/\/calribero.com\/fr\/politique-de-confidentialite-2\/#breadcrumb\"},\"inLanguage\":\"fr-FR\",\"potentialAction\":[{\"@type\":\"ReadAction\",\"target\":[\"https:\/\/calribero.com\/fr\/politique-de-confidentialite-2\/\"]}]},{\"@type\":\"BreadcrumbList\",\"@id\":\"https:\/\/calribero.com\/fr\/politique-de-confidentialite-2\/#breadcrumb\",\"itemListElement\":[{\"@type\":\"ListItem\",\"position\":1,\"name\":\"Inici\",\"item\":\"https:\/\/calribero.com\/fr\/cal-ribero-hebergements-ruraux\/\"},{\"@type\":\"ListItem\",\"position\":2,\"name\":\"Politique de confidentialit\u00e9\"}]},{\"@type\":\"WebSite\",\"@id\":\"https:\/\/calribero.com\/fr\/#website\",\"url\":\"https:\/\/calribero.com\/fr\/\",\"name\":\"Cal Ribero\",\"description\":\"Moments \u00fanics en un entorn incomparable.\",\"potentialAction\":[{\"@type\":\"SearchAction\",\"target\":{\"@type\":\"EntryPoint\",\"urlTemplate\":\"https:\/\/calribero.com\/fr\/?s={search_term_string}\"},\"query-input\":{\"@type\":\"PropertyValueSpecification\",\"valueRequired\":true,\"valueName\":\"search_term_string\"}}],\"inLanguage\":\"fr-FR\"}]}<\/script>\n<!-- \/ Yoast SEO plugin. -->","yoast_head_json":{"title":"Politique de confidentialit\u00e9 - Cal Ribero","robots":{"index":"index","follow":"follow","max-snippet":"max-snippet:-1","max-image-preview":"max-image-preview:large","max-video-preview":"max-video-preview:-1"},"canonical":"https:\/\/calribero.com\/fr\/politique-de-confidentialite-2\/","og_locale":"fr_FR","og_type":"article","og_title":"Politique de confidentialit\u00e9 - Cal Ribero","og_description":"POLITIQUE DE CONFIDENTIALIT\u00c9 Conform\u00e9ment au Chapitre II de la Loi [...]","og_url":"https:\/\/calribero.com\/fr\/politique-de-confidentialite-2\/","og_site_name":"Cal Ribero","article_modified_time":"2025-07-01T13:48:41+00:00","twitter_card":"summary_large_image","twitter_misc":{"Dur\u00e9e de lecture estim\u00e9e":"11 minutes"},"schema":{"@context":"https:\/\/schema.org","@graph":[{"@type":"WebPage","@id":"https:\/\/calribero.com\/fr\/politique-de-confidentialite-2\/","url":"https:\/\/calribero.com\/fr\/politique-de-confidentialite-2\/","name":"Politique de confidentialit\u00e9 - Cal Ribero","isPartOf":{"@id":"https:\/\/calribero.com\/fr\/#website"},"datePublished":"2025-06-16T13:30:34+00:00","dateModified":"2025-07-01T13:48:41+00:00","breadcrumb":{"@id":"https:\/\/calribero.com\/fr\/politique-de-confidentialite-2\/#breadcrumb"},"inLanguage":"fr-FR","potentialAction":[{"@type":"ReadAction","target":["https:\/\/calribero.com\/fr\/politique-de-confidentialite-2\/"]}]},{"@type":"BreadcrumbList","@id":"https:\/\/calribero.com\/fr\/politique-de-confidentialite-2\/#breadcrumb","itemListElement":[{"@type":"ListItem","position":1,"name":"Inici","item":"https:\/\/calribero.com\/fr\/cal-ribero-hebergements-ruraux\/"},{"@type":"ListItem","position":2,"name":"Politique de confidentialit\u00e9"}]},{"@type":"WebSite","@id":"https:\/\/calribero.com\/fr\/#website","url":"https:\/\/calribero.com\/fr\/","name":"Cal Ribero","description":"Moments \u00fanics en un entorn incomparable.","potentialAction":[{"@type":"SearchAction","target":{"@type":"EntryPoint","urlTemplate":"https:\/\/calribero.com\/fr\/?s={search_term_string}"},"query-input":{"@type":"PropertyValueSpecification","valueRequired":true,"valueName":"search_term_string"}}],"inLanguage":"fr-FR"}]}},"_links":{"self":[{"href":"https:\/\/calribero.com\/fr\/wp-json\/wp\/v2\/pages\/2928"}],"collection":[{"href":"https:\/\/calribero.com\/fr\/wp-json\/wp\/v2\/pages"}],"about":[{"href":"https:\/\/calribero.com\/fr\/wp-json\/wp\/v2\/types\/page"}],"author":[{"embeddable":true,"href":"https:\/\/calribero.com\/fr\/wp-json\/wp\/v2\/users\/1"}],"replies":[{"embeddable":true,"href":"https:\/\/calribero.com\/fr\/wp-json\/wp\/v2\/comments?post=2928"}],"version-history":[{"count":1,"href":"https:\/\/calribero.com\/fr\/wp-json\/wp\/v2\/pages\/2928\/revisions"}],"predecessor-version":[{"id":2973,"href":"https:\/\/calribero.com\/fr\/wp-json\/wp\/v2\/pages\/2928\/revisions\/2973"}],"wp:attachment":[{"href":"https:\/\/calribero.com\/fr\/wp-json\/wp\/v2\/media?parent=2928"}],"curies":[{"name":"wp","href":"https:\/\/api.w.org\/{rel}","templated":true}]}}