{"id":2921,"date":"2024-11-18T13:37:40","date_gmt":"2024-11-18T12:37:40","guid":{"rendered":"https:\/\/calribero.com\/conditions-dachat\/"},"modified":"2024-11-18T13:37:40","modified_gmt":"2024-11-18T12:37:40","slug":"conditions-dachat","status":"publish","type":"page","link":"https:\/\/calribero.com\/fr\/conditions-dachat\/","title":{"rendered":"Conditions d\u2019achat"},"content":{"rendered":"<div style=\"text-align: justify;\">\n<p style=\"padding-left: 30px;\">Les pr\u00e9sentes Conditions G\u00e9n\u00e9rales d\u2019Achat r\u00e9gissent l\u2019utilisation du site web, https:\/\/calribero.com\/, dont RIBERO S.A.T. est le titulaire. Les domaines https:\/\/calribero.com\/, ainsi que tous les sous-domaines associ\u00e9s, appartiennent \u00e0 RIBERO S.A.T., CIF : V25597741, dont le si\u00e8ge social est situ\u00e9 Carrer L\u2019estaci\u00f3, 3, 25614 Gerb (Lleida)134. <\/p>\n<p style=\"padding-left: 30px;\">Pour toute question, vous pouvez nous contacter par t\u00e9l\u00e9phone au 625 40 64 06, ou en envoyant un courriel \u00e0 info@calribero.es.<\/p>\n<p style=\"padding-left: 30px;\">Conform\u00e9ment \u00e0 la Loi 34\/2002 du 11 juillet, relative aux Services de la Soci\u00e9t\u00e9 de l\u2019Information et au Commerce \u00c9lectronique, ainsi qu\u2019\u00e0 toute autre r\u00e9glementation applicable, RIBERO S.A.T. informe :<\/p>\n<p>    <strong>1.- Objet<\/strong><\/p>\n<p style=\"padding-left: 30px;\">Les Conditions d\u2019achat \u00e9tablissent les droits et obligations de tous les utilisateurs de la boutique en ligne RIBERO S.A.T., en ce qui concerne les services que nous proposons \u00e0 travers notre site web https:\/\/calribero.com\/.<\/p>\n<p style=\"padding-left: 30px;\">En utilisant le site web https:\/\/calribero.com\/ ou en effectuant une r\u00e9servation par son interm\u00e9diaire, vous acceptez d\u2019\u00eatre li\u00e9 par ces Conditions et par notre Politique de Confidentialit\u00e9 ; par cons\u00e9quent, si vous n\u2019\u00eates pas d\u2019accord avec l\u2019ensemble des Conditions et avec la Politique de Confidentialit\u00e9, vous ne devez effectuer aucune r\u00e9servation.<\/p>\n<p style=\"padding-left: 30px;\">Le site web https:\/\/calribero.com\/ a pour objet la r\u00e9servation d\u2019un s\u00e9jour \u00e0 CAL RIBERO, avec la possibilit\u00e9 de paiement de la r\u00e9servation.<\/p>\n<p>    <strong>2.- R\u00e9servations<\/strong><\/p>\n<p style=\"padding-left: 30px;\">Effectuer une r\u00e9servation sur https:\/\/calribero.com\/ \u00e9quivaut \u00e0 l\u2019acceptation pleine et enti\u00e8re des prix, de la description des services en vente et des conditions g\u00e9n\u00e9rales de vente, qui seront les seules applicables au contrat ainsi conclu.<\/p>\n<p style=\"padding-left: 30px;\">L\u2019acheteur s\u2019engage \u00e0 utiliser le site web https:\/\/calribero.com\/ uniquement pour effectuer des consultations ou des r\u00e9servations l\u00e9galement valides. L\u2019acheteur s\u2019engage \u00e9galement \u00e0 fournir de mani\u00e8re v\u00e9ridique et correcte ses donn\u00e9es de contact, consentant par ailleurs \u00e0 ce que ces informations puissent \u00eatre utilis\u00e9es pour le contacter si n\u00e9cessaire. <\/p>\n<p style=\"padding-left: 30px;\">Effectuer une r\u00e9servation via https:\/\/calribero.com\/ garantit que vous \u00eates pleinement autoris\u00e9 \u00e0 utiliser la carte de paiement, dans le cas o\u00f9 vous choisissez ce mode de paiement. Seules les personnes disposant de la capacit\u00e9 juridique n\u00e9cessaire pour conclure des contrats peuvent effectuer une r\u00e9servation. <\/p>\n<p style=\"padding-left: 30px;\">RIBERO S.A.T. offre la possibilit\u00e9 d\u2019effectuer le paiement par carte ou Bizum. Le d\u00e9bit sur la carte de cr\u00e9dit est effectu\u00e9 au moment m\u00eame de la r\u00e9servation, via la passerelle de paiement de l\u2019entit\u00e9 financi\u00e8re correspondante et une fois que les donn\u00e9es communiqu\u00e9es ont \u00e9t\u00e9 v\u00e9rifi\u00e9es comme correctes. <\/p>\n<p style=\"padding-left: 30px;\">\u00c0 cet \u00e9gard, les donn\u00e9es confidentielles sont transmises de mani\u00e8re crypt\u00e9e (SSL) \u00e0 l\u2019entit\u00e9 financi\u00e8re concern\u00e9e. Le syst\u00e8me de cryptage SSL que nous utilisons garantit une s\u00e9curit\u00e9 totale lors de la transmission des donn\u00e9es sur le r\u00e9seau. Vos donn\u00e9es b\u00e9n\u00e9ficient ainsi d\u2019une confidentialit\u00e9 et d\u2019une protection totales.  <\/p>\n<p style=\"padding-left: 30px;\">La s\u00e9curit\u00e9 lors de l\u2019achat en ligne est garantie par l\u2019entit\u00e9 financi\u00e8re correspondante. Celle-ci dispose des moyens de s\u00e9curit\u00e9 n\u00e9cessaires pour identifier d\u2019\u00e9ventuelles erreurs dans les donn\u00e9es fournies lors du paiement par carte ou Bizum. <\/p>\n<p style=\"padding-left: 30px;\">Les donn\u00e9es relatives aux cartes de cr\u00e9dit ne sont enregistr\u00e9es dans aucune de nos bases de donn\u00e9es. Elles sont utilis\u00e9es uniquement dans le TPE (Terminal de Paiement \u00c9lectronique) virtuel de l\u2019entit\u00e9 financi\u00e8re correspondante, via sa Passerelle de Paiement S\u00e9curis\u00e9. <\/p>\n<p style=\"padding-left: 30px;\">Les cartes de cr\u00e9dit sont soumises \u00e0 des v\u00e9rifications et autorisations de la part de l\u2019entit\u00e9 \u00e9mettrice ; toutefois, si l\u2019entit\u00e9 n\u2019autorise pas le paiement, nous ne saurions \u00eatre tenus responsables d\u2019aucun retard ou d\u00e9faut de livraison, et nous ne pourrons conclure aucun contrat avec vous.<\/p>\n<p style=\"padding-left: 30px;\">RIBERO S.A.T. se r\u00e9serve le droit de modifier les modes de paiement et peut en cr\u00e9er de nouveaux ou supprimer certains des modes existants, sans que l\u2019utilisateur\/client de https:\/\/calribero.com\/ ne puisse formuler de r\u00e9clamation \u00e0 ce sujet. Toutefois, si le changement de mode de paiement affecte une r\u00e9servation d\u00e9j\u00e0 effectu\u00e9e, nous contacterons le client via https:\/\/calribero.com\/ pour l\u2019informer de ce changement, en lui offrant la possibilit\u00e9 d\u2019annuler la r\u00e9servation s\u2019il le juge opportun. <\/p>\n<p>    <strong>3.- Informations et demandes<\/strong><\/p>\n<p style=\"padding-left: 30px;\">Pour toute information concernant les r\u00e9servations en ligne ou les caract\u00e9ristiques des s\u00e9jours et r\u00e9servations que nous proposons, ainsi que pour nous signaler toute incidence ou r\u00e9clamation relative \u00e0 l\u2019achat en ligne, nous mettons \u00e0 votre disposition la page de Contact du portail, ou vous pouvez envoyer un courriel \u00e0 info@calribero.es.<\/p>\n<p>    <strong>4.- Retours<\/strong><\/p>\n<p style=\"padding-left: 30px;\">La r\u00e9servation est remboursable en cas d\u2019annulation 14 jours avant la date d\u2019arriv\u00e9e ; jusqu\u2019\u00e0 7 jours avant l\u2019arriv\u00e9e, il est possible de modifier les dates du s\u00e9jour sous r\u00e9serve de disponibilit\u00e9. Dans les autres cas, la r\u00e9servation ne sera pas remboursable. <\/p>\n<p style=\"padding-left: 30px;\">Pour annuler la r\u00e9servation, il faudra contacter CAL RIBERO par courrier \u00e9lectronique \u00e0 l\u2019adresse info@calribero.es et indiquer dans l\u2019objet du message \u00ab Annulation \u00bb.<\/p>\n<p>    <strong>5.- Responsabilit\u00e9<\/strong><\/p>\n<p style=\"padding-left: 30px;\">RIBERO S.A.T. ne pourra \u00eatre tenue responsable de l\u2019inex\u00e9cution du contrat souscrit en cas de force majeure ou d\u2019interruption de l\u2019activit\u00e9.<\/p>\n<p style=\"padding-left: 30px;\">Les dispositions de la pr\u00e9sente clause n\u2019affecteront pas les droits reconnus par la loi en tant que consommateur, ni le droit de r\u00e9tractation du contrat.<\/p>\n<p style=\"padding-left: 30px;\">En cas de litige, le client pourra s\u2019adresser, en premier lieu, \u00e0 RIBERO S.A.T. afin de parvenir \u00e0 une r\u00e9solution amiable.<\/p>\n<p>    <strong>6.- Loi applicable<\/strong><\/p>\n<p style=\"padding-left: 30px;\">Les pr\u00e9sentes Conditions G\u00e9n\u00e9rales seront r\u00e9gies et interpr\u00e9t\u00e9es conform\u00e9ment \u00e0 la l\u00e9gislation en vigueur. Pour tout litige d\u00e9coulant des relations commerciales entre l\u2019utilisateur et RIBERO S.A.T., les parties conviennent de se soumettre aux dispositions pr\u00e9vues par la l\u00e9gislation applicable en la mati\u00e8re. <\/p>\n<\/div>\n","protected":false},"excerpt":{"rendered":"<p>Les pr\u00e9sentes Conditions G\u00e9n\u00e9rales d\u2019Achat r\u00e9gissent l\u2019utilisation du site web,  [&#8230;]<\/p>\n","protected":false},"author":1,"featured_media":0,"parent":0,"menu_order":0,"comment_status":"closed","ping_status":"closed","template":"","meta":{"footnotes":""},"class_list":["post-2921","page","type-page","status-publish","hentry"],"yoast_head":"<!-- This site is optimized with the Yoast SEO plugin v25.3 - https:\/\/yoast.com\/wordpress\/plugins\/seo\/ -->\n<title>Conditions d\u2019achat - Cal Ribero<\/title>\n<meta name=\"robots\" content=\"index, follow, max-snippet:-1, max-image-preview:large, max-video-preview:-1\" \/>\n<link rel=\"canonical\" href=\"https:\/\/calribero.com\/fr\/conditions-dachat\/\" \/>\n<meta property=\"og:locale\" content=\"fr_FR\" \/>\n<meta property=\"og:type\" content=\"article\" \/>\n<meta property=\"og:title\" content=\"Conditions d\u2019achat - Cal Ribero\" \/>\n<meta property=\"og:description\" content=\"Les pr\u00e9sentes Conditions G\u00e9n\u00e9rales d\u2019Achat r\u00e9gissent l\u2019utilisation du site web, [...]\" \/>\n<meta property=\"og:url\" content=\"https:\/\/calribero.com\/fr\/conditions-dachat\/\" \/>\n<meta property=\"og:site_name\" content=\"Cal Ribero\" \/>\n<meta name=\"twitter:card\" content=\"summary_large_image\" \/>\n<meta name=\"twitter:label1\" content=\"Dur\u00e9e de lecture estim\u00e9e\" \/>\n\t<meta name=\"twitter:data1\" content=\"5 minutes\" \/>\n<script type=\"application\/ld+json\" class=\"yoast-schema-graph\">{\"@context\":\"https:\/\/schema.org\",\"@graph\":[{\"@type\":\"WebPage\",\"@id\":\"https:\/\/calribero.com\/fr\/conditions-dachat\/\",\"url\":\"https:\/\/calribero.com\/fr\/conditions-dachat\/\",\"name\":\"Conditions d\u2019achat - Cal Ribero\",\"isPartOf\":{\"@id\":\"https:\/\/calribero.com\/fr\/#website\"},\"datePublished\":\"2024-11-18T12:37:40+00:00\",\"breadcrumb\":{\"@id\":\"https:\/\/calribero.com\/fr\/conditions-dachat\/#breadcrumb\"},\"inLanguage\":\"fr-FR\",\"potentialAction\":[{\"@type\":\"ReadAction\",\"target\":[\"https:\/\/calribero.com\/fr\/conditions-dachat\/\"]}]},{\"@type\":\"BreadcrumbList\",\"@id\":\"https:\/\/calribero.com\/fr\/conditions-dachat\/#breadcrumb\",\"itemListElement\":[{\"@type\":\"ListItem\",\"position\":1,\"name\":\"Inici\",\"item\":\"https:\/\/calribero.com\/fr\/cal-ribero-hebergements-ruraux\/\"},{\"@type\":\"ListItem\",\"position\":2,\"name\":\"Conditions d\u2019achat\"}]},{\"@type\":\"WebSite\",\"@id\":\"https:\/\/calribero.com\/fr\/#website\",\"url\":\"https:\/\/calribero.com\/fr\/\",\"name\":\"Cal Ribero\",\"description\":\"Moments \u00fanics en un entorn incomparable.\",\"potentialAction\":[{\"@type\":\"SearchAction\",\"target\":{\"@type\":\"EntryPoint\",\"urlTemplate\":\"https:\/\/calribero.com\/fr\/?s={search_term_string}\"},\"query-input\":{\"@type\":\"PropertyValueSpecification\",\"valueRequired\":true,\"valueName\":\"search_term_string\"}}],\"inLanguage\":\"fr-FR\"}]}<\/script>\n<!-- \/ Yoast SEO plugin. -->","yoast_head_json":{"title":"Conditions d\u2019achat - Cal Ribero","robots":{"index":"index","follow":"follow","max-snippet":"max-snippet:-1","max-image-preview":"max-image-preview:large","max-video-preview":"max-video-preview:-1"},"canonical":"https:\/\/calribero.com\/fr\/conditions-dachat\/","og_locale":"fr_FR","og_type":"article","og_title":"Conditions d\u2019achat - Cal Ribero","og_description":"Les pr\u00e9sentes Conditions G\u00e9n\u00e9rales d\u2019Achat r\u00e9gissent l\u2019utilisation du site web, [...]","og_url":"https:\/\/calribero.com\/fr\/conditions-dachat\/","og_site_name":"Cal Ribero","twitter_card":"summary_large_image","twitter_misc":{"Dur\u00e9e de lecture estim\u00e9e":"5 minutes"},"schema":{"@context":"https:\/\/schema.org","@graph":[{"@type":"WebPage","@id":"https:\/\/calribero.com\/fr\/conditions-dachat\/","url":"https:\/\/calribero.com\/fr\/conditions-dachat\/","name":"Conditions d\u2019achat - Cal Ribero","isPartOf":{"@id":"https:\/\/calribero.com\/fr\/#website"},"datePublished":"2024-11-18T12:37:40+00:00","breadcrumb":{"@id":"https:\/\/calribero.com\/fr\/conditions-dachat\/#breadcrumb"},"inLanguage":"fr-FR","potentialAction":[{"@type":"ReadAction","target":["https:\/\/calribero.com\/fr\/conditions-dachat\/"]}]},{"@type":"BreadcrumbList","@id":"https:\/\/calribero.com\/fr\/conditions-dachat\/#breadcrumb","itemListElement":[{"@type":"ListItem","position":1,"name":"Inici","item":"https:\/\/calribero.com\/fr\/cal-ribero-hebergements-ruraux\/"},{"@type":"ListItem","position":2,"name":"Conditions d\u2019achat"}]},{"@type":"WebSite","@id":"https:\/\/calribero.com\/fr\/#website","url":"https:\/\/calribero.com\/fr\/","name":"Cal Ribero","description":"Moments \u00fanics en un entorn incomparable.","potentialAction":[{"@type":"SearchAction","target":{"@type":"EntryPoint","urlTemplate":"https:\/\/calribero.com\/fr\/?s={search_term_string}"},"query-input":{"@type":"PropertyValueSpecification","valueRequired":true,"valueName":"search_term_string"}}],"inLanguage":"fr-FR"}]}},"_links":{"self":[{"href":"https:\/\/calribero.com\/fr\/wp-json\/wp\/v2\/pages\/2921"}],"collection":[{"href":"https:\/\/calribero.com\/fr\/wp-json\/wp\/v2\/pages"}],"about":[{"href":"https:\/\/calribero.com\/fr\/wp-json\/wp\/v2\/types\/page"}],"author":[{"embeddable":true,"href":"https:\/\/calribero.com\/fr\/wp-json\/wp\/v2\/users\/1"}],"replies":[{"embeddable":true,"href":"https:\/\/calribero.com\/fr\/wp-json\/wp\/v2\/comments?post=2921"}],"version-history":[{"count":0,"href":"https:\/\/calribero.com\/fr\/wp-json\/wp\/v2\/pages\/2921\/revisions"}],"wp:attachment":[{"href":"https:\/\/calribero.com\/fr\/wp-json\/wp\/v2\/media?parent=2921"}],"curies":[{"name":"wp","href":"https:\/\/api.w.org\/{rel}","templated":true}]}}