{"id":2920,"date":"2025-06-16T15:25:18","date_gmt":"2025-06-16T13:25:18","guid":{"rendered":"https:\/\/calribero.com\/mentions-legales\/"},"modified":"2025-07-01T15:46:29","modified_gmt":"2025-07-01T13:46:29","slug":"mentions-legales","status":"publish","type":"page","link":"https:\/\/calribero.com\/fr\/mentions-legales\/","title":{"rendered":"Mentions l\u00e9gales"},"content":{"rendered":"<div>\n<div>\n<h2 style=\"text-align: center;\">AVIS L\u00c9GAL ET CONDITIONS D\u2019UTILISATION DU PORTAIL<\/h2>\n<\/div>\n<div>\n<p><strong>Afin de se conformer \u00e0 l\u2019article 10 de la Loi 34\/2002 sur les Services de la Soci\u00e9t\u00e9 de l\u2019Information et du Commerce \u00c9lectronique, nous informons les utilisateurs de nos donn\u00e9es :<\/strong><\/p>\n<p>D\u00e9nomination sociale : <b>Ribero Balaguer SL<\/b><\/p>\n<p>Adresse :<b> c\/ Estaci\u00f3 3 &#8211; 25614 GERB<\/b><\/p>\n<p>CIF: <b>B25608860<\/b><\/p>\n<p>T\u00e9l\u00e9phone:<b>625 406 406<\/b><\/p>\n<p>E-Mail: <b>info@calribero.es<\/b><\/p>\n<p>Site web:<b>calribero.es<\/b><\/p>\n<\/div>\n<div>\n<h3><b>1.- OBJET<\/b><\/h3>\n<p><b>Ribero Balaguer SL<\/b> (ci-apr\u00e8s \u00e9galement le prestataire), en tant que responsable du site web, met \u00e0 la disposition des utilisateurs le pr\u00e9sent document, qui r\u00e9git l\u2019utilisation du site web <b>calribero.es<\/b>, dans le but de se conformer aux obligations pr\u00e9vues par la Loi 34\/2002 sur les Services de la Soci\u00e9t\u00e9 de l\u2019Information et du Commerce \u00c9lectronique (LSSICE ou LSSI), ainsi que d\u2019informer tous les utilisateurs du site web des conditions d\u2019utilisation de celui-ci.<\/p>\n<p>\u00c0 travers le site web, <b>Ribero Balaguer SL<\/b> permet aux utilisateurs d\u2019acc\u00e9der et d\u2019utiliser diff\u00e9rents services et contenus mis \u00e0 disposition via le site.<\/p>\n<p>Toute personne acc\u00e9dant \u00e0 ce site web assume le r\u00f4le d\u2019utilisateur (ci-apr\u00e8s l\u2019utilisateur), ce qui implique l\u2019acceptation pleine et sans r\u00e9serve de chacune des dispositions incluses dans le pr\u00e9sent avis l\u00e9gal, ainsi que de toute autre disposition l\u00e9gale applicable.<\/p>\n<p>En tant qu\u2019utilisateurs, vous devez lire attentivement le pr\u00e9sent Avis L\u00e9gal \u00e0 chacune de vos visites sur le site, car celui-ci peut \u00eatre modifi\u00e9. En effet, le prestataire se r\u00e9serve le droit de modifier tout type d\u2019information pouvant appara\u00eetre sur le site, sans obligation de pr\u00e9avis ou d\u2019en informer les utilisateurs, la publication sur le site du prestataire \u00e9tant suffisante.<\/p>\n<\/div>\n<div>\n<h3><b>CONDITIONS D\u2019ACC\u00c8S ET D\u2019UTILISATION DU SITE WEB<\/b><\/h3>\n<h4><b>2.1. Caract\u00e8re gratuit de l\u2019acc\u00e8s et de l\u2019utilisation du site web.<\/b><\/h4>\n<p>La prestaci\u00f3 dels serveis per part de <b>Ribero Balaguer SL<\/b> t\u00e9 car\u00e0cter gratu\u00eft per a tots els Usuaris. No obstant, alguns dels serveis subministrats pel prestador o per tercers a trav\u00e9s de la Web estan subjectes al pagament d\u2019 un preu determinat a les condiciones generals de contractaci\u00f3. <\/p>\n<h4><b>2.2. Enregistrement d\u2019utilisateur. <\/b><\/h4>\n<p>De mani\u00e8re g\u00e9n\u00e9rale, la prestation des Services n\u2019exige pas la souscription ou l\u2019enregistrement pr\u00e9alable des Utilisateurs. Toutefois, <b><u><b>Ribero Balaguer SL<\/b>.<\/u><\/b> celle conditionne l\u2019utilisation de certains services \u00e0 la compl\u00e9tion pr\u00e9alable du registre d\u2019Utilisateur correspondant. Cet enregistrement s\u2019effectuera de la mani\u00e8re express\u00e9ment indiqu\u00e9e dans la section propre au service.  <\/p>\n<h4><b>2.3. V\u00e9racit\u00e9 de l\u2019information.<\/b><\/h4>\n<p>Toutes les informations fournies par l\u2019Utilisateur doivent \u00eatre v\u00e9ridiques. \u00c0 cet effet, l\u2019Utilisateur garantit l\u2019authenticit\u00e9 des donn\u00e9es communiqu\u00e9es via les formulaires pour la souscription des Services. Il incombera \u00e0 l\u2019Utilisateur de maintenir \u00e0 jour en permanence toutes les informations fournies \u00e0 <b>Ribero Balaguer SL<\/b> afin qu\u2019elles correspondent \u00e0 tout moment \u00e0 sa situation r\u00e9elle. En tout \u00e9tat de cause, l\u2019Utilisateur sera seul responsable des d\u00e9clarations fausses ou inexactes qu\u2019il pourrait faire et des pr\u00e9judices qu\u2019il causerait au prestataire ou \u00e0 des tiers.   <\/p>\n<h4><b>2.4. Mineurs d\u2019\u00e2ge.<\/b><\/h4>\n<p>Pour utiliser les services, les mineurs doivent toujours obtenir au pr\u00e9alable le consentement de leurs parents, tuteurs ou repr\u00e9sentants l\u00e9gaux, qui sont les responsables ultimes de tous les actes r\u00e9alis\u00e9s par les mineurs sous leur responsabilit\u00e9. La responsabilit\u00e9 de d\u00e9terminer les contenus sp\u00e9cifiques auxquels acc\u00e8dent les mineurs incombe \u00e0 ces derniers ; c\u2019est pourquoi, s\u2019ils acc\u00e8dent \u00e0 des contenus inappropri\u00e9s sur Internet, des m\u00e9canismes doivent \u00eatre mis en place sur leurs ordinateurs, en particulier des logiciels, filtres et blocages, permettant de limiter les contenus disponibles et, bien qu\u2019ils ne soient pas infaillibles, ils sont particuli\u00e8rement utiles pour contr\u00f4ler et restreindre les mat\u00e9riaux auxquels les mineurs peuvent acc\u00e9der. <\/p>\n<h4><b>2.5. Obligation de faire un usage correct du site web.<\/b><\/h4>\n<p>L\u2019Utilisateur s\u2019engage \u00e0 utiliser le site web conform\u00e9ment \u00e0 la loi et au pr\u00e9sent Avis L\u00e9gal, ainsi qu\u2019\u00e0 la morale et aux bonnes m\u0153urs. \u00c0 cet effet, l\u2019Utilisateur s\u2019abstiendra d\u2019utiliser la page \u00e0 des fins illicites ou interdites, portant atteinte aux droits et int\u00e9r\u00eats de tiers, ou qui, de quelque mani\u00e8re que ce soit, pourraient endommager, rendre inutilisable, surcharger, d\u00e9t\u00e9riorer ou emp\u00eacher la normale utilisation des \u00e9quipements informatiques ou des documents, fichiers et de tout type de contenus stock\u00e9s sur tout \u00e9quipement informatique du prestataire. <\/p>\n<p>En particulier, et \u00e0 titre indicatif mais non exhaustif, l\u2019Utilisateur s\u2019engage \u00e0 ne pas transmettre, diffuser ou mettre \u00e0 disposition de tiers des informations, donn\u00e9es, contenus, messages, graphiques, dessins, fichiers audio ou image, photographies, enregistrements, logiciels et, en g\u00e9n\u00e9ral, tout type de mat\u00e9riel qui :<\/p>\n<p>(a) soit contraire, m\u00e9prise ou porte atteinte aux droits fondamentaux et aux libert\u00e9s publiques reconnus constitutionnellement, dans les trait\u00e9s internationaux et autres normes en vigueur ;<\/p>\n<p>(b) induise, incite ou promeuve des actions d\u00e9lictueuses, d\u00e9nigrantes, diffamatoires, violentes ou, en g\u00e9n\u00e9ral, contraires \u00e0 la loi, \u00e0 la morale et \u00e0 l\u2019ordre public ;<\/p>\n<p>(c) induise, incite ou promeuve des actions, attitudes ou pens\u00e9es discriminatoires en raison du sexe, de la race, de la religion, des convictions, de l\u2019\u00e2ge ou de la condition ;<\/p>\n<p>(d) soit contraire au droit \u00e0 l\u2019honneur, \u00e0 l\u2019intimit\u00e9 personnelle ou familiale ou au droit \u00e0 l\u2019image des personnes ;<\/p>\n<p>(e) porte de quelque mani\u00e8re atteinte \u00e0 la cr\u00e9dibilit\u00e9 du prestataire ou de tiers ; et<\/p>\n<p>(f) constitue une publicit\u00e9 illicite, mensong\u00e8re ou d\u00e9loyale.<\/p>\n<\/div>\n<div>\n<h3><b>3.- EXCLUSION DE GARANTIES ET DE RESPONSABILIT\u00c9<\/b><\/h3>\n<p>Le prestataire se d\u00e9gage de toute responsabilit\u00e9 quant aux informations publi\u00e9es sur notre site web, d\u00e8s lors que ces informations ont \u00e9t\u00e9 manipul\u00e9es ou introduites par un tiers ext\u00e9rieur.<\/p>\n<p>Ce site web a \u00e9t\u00e9 r\u00e9vis\u00e9 et test\u00e9 afin de garantir son bon fonctionnement. En principe, le bon fonctionnement peut \u00eatre garanti 365 jours par an, 24 heures sur 24. Toutefois, le prestataire n\u2019exclut pas la possibilit\u00e9 qu\u2019il existe certaines erreurs de programmation, ou que surviennent des cas de force majeure, des catastrophes naturelles, des gr\u00e8ves ou d\u2019autres circonstances similaires rendant impossible l\u2019acc\u00e8s au site web.  <\/p>\n<p><b>Ribero Balaguer SL<\/b> n\u2019accorde aucune garantie et ne saurait \u00eatre tenue responsable, en aucun cas, des dommages et pr\u00e9judices de toute nature pouvant r\u00e9sulter du manque de disponibilit\u00e9, de maintenance et de bon fonctionnement du site web ou de ses services et contenus ; de l\u2019existence de virus, de programmes malveillants ou nuisibles dans les contenus ; de l\u2019utilisation illicite, n\u00e9gligente, frauduleuse ou contraire au pr\u00e9sent Avis L\u00e9gal et aux conditions d\u2019utilisation ; ou du manque de l\u00e9galit\u00e9, de qualit\u00e9, de fiabilit\u00e9, d\u2019utilit\u00e9 et de disponibilit\u00e9 des services fournis par des tiers et mis \u00e0 la disposition des utilisateurs sur le site web.<\/p>\n<p>Le prestataire ne saurait \u00eatre tenu responsable, en aucun cas, des dommages pouvant d\u00e9couler de l\u2019utilisation ill\u00e9gale ou abusive du pr\u00e9sent site web.<\/p>\n<h3><b>4.- COOKIES<\/b><\/h3>\n<p>Le site web du prestataire peut utiliser des cookies (petits fichiers d\u2019information que le serveur envoie \u00e0 l\u2019ordinateur de la personne acc\u00e9dant \u00e0 la page) afin d\u2019ex\u00e9cuter certaines fonctions consid\u00e9r\u00e9es comme indispensables au bon fonctionnement et \u00e0 l\u2019affichage du site. Les cookies utilis\u00e9es sont, en tout cas, de nature temporaire, ayant pour seule finalit\u00e9 de rendre la navigation plus efficace, et disparaissent \u00e0 la fin de la session de l\u2019utilisateur <\/p>\n<p>En aucun cas, les cookies ne seront utilis\u00e9es pour collecter des informations \u00e0 caract\u00e8re personnel.<\/p>\n<p>Pour plus d\u2019informations, veuillez consulter notre <a href=\"calribero.es\/politique-de-Cookies\">Politique de Cookies<\/a>.<\/p>\n<\/div>\n<div>\n<h3><b>5.- LIENS (LINKS)<\/b><\/h3>\n<p>Depuis le site web, il est possible d\u2019\u00eatre redirig\u00e9 vers des contenus de sites tiers. \u00c9tant donn\u00e9 qu\u2019il n\u2019est pas toujours possible de contr\u00f4ler les contenus introduits par des tiers sur le site, <b>Ribero Balaguer SL<\/b> n\u2019assume aucune responsabilit\u00e9 quant \u00e0 ces contenus. En tout cas, le prestataire d\u00e9clare qu\u2019il proc\u00e9dera au retrait imm\u00e9diat de tout contenu pouvant contrevenir \u00e0 la l\u00e9gislation nationale ou internationale, \u00e0 la morale ou \u00e0 l\u2019ordre public, en supprimant imm\u00e9diatement la redirection vers ces sites et en informant les autorit\u00e9s comp\u00e9tentes du contenu en question.  <\/p>\n<p>Le prestataire ne saurait \u00eatre tenu responsable des informations et contenus stock\u00e9s, \u00e0 titre \u00e9nonciatif mais non limitatif, dans des forums, chats, g\u00e9n\u00e9rateurs de blogs, commentaires, r\u00e9seaux sociaux ou tout autre moyen permettant \u00e0 des tiers de publier des contenus de mani\u00e8re ind\u00e9pendante sur le site web du prestataire. Toutefois, et conform\u00e9ment aux dispositions des articles 11 et 16 de la LSSICE, le prestataire se tient \u00e0 la disposition de tous les utilisateurs, autorit\u00e9s et forces de s\u00e9curit\u00e9, et collabore activement au retrait ou, le cas \u00e9ch\u00e9ant, au blocage de tous les contenus pouvant porter atteinte ou contrevenir \u00e0 la l\u00e9gislation nationale ou internationale, aux droits de tiers, ou \u00e0 la morale et \u00e0 l\u2019ordre public. Dans le cas o\u00f9 l\u2019utilisateur estimerait qu\u2019il existe un contenu susceptible d\u2019\u00eatre class\u00e9 ainsi, il est pri\u00e9 d\u2019en informer imm\u00e9diatement l\u2019administrateur du site web.  <\/p>\n<h3><b>6.- PROTECTION DES DONN\u00c9ES PERSONNELLES <\/b><\/h3>\n<p>Le prestataire est profond\u00e9ment engag\u00e9 \u00e0 respecter la r\u00e9glementation sur la protection des donn\u00e9es personnelles et garantit le respect int\u00e9gral des obligations pr\u00e9vues, ainsi que la mise en \u0153uvre des mesures de s\u00e9curit\u00e9 \u00e9tablies par le R\u00e8glement Europ\u00e9en sur la Protection des Donn\u00e9es et la l\u00e9gislation espagnole sur la protection des donn\u00e9es.<\/p>\n<p>Pour plus d\u2019informations, veuillez consulter notre <a href=\"calribero.es\/politique-de-confidentialit\u00e9\">Politique de Confidentialit\u00e9<\/a>.<\/p>\n<\/div>\n<div>\n<h3><b>R\u00c9SEAUX SOCIAUX<\/b><\/h3>\n<p>Nous vous informons que <b>Ribero Balaguer SL<\/b> peut \u00eatre pr\u00e9sente sur les r\u00e9seaux sociaux. Le traitement des donn\u00e9es que les utilisateurs y incluent [en devenant abonn\u00e9s du prestataire sur les r\u00e9seaux sociaux (et\/ou en r\u00e9alisant tout lien ou action de connexion \u00e0 travers ceux-ci)] sera r\u00e9gi par la pr\u00e9sente section, ainsi que par les conditions d\u2019utilisation, politiques de confidentialit\u00e9 et r\u00e8gles d\u2019acc\u00e8s et d\u2019utilisation des r\u00e9seaux sociaux en question, accept\u00e9es pr\u00e9alablement par l\u2019utilisateur. <b>Ribero Balaguer SL<\/b> traitera vos donn\u00e9es dans le but de vous informer des activit\u00e9s, produits ou services du prestataire via ces r\u00e9seaux sociaux, ainsi que pour toute autre finalit\u00e9 permise par les r\u00e8gles des R\u00e9seaux Sociaux, mais ne saurait \u00eatre tenue responsable de leurs politiques de confidentialit\u00e9.  <\/p>\n<p>Queda prohibida la publication de contenus :<\/p>\n<ul>\n<li>Qui sont pr\u00e9sum\u00e9s illicites selon la r\u00e9glementation nationale, communautaire ou internationale ou qui r\u00e9alisent des activit\u00e9s pr\u00e9sum\u00e9es illicites ou contreviennent aux principes de la bonne foi.<\/li>\n<li>Qui portent atteinte aux droits fondamentaux des personnes, manquent de courtoisie sur le r\u00e9seau, d\u00e9rangent ou peuvent g\u00e9n\u00e9rer des opinions n\u00e9gatives aupr\u00e8s de nos utilisateurs ou de tiers, et en g\u00e9n\u00e9ral, tout contenu que <b>Ribero Balaguer SL<\/b> consid\u00e8re comme inappropri\u00e9.<\/li>\n<li>Et en g\u00e9n\u00e9ral, qui contreviennent aux principes de l\u00e9galit\u00e9, d&rsquo;honorabilit\u00e9, de responsabilit\u00e9, de protection de la dignit\u00e9 humaine, de protection des mineurs, de protection de l&rsquo;ordre public, de protection de la vie priv\u00e9e, de protection du consommateur et des droits de propri\u00e9t\u00e9 intellectuelle et industrielle.<\/li>\n<\/ul>\n<p>Toutefois, <b>Ribero Balaguer SL<\/b> se r\u00e9serve le droit de retirer, sans pr\u00e9avis, de la page web ou du r\u00e9seau social d\u2019entreprise tout contenu jug\u00e9 inappropri\u00e9.<\/p>\n<div><\/div>\n<h3><b>8.- PROPRI\u00c9T\u00c9 INTELLECTUELLE ET INDUSTRIELLE<\/b><\/h3>\n<p>Le site web, y compris \u00e0 titre \u00e9nonciatif mais non limitatif la programmation, l\u2019\u00e9dition, la compilation et les autres \u00e9l\u00e9ments n\u00e9cessaires \u00e0 son fonctionnement, les designs, logos, textes, photographies et\/ou graphiques, sont la propri\u00e9t\u00e9 du prestataire ou, le cas \u00e9ch\u00e9ant, celui-ci dispose de la licence ou de l\u2019autorisation expresse des auteurs. Tous les contenus du site web sont d\u00fbment prot\u00e9g\u00e9s par la l\u00e9gislation sur la propri\u00e9t\u00e9 intellectuelle et industrielle. <\/p>\n<p>Ind\u00e9pendamment de la finalit\u00e9 \u00e0 laquelle ils sont destin\u00e9s, la reproduction totale ou partielle, l\u2019utilisation, la distribution et la communication publique requi\u00e8rent l\u2019autorisation \u00e9crite pr\u00e9alable du prestataire. Toute utilisation non express\u00e9ment autoris\u00e9e au pr\u00e9alable par le prestataire sera consid\u00e9r\u00e9e comme une violation grave des droits de propri\u00e9t\u00e9 intellectuelle ou industrielle de l\u2019auteur. <\/p>\n<p>Les designs, logos, textes et\/ou graphiques n\u2019appartenant pas au prestataire et pouvant appara\u00eetre sur le site web appartiennent \u00e0 leurs propri\u00e9taires respectifs, ces derniers \u00e9tant eux-m\u00eames responsables de toute \u00e9ventuelle controverse pouvant survenir \u00e0 leur sujet. En tout \u00e9tat de cause, le prestataire dispose de l\u2019autorisation expresse et pr\u00e9alable de ces propri\u00e9taires. <\/p>\n<p>Le prestataire reconna\u00eet en faveur de leurs titulaires les droits de propri\u00e9t\u00e9 industrielle et intellectuelle correspondants, la mention ou l\u2019apparition de ceux-ci sur le site web n\u2019impliquant ni l\u2019existence de droits ni aucune responsabilit\u00e9 du prestataire \u00e0 leur \u00e9gard, pas plus qu\u2019un appui, un parrainage ou une recommandation de la part de ce dernier.<\/p>\n<p>Pour formuler toute observation concernant d\u2019\u00e9ventuelles violations des droits de propri\u00e9t\u00e9 intellectuelle ou industrielle, ainsi que sur l\u2019un des contenus du site web, vous pouvez le faire via l\u2019adresse e-mail indiqu\u00e9e ci-dessus.<\/p>\n<\/div>\n<div>\n<h3><b>9.- LOI APPLICABLE ET JURIDICTION<\/b><\/h3>\n<p>Pour la r\u00e9solution des litiges ou questions li\u00e9s \u00e0 la pr\u00e9sente page web ou aux activit\u00e9s qui y sont d\u00e9velopp\u00e9es, la l\u00e9gislation espagnole sera applicable, \u00e0 laquelle les parties se soumettent express\u00e9ment, les Tribunaux et Cours de Lleida \u00e9tant comp\u00e9tents pour la r\u00e9solution de tous les conflits d\u00e9coulant de ou li\u00e9s \u00e0 son utilisation.<\/p>\n<\/div>\n<\/div>\n","protected":false},"excerpt":{"rendered":"<p>AVIS L\u00c9GAL ET CONDITIONS D\u2019UTILISATION DU PORTAIL Afin de se  [&#8230;]<\/p>\n","protected":false},"author":1,"featured_media":0,"parent":0,"menu_order":0,"comment_status":"closed","ping_status":"closed","template":"","meta":{"footnotes":""},"class_list":["post-2920","page","type-page","status-publish","hentry"],"yoast_head":"<!-- This site is optimized with the Yoast SEO plugin v25.3 - https:\/\/yoast.com\/wordpress\/plugins\/seo\/ -->\n<title>Mentions l\u00e9gales - Cal Ribero<\/title>\n<meta name=\"robots\" content=\"index, follow, max-snippet:-1, max-image-preview:large, max-video-preview:-1\" \/>\n<link rel=\"canonical\" href=\"https:\/\/calribero.com\/fr\/mentions-legales\/\" \/>\n<meta property=\"og:locale\" content=\"fr_FR\" \/>\n<meta property=\"og:type\" content=\"article\" \/>\n<meta property=\"og:title\" content=\"Mentions l\u00e9gales - Cal Ribero\" \/>\n<meta property=\"og:description\" content=\"AVIS L\u00c9GAL ET CONDITIONS D\u2019UTILISATION DU PORTAIL Afin de se [...]\" \/>\n<meta property=\"og:url\" content=\"https:\/\/calribero.com\/fr\/mentions-legales\/\" \/>\n<meta property=\"og:site_name\" content=\"Cal Ribero\" \/>\n<meta property=\"article:modified_time\" content=\"2025-07-01T13:46:29+00:00\" \/>\n<meta name=\"twitter:card\" content=\"summary_large_image\" \/>\n<meta name=\"twitter:label1\" content=\"Dur\u00e9e de lecture estim\u00e9e\" \/>\n\t<meta name=\"twitter:data1\" content=\"11 minutes\" \/>\n<script type=\"application\/ld+json\" class=\"yoast-schema-graph\">{\"@context\":\"https:\/\/schema.org\",\"@graph\":[{\"@type\":\"WebPage\",\"@id\":\"https:\/\/calribero.com\/fr\/mentions-legales\/\",\"url\":\"https:\/\/calribero.com\/fr\/mentions-legales\/\",\"name\":\"Mentions l\u00e9gales - Cal Ribero\",\"isPartOf\":{\"@id\":\"https:\/\/calribero.com\/fr\/#website\"},\"datePublished\":\"2025-06-16T13:25:18+00:00\",\"dateModified\":\"2025-07-01T13:46:29+00:00\",\"breadcrumb\":{\"@id\":\"https:\/\/calribero.com\/fr\/mentions-legales\/#breadcrumb\"},\"inLanguage\":\"fr-FR\",\"potentialAction\":[{\"@type\":\"ReadAction\",\"target\":[\"https:\/\/calribero.com\/fr\/mentions-legales\/\"]}]},{\"@type\":\"BreadcrumbList\",\"@id\":\"https:\/\/calribero.com\/fr\/mentions-legales\/#breadcrumb\",\"itemListElement\":[{\"@type\":\"ListItem\",\"position\":1,\"name\":\"Inici\",\"item\":\"https:\/\/calribero.com\/fr\/cal-ribero-hebergements-ruraux\/\"},{\"@type\":\"ListItem\",\"position\":2,\"name\":\"Mentions l\u00e9gales\"}]},{\"@type\":\"WebSite\",\"@id\":\"https:\/\/calribero.com\/fr\/#website\",\"url\":\"https:\/\/calribero.com\/fr\/\",\"name\":\"Cal Ribero\",\"description\":\"Moments \u00fanics en un entorn incomparable.\",\"potentialAction\":[{\"@type\":\"SearchAction\",\"target\":{\"@type\":\"EntryPoint\",\"urlTemplate\":\"https:\/\/calribero.com\/fr\/?s={search_term_string}\"},\"query-input\":{\"@type\":\"PropertyValueSpecification\",\"valueRequired\":true,\"valueName\":\"search_term_string\"}}],\"inLanguage\":\"fr-FR\"}]}<\/script>\n<!-- \/ Yoast SEO plugin. -->","yoast_head_json":{"title":"Mentions l\u00e9gales - Cal Ribero","robots":{"index":"index","follow":"follow","max-snippet":"max-snippet:-1","max-image-preview":"max-image-preview:large","max-video-preview":"max-video-preview:-1"},"canonical":"https:\/\/calribero.com\/fr\/mentions-legales\/","og_locale":"fr_FR","og_type":"article","og_title":"Mentions l\u00e9gales - Cal Ribero","og_description":"AVIS L\u00c9GAL ET CONDITIONS D\u2019UTILISATION DU PORTAIL Afin de se [...]","og_url":"https:\/\/calribero.com\/fr\/mentions-legales\/","og_site_name":"Cal Ribero","article_modified_time":"2025-07-01T13:46:29+00:00","twitter_card":"summary_large_image","twitter_misc":{"Dur\u00e9e de lecture estim\u00e9e":"11 minutes"},"schema":{"@context":"https:\/\/schema.org","@graph":[{"@type":"WebPage","@id":"https:\/\/calribero.com\/fr\/mentions-legales\/","url":"https:\/\/calribero.com\/fr\/mentions-legales\/","name":"Mentions l\u00e9gales - Cal Ribero","isPartOf":{"@id":"https:\/\/calribero.com\/fr\/#website"},"datePublished":"2025-06-16T13:25:18+00:00","dateModified":"2025-07-01T13:46:29+00:00","breadcrumb":{"@id":"https:\/\/calribero.com\/fr\/mentions-legales\/#breadcrumb"},"inLanguage":"fr-FR","potentialAction":[{"@type":"ReadAction","target":["https:\/\/calribero.com\/fr\/mentions-legales\/"]}]},{"@type":"BreadcrumbList","@id":"https:\/\/calribero.com\/fr\/mentions-legales\/#breadcrumb","itemListElement":[{"@type":"ListItem","position":1,"name":"Inici","item":"https:\/\/calribero.com\/fr\/cal-ribero-hebergements-ruraux\/"},{"@type":"ListItem","position":2,"name":"Mentions l\u00e9gales"}]},{"@type":"WebSite","@id":"https:\/\/calribero.com\/fr\/#website","url":"https:\/\/calribero.com\/fr\/","name":"Cal Ribero","description":"Moments \u00fanics en un entorn incomparable.","potentialAction":[{"@type":"SearchAction","target":{"@type":"EntryPoint","urlTemplate":"https:\/\/calribero.com\/fr\/?s={search_term_string}"},"query-input":{"@type":"PropertyValueSpecification","valueRequired":true,"valueName":"search_term_string"}}],"inLanguage":"fr-FR"}]}},"_links":{"self":[{"href":"https:\/\/calribero.com\/fr\/wp-json\/wp\/v2\/pages\/2920"}],"collection":[{"href":"https:\/\/calribero.com\/fr\/wp-json\/wp\/v2\/pages"}],"about":[{"href":"https:\/\/calribero.com\/fr\/wp-json\/wp\/v2\/types\/page"}],"author":[{"embeddable":true,"href":"https:\/\/calribero.com\/fr\/wp-json\/wp\/v2\/users\/1"}],"replies":[{"embeddable":true,"href":"https:\/\/calribero.com\/fr\/wp-json\/wp\/v2\/comments?post=2920"}],"version-history":[{"count":1,"href":"https:\/\/calribero.com\/fr\/wp-json\/wp\/v2\/pages\/2920\/revisions"}],"predecessor-version":[{"id":2968,"href":"https:\/\/calribero.com\/fr\/wp-json\/wp\/v2\/pages\/2920\/revisions\/2968"}],"wp:attachment":[{"href":"https:\/\/calribero.com\/fr\/wp-json\/wp\/v2\/media?parent=2920"}],"curies":[{"name":"wp","href":"https:\/\/api.w.org\/{rel}","templated":true}]}}