{"id":2917,"date":"2025-06-16T15:29:24","date_gmt":"2025-06-16T13:29:24","guid":{"rendered":"https:\/\/calribero.com\/politique-de-cookies\/"},"modified":"2025-07-01T15:47:27","modified_gmt":"2025-07-01T13:47:27","slug":"politique-de-cookies","status":"publish","type":"page","link":"https:\/\/calribero.com\/fr\/politique-de-cookies\/","title":{"rendered":"Politique de cookies"},"content":{"rendered":"<div style=\"text-align: justify;\">\n<h2 style=\"text-align: center;\"><strong>POLITIQUE DE COOKIES<\/strong><\/h2>\n<p>Ce site web utilise des cookies pour am\u00e9liorer l\u2019exp\u00e9rience utilisateur. Vous trouverez ci-dessous des informations sur ce que sont les cookies, les types de cookies utilis\u00e9s par ce site, comment d\u00e9sactiver les cookies dans votre navigateur et comment d\u00e9sactiver sp\u00e9cifiquement l\u2019installation de cookies tiers. Si vous ne trouvez pas l\u2019information sp\u00e9cifique que vous recherchez, veuillez envoyer un courriel \u00e0 <b>info@calribero.es<\/b>.  <\/p>\n<h3><strong>Qu\u2019est-ce que les cookies\u202f?<\/strong><\/h3>\n<p>Les cookies sont utiles pour plusieurs raisons. D\u2019un point de vue technique, elles permettent aux sites web de fonctionner de mani\u00e8re plus fluide et adapt\u00e9e \u00e0 vos pr\u00e9f\u00e9rences, par exemple en m\u00e9morisant votre langue ou la devise de votre pays. De plus, elles aident les responsables des sites \u00e0 am\u00e9liorer les services qu\u2019ils offrent gr\u00e2ce aux informations statistiques qu\u2019elles recueillent, et servent \u00e0 rendre la publicit\u00e9 que nous pouvons vous montrer plus efficace.  <\/p>\n<h3><strong>Quelle utilisation faisons-nous des diff\u00e9rents types de cookies\u202f?<\/strong><\/h3>\n<p><strong>Cookies de session<\/strong> : Les cookies de session sont celles qui durent le temps que l\u2019utilisateur navigue sur le site web et sont supprim\u00e9es \u00e0 la fin de la session.<\/p>\n<p><strong>Cookies persistantes :<\/strong> Ces cookies restent stock\u00e9s sur le terminal de l\u2019utilisateur pendant une p\u00e9riode plus longue, facilitant ainsi le contr\u00f4le des pr\u00e9f\u00e9rences choisies sans avoir \u00e0 r\u00e9p\u00e9ter certains param\u00e8tres \u00e0 chaque visite du site web.<\/p>\n<p><strong>Cookies propres<\/strong> : Ce sont des cookies cr\u00e9\u00e9s par le site web et qui ne peuvent \u00eatre lus que par la page elle-m\u00eame. Par exemple : cookies techniques pour le chargement des images, cookies de personnalisation des param\u00e8tres du site, cookies d\u2019analyse du trafic, etc. <\/p>\n<p><strong>Cookies de tiers :<\/strong> Ce sont des cookies cr\u00e9\u00e9s par des tiers et que nous utilisons pour diff\u00e9rents services (par exemple, l\u2019analyse du site web ou la publicit\u00e9).<\/p>\n<p>Selon leur finalit\u00e9 :<\/p>\n<p><strong>Cookies techniques :<\/strong> Les cookies techniques sont indispensables et strictement n\u00e9cessaires au bon fonctionnement d\u2019un site web et \u00e0 l\u2019utilisation des diff\u00e9rentes options et services qu\u2019il offre. Par exemple, celles qui servent \u00e0 maintenir la session, \u00e0 g\u00e9rer le temps de r\u00e9ponse, la performance ou la validation d\u2019options, \u00e0 utiliser des \u00e9l\u00e9ments de s\u00e9curit\u00e9, \u00e0 partager du contenu sur les r\u00e9seaux sociaux, etc. <\/p>\n<p><strong>Cookies de personnalisation : <\/strong>Ces cookies permettent \u00e0 l\u2019utilisateur de sp\u00e9cifier ou de personnaliser certaines caract\u00e9ristiques des options g\u00e9n\u00e9rales du site web, par exemple d\u00e9finir la langue, la configuration r\u00e9gionale ou le type de navigateur<\/p>\n<p><strong>Cookies analytiques<\/strong> : Ces cookies sont utilis\u00e9s par notre site web pour \u00e9tablir des profils de navigation et conna\u00eetre les pr\u00e9f\u00e9rences des utilisateurs afin d\u2019am\u00e9liorer l\u2019offre de produits et de services. Par exemple, gr\u00e2ce \u00e0 un cookie analytique, il est possible de suivre les zones g\u00e9ographiques suscitant le plus d\u2019int\u00e9r\u00eat pour un utilisateur, ou de d\u00e9terminer quel produit est le plus appr\u00e9ci\u00e9, etc. <\/p>\n<p><strong>Cookies publicitaires :<\/strong> Les cookies publicitaires permettent la gestion des espaces publicitaires selon des crit\u00e8res sp\u00e9cifiques, comme la fr\u00e9quence d\u2019acc\u00e8s ou le contenu affich\u00e9. Elles permettent, gr\u00e2ce \u00e0 la gestion de la publicit\u00e9, de stocker des informations sur le comportement des utilisateurs \u00e0 travers l\u2019observation de leurs habitudes, en \u00e9tudiant les acc\u00e8s et en \u00e9tablissant un profil de pr\u00e9f\u00e9rences afin de proposer une publicit\u00e9 adapt\u00e9e aux int\u00e9r\u00eats de leur profil125 <\/p>\n<\/div>\n","protected":false},"excerpt":{"rendered":"<p>POLITIQUE DE COOKIES Ce site web utilise des cookies pour  [&#8230;]<\/p>\n","protected":false},"author":1,"featured_media":0,"parent":0,"menu_order":0,"comment_status":"closed","ping_status":"closed","template":"","meta":{"footnotes":""},"class_list":["post-2917","page","type-page","status-publish","hentry"],"yoast_head":"<!-- This site is optimized with the Yoast SEO plugin v25.3 - https:\/\/yoast.com\/wordpress\/plugins\/seo\/ -->\n<title>Politique de cookies - Cal Ribero<\/title>\n<meta name=\"robots\" content=\"index, follow, max-snippet:-1, max-image-preview:large, max-video-preview:-1\" \/>\n<link rel=\"canonical\" href=\"https:\/\/calribero.com\/fr\/politique-de-cookies\/\" \/>\n<meta property=\"og:locale\" content=\"fr_FR\" \/>\n<meta property=\"og:type\" content=\"article\" \/>\n<meta property=\"og:title\" content=\"Politique de cookies - Cal Ribero\" \/>\n<meta property=\"og:description\" content=\"POLITIQUE DE COOKIES Ce site web utilise des cookies pour [...]\" \/>\n<meta property=\"og:url\" content=\"https:\/\/calribero.com\/fr\/politique-de-cookies\/\" \/>\n<meta property=\"og:site_name\" content=\"Cal Ribero\" \/>\n<meta property=\"article:modified_time\" content=\"2025-07-01T13:47:27+00:00\" \/>\n<meta name=\"twitter:card\" content=\"summary_large_image\" \/>\n<meta name=\"twitter:label1\" content=\"Dur\u00e9e de lecture estim\u00e9e\" \/>\n\t<meta name=\"twitter:data1\" content=\"3 minutes\" \/>\n<script type=\"application\/ld+json\" class=\"yoast-schema-graph\">{\"@context\":\"https:\/\/schema.org\",\"@graph\":[{\"@type\":\"WebPage\",\"@id\":\"https:\/\/calribero.com\/fr\/politique-de-cookies\/\",\"url\":\"https:\/\/calribero.com\/fr\/politique-de-cookies\/\",\"name\":\"Politique de cookies - Cal Ribero\",\"isPartOf\":{\"@id\":\"https:\/\/calribero.com\/fr\/#website\"},\"datePublished\":\"2025-06-16T13:29:24+00:00\",\"dateModified\":\"2025-07-01T13:47:27+00:00\",\"breadcrumb\":{\"@id\":\"https:\/\/calribero.com\/fr\/politique-de-cookies\/#breadcrumb\"},\"inLanguage\":\"fr-FR\",\"potentialAction\":[{\"@type\":\"ReadAction\",\"target\":[\"https:\/\/calribero.com\/fr\/politique-de-cookies\/\"]}]},{\"@type\":\"BreadcrumbList\",\"@id\":\"https:\/\/calribero.com\/fr\/politique-de-cookies\/#breadcrumb\",\"itemListElement\":[{\"@type\":\"ListItem\",\"position\":1,\"name\":\"Inici\",\"item\":\"https:\/\/calribero.com\/fr\/cal-ribero-hebergements-ruraux\/\"},{\"@type\":\"ListItem\",\"position\":2,\"name\":\"Politique de cookies\"}]},{\"@type\":\"WebSite\",\"@id\":\"https:\/\/calribero.com\/fr\/#website\",\"url\":\"https:\/\/calribero.com\/fr\/\",\"name\":\"Cal Ribero\",\"description\":\"Moments \u00fanics en un entorn incomparable.\",\"potentialAction\":[{\"@type\":\"SearchAction\",\"target\":{\"@type\":\"EntryPoint\",\"urlTemplate\":\"https:\/\/calribero.com\/fr\/?s={search_term_string}\"},\"query-input\":{\"@type\":\"PropertyValueSpecification\",\"valueRequired\":true,\"valueName\":\"search_term_string\"}}],\"inLanguage\":\"fr-FR\"}]}<\/script>\n<!-- \/ Yoast SEO plugin. -->","yoast_head_json":{"title":"Politique de cookies - Cal Ribero","robots":{"index":"index","follow":"follow","max-snippet":"max-snippet:-1","max-image-preview":"max-image-preview:large","max-video-preview":"max-video-preview:-1"},"canonical":"https:\/\/calribero.com\/fr\/politique-de-cookies\/","og_locale":"fr_FR","og_type":"article","og_title":"Politique de cookies - Cal Ribero","og_description":"POLITIQUE DE COOKIES Ce site web utilise des cookies pour [...]","og_url":"https:\/\/calribero.com\/fr\/politique-de-cookies\/","og_site_name":"Cal Ribero","article_modified_time":"2025-07-01T13:47:27+00:00","twitter_card":"summary_large_image","twitter_misc":{"Dur\u00e9e de lecture estim\u00e9e":"3 minutes"},"schema":{"@context":"https:\/\/schema.org","@graph":[{"@type":"WebPage","@id":"https:\/\/calribero.com\/fr\/politique-de-cookies\/","url":"https:\/\/calribero.com\/fr\/politique-de-cookies\/","name":"Politique de cookies - Cal Ribero","isPartOf":{"@id":"https:\/\/calribero.com\/fr\/#website"},"datePublished":"2025-06-16T13:29:24+00:00","dateModified":"2025-07-01T13:47:27+00:00","breadcrumb":{"@id":"https:\/\/calribero.com\/fr\/politique-de-cookies\/#breadcrumb"},"inLanguage":"fr-FR","potentialAction":[{"@type":"ReadAction","target":["https:\/\/calribero.com\/fr\/politique-de-cookies\/"]}]},{"@type":"BreadcrumbList","@id":"https:\/\/calribero.com\/fr\/politique-de-cookies\/#breadcrumb","itemListElement":[{"@type":"ListItem","position":1,"name":"Inici","item":"https:\/\/calribero.com\/fr\/cal-ribero-hebergements-ruraux\/"},{"@type":"ListItem","position":2,"name":"Politique de cookies"}]},{"@type":"WebSite","@id":"https:\/\/calribero.com\/fr\/#website","url":"https:\/\/calribero.com\/fr\/","name":"Cal Ribero","description":"Moments \u00fanics en un entorn incomparable.","potentialAction":[{"@type":"SearchAction","target":{"@type":"EntryPoint","urlTemplate":"https:\/\/calribero.com\/fr\/?s={search_term_string}"},"query-input":{"@type":"PropertyValueSpecification","valueRequired":true,"valueName":"search_term_string"}}],"inLanguage":"fr-FR"}]}},"_links":{"self":[{"href":"https:\/\/calribero.com\/fr\/wp-json\/wp\/v2\/pages\/2917"}],"collection":[{"href":"https:\/\/calribero.com\/fr\/wp-json\/wp\/v2\/pages"}],"about":[{"href":"https:\/\/calribero.com\/fr\/wp-json\/wp\/v2\/types\/page"}],"author":[{"embeddable":true,"href":"https:\/\/calribero.com\/fr\/wp-json\/wp\/v2\/users\/1"}],"replies":[{"embeddable":true,"href":"https:\/\/calribero.com\/fr\/wp-json\/wp\/v2\/comments?post=2917"}],"version-history":[{"count":1,"href":"https:\/\/calribero.com\/fr\/wp-json\/wp\/v2\/pages\/2917\/revisions"}],"predecessor-version":[{"id":2951,"href":"https:\/\/calribero.com\/fr\/wp-json\/wp\/v2\/pages\/2917\/revisions\/2951"}],"wp:attachment":[{"href":"https:\/\/calribero.com\/fr\/wp-json\/wp\/v2\/media?parent=2917"}],"curies":[{"name":"wp","href":"https:\/\/api.w.org\/{rel}","templated":true}]}}