{"id":2874,"date":"2025-05-19T17:50:26","date_gmt":"2025-05-19T15:50:26","guid":{"rendered":"https:\/\/calribero.com\/tarifs\/"},"modified":"2025-08-26T10:10:04","modified_gmt":"2025-08-26T08:10:04","slug":"tarifs","status":"publish","type":"page","link":"https:\/\/calribero.com\/fr\/tarifs\/","title":{"rendered":"Tarifs"},"content":{"rendered":"<div class=\"fusion-fullwidth fullwidth-box fusion-builder-row-1 fusion-flex-container has-pattern-background has-mask-background nonhundred-percent-fullwidth non-hundred-percent-height-scrolling\" style=\"--awb-border-radius-top-left:0px;--awb-border-radius-top-right:0px;--awb-border-radius-bottom-right:0px;--awb-border-radius-bottom-left:0px;--awb-padding-top:80px;--awb-padding-bottom:80px;--awb-flex-wrap:wrap;\" ><div class=\"fusion-builder-row fusion-row fusion-flex-align-items-flex-start fusion-flex-justify-content-center fusion-flex-content-wrap\" style=\"max-width:1248px;margin-left: calc(-4% \/ 2 );margin-right: calc(-4% \/ 2 );\"><div class=\"fusion-layout-column fusion_builder_column fusion-builder-column-0 fusion_builder_column_5_6 5_6 fusion-flex-column fusion-animated\" style=\"--awb-bg-size:cover;--awb-width-large:83.333333333333%;--awb-margin-top-large:0px;--awb-spacing-right-large:2.304%;--awb-margin-bottom-large:80px;--awb-spacing-left-large:2.304%;--awb-width-medium:83.333333333333%;--awb-order-medium:0;--awb-spacing-right-medium:2.304%;--awb-spacing-left-medium:2.304%;--awb-width-small:100%;--awb-order-small:0;--awb-spacing-right-small:1.92%;--awb-spacing-left-small:1.92%;\" data-animationType=\"fadeInUp\" data-animationDuration=\"1.5\" data-animationDelay=\"0.2\" data-animationOffset=\"top-into-view\"><div class=\"fusion-column-wrapper fusion-column-has-shadow fusion-flex-justify-content-flex-start fusion-content-layout-column\"><div class=\"fusion-title title fusion-title-1 fusion-sep-none fusion-title-center fusion-title-text fusion-title-size-div\" style=\"--awb-text-color:var(--awb-color5);--awb-margin-bottom:0px;--awb-margin-bottom-small:0px;--awb-font-size:20px;\"><div class=\"fusion-title-heading title-heading-center title-heading-tag\" style=\"font-family:&quot;Fraunces&quot;;font-style:italic;font-weight:300;margin:0;font-size:1em;text-transform:none;\">Tarifs, conditions et r\u00e9servations<\/div><\/div><div class=\"fusion-title title fusion-title-2 fusion-sep-none fusion-title-center fusion-title-text fusion-title-size-two\" style=\"--awb-margin-bottom-small:20px;\"><h2 class=\"fusion-title-heading title-heading-center\" style=\"margin:0;text-transform:none;\">Tarifs et r\u00e9servations<\/h2><\/div><div class=\"fusion-text fusion-text-1 fusion-text-no-margin\" style=\"--awb-content-alignment:center;\"><p>Chez <strong>Cal Ribero<\/strong>, nous vous facilitons la vie. Nous vous proposons des <strong>prix comp\u00e9titifs et des r\u00e9ductions adapt\u00e9es<\/strong> \u00e0 la dur\u00e9e de votre s\u00e9jour. Nous souhaitons que vous profitiez de notre environnement avec un <strong>maximum de confort<\/strong> et au <strong>meilleur prix<\/strong>.<br \/>Vous trouverez ici toutes les informations pour r\u00e9server <strong>facilement et en toute s\u00e9curit\u00e9<\/strong>. <\/p>\n<\/div><\/div><\/div><div class=\"fusion-layout-column fusion_builder_column fusion-builder-column-1 fusion_builder_column_1_2 1_2 fusion-flex-column fusion-flex-align-self-stretch fusion-animated\" style=\"--awb-padding-top:8%;--awb-padding-bottom:8%;--awb-overflow:hidden;--awb-bg-color:var(--awb-color2);--awb-bg-color-hover:var(--awb-color2);--awb-bg-size:cover;--awb-box-shadow:0px 0px 20px 20px rgba(0,0,0,0.02);;--awb-border-radius:50px 0px 0px 0px;--awb-transform:translateY(0px);--awb-transform-hover:translateY(-10px);--awb-width-large:50%;--awb-margin-top-large:20px;--awb-spacing-right-large:3.84%;--awb-margin-bottom-large:20px;--awb-spacing-left-large:3.84%;--awb-width-medium:50%;--awb-order-medium:0;--awb-spacing-right-medium:3.84%;--awb-spacing-left-medium:3.84%;--awb-width-small:100%;--awb-order-small:0;--awb-spacing-right-small:1.92%;--awb-spacing-left-small:1.92%;\" data-animationType=\"fadeInUp\" data-animationDuration=\"1.5\" data-animationDelay=\"0.5\" data-animationOffset=\"top-into-view\"><div class=\"fusion-column-wrapper fusion-column-has-shadow fusion-flex-justify-content-flex-start fusion-content-layout-column\"><div class=\"fusion-title title fusion-title-3 fusion-sep-none fusion-title-text fusion-title-size-three\" style=\"--awb-text-color:var(--awb-color6);--awb-margin-right:10%;--awb-margin-left:10%;--awb-font-size:20px;\"><h3 class=\"fusion-title-heading title-heading-left\" style=\"font-family:&quot;Fraunces&quot;;font-style:normal;font-weight:600;margin:0;font-size:1em;\">R\u00e9servation en ligne 24h\/7<\/h3><\/div><div class=\"fusion-title title fusion-title-4 fusion-sep-none fusion-title-text fusion-title-size-four\" style=\"--awb-text-color:var(--awb-color4);--awb-margin-top:-15px;--awb-margin-right:10%;--awb-margin-left:10%;--awb-font-size:16px;\"><h4 class=\"fusion-title-heading title-heading-left\" style=\"font-family:&quot;Fraunces&quot;;font-style:normal;font-weight:600;margin:0;font-size:1em;\">Rapide, confortable et sans attente<\/h4><\/div><div class=\"fusion-text fusion-text-2 fusion-text-no-margin\" style=\"--awb-content-alignment:left;--awb-font-size:14px;--awb-margin-right:10%;--awb-margin-bottom:0px;--awb-margin-left:10%;\"><p>Vous pouvez effectuer votre <strong>r\u00e9servation <\/strong>\u00e0 tout moment de la journ\u00e9e via notre plateforme en ligne, en toute s\u00e9curit\u00e9.<\/p>\n<\/div><div style=\"text-align:left;\"><a class=\"fusion-button button-flat fusion-button-default-size button-default fusion-button-default button-1 fusion-button-default-span fusion-button-default-type\" style=\"--button_margin-top:20px;--button_margin-right:10%;--button_margin-left:10%;\" target=\"_self\" href=\"https:\/\/calribero.com\/fr\/reservation\/\"><span class=\"fusion-button-text\">Faites votre r\u00e9servation maintenant<\/span><\/a><\/div><\/div><\/div><div class=\"fusion-layout-column fusion_builder_column fusion-builder-column-2 fusion_builder_column_1_2 1_2 fusion-flex-column fusion-flex-align-self-stretch fusion-animated\" style=\"--awb-padding-top:8%;--awb-padding-bottom:8%;--awb-overflow:hidden;--awb-bg-color:var(--awb-color2);--awb-bg-color-hover:var(--awb-color2);--awb-bg-size:cover;--awb-box-shadow:0px 0px 20px 20px rgba(0,0,0,0.02);;--awb-border-radius:0px 50px 0px 0px;--awb-transform:translateY(0px);--awb-transform-hover:translateY(-10px);--awb-width-large:50%;--awb-margin-top-large:20px;--awb-spacing-right-large:3.84%;--awb-margin-bottom-large:20px;--awb-spacing-left-large:3.84%;--awb-width-medium:50%;--awb-order-medium:0;--awb-spacing-right-medium:3.84%;--awb-spacing-left-medium:3.84%;--awb-width-small:100%;--awb-order-small:0;--awb-spacing-right-small:1.92%;--awb-spacing-left-small:1.92%;\" data-animationType=\"fadeInUp\" data-animationDuration=\"1.5\" data-animationDelay=\"0.5\" data-animationOffset=\"top-into-view\"><div class=\"fusion-column-wrapper fusion-column-has-shadow fusion-flex-justify-content-flex-start fusion-content-layout-column\"><div class=\"fusion-title title fusion-title-5 fusion-sep-none fusion-title-text fusion-title-size-three\" style=\"--awb-text-color:var(--awb-color6);--awb-margin-right:10%;--awb-margin-left:10%;--awb-font-size:20px;\"><h3 class=\"fusion-title-heading title-heading-left\" style=\"font-family:&quot;Fraunces&quot;;font-style:normal;font-weight:600;margin:0;font-size:1em;\">R\u00e9servations par t\u00e9l\u00e9phone<\/h3><\/div><div class=\"fusion-title title fusion-title-6 fusion-sep-none fusion-title-text fusion-title-size-four\" style=\"--awb-text-color:var(--awb-color4);--awb-margin-top:-15px;--awb-margin-right:10%;--awb-margin-left:10%;--awb-font-size:16px;\"><h4 class=\"fusion-title-heading title-heading-left\" style=\"font-family:&quot;Fraunces&quot;;font-style:normal;font-weight:600;margin:0;font-size:1em;\">Nous serons heureux de vous aider !<\/h4><\/div><div class=\"fusion-text fusion-text-3 fusion-text-no-margin\" style=\"--awb-content-alignment:left;--awb-font-size:14px;--awb-margin-right:10%;--awb-margin-bottom:0px;--awb-margin-left:10%;\"><p>Si vous pr\u00e9f\u00e9rez nous contacter directement, appelez-nous. Nous serons ravis de vous aider \u00e0 choisir l&rsquo;h\u00e9bergement qui vous convient le mieux.<\/p>\n<\/div><div style=\"text-align:left;\"><a class=\"fusion-button button-flat fusion-button-default-size button-default fusion-button-default button-2 fusion-button-default-span fusion-button-default-type\" style=\"--button_margin-top:20px;--button_margin-right:10%;--button_margin-left:10%;\" target=\"_self\" href=\"tel:625406406\"><span class=\"fusion-button-text\">Appelez le 625 406 406<\/span><\/a><\/div><\/div><\/div><div class=\"fusion-layout-column fusion_builder_column fusion-builder-column-3 fusion_builder_column_1_2 1_2 fusion-flex-column fusion-flex-align-self-stretch fusion-animated\" style=\"--awb-padding-top:8%;--awb-padding-bottom:8%;--awb-overflow:hidden;--awb-bg-color:var(--awb-color2);--awb-bg-color-hover:var(--awb-color2);--awb-bg-size:cover;--awb-box-shadow:0px 0px 20px 20px rgba(0,0,0,0.02);;--awb-border-radius:0px 0px 0px 50px;--awb-transform:translateY(0px);--awb-transform-hover:translateY(-10px);--awb-width-large:50%;--awb-margin-top-large:20px;--awb-spacing-right-large:3.84%;--awb-margin-bottom-large:20px;--awb-spacing-left-large:3.84%;--awb-width-medium:50%;--awb-order-medium:0;--awb-spacing-right-medium:3.84%;--awb-spacing-left-medium:3.84%;--awb-width-small:100%;--awb-order-small:0;--awb-spacing-right-small:1.92%;--awb-spacing-left-small:1.92%;\" data-animationType=\"fadeInUp\" data-animationDuration=\"1.5\" data-animationDelay=\"0.5\" data-animationOffset=\"top-into-view\"><div class=\"fusion-column-wrapper fusion-column-has-shadow fusion-flex-justify-content-flex-start fusion-content-layout-column\"><div class=\"fusion-title title fusion-title-7 fusion-sep-none fusion-title-text fusion-title-size-three\" style=\"--awb-text-color:var(--awb-color6);--awb-margin-right:10%;--awb-margin-left:10%;--awb-font-size:20px;\"><h3 class=\"fusion-title-heading title-heading-left\" style=\"font-family:&quot;Fraunces&quot;;font-style:normal;font-weight:600;margin:0;font-size:1em;\">Tarifs sp\u00e9ciaux Cal Ribero<\/h3><\/div><div class=\"fusion-title title fusion-title-8 fusion-sep-none fusion-title-text fusion-title-size-four\" style=\"--awb-text-color:var(--awb-color4);--awb-margin-top:-15px;--awb-margin-right:10%;--awb-margin-left:10%;--awb-font-size:16px;\"><h4 class=\"fusion-title-heading title-heading-left\" style=\"font-family:&quot;Fraunces&quot;;font-style:normal;font-weight:600;margin:0;font-size:1em;\">Des s\u00e9jours plus longs, des prix moins chers<\/h4><\/div><div class=\"fusion-text fusion-text-4 fusion-text-no-margin\" style=\"--awb-content-alignment:left;--awb-font-size:14px;--awb-margin-right:10%;--awb-margin-bottom:0px;--awb-margin-left:10%;\"><p>Chez Cal Ribero, nous travaillons avec des tarifs d\u00e9gressifs, c&rsquo;est-\u00e0-dire :<\/p>\n<\/div><ul style=\"--awb-size:14px;--awb-margin-top:20px;--awb-item-padding-right:10%;--awb-item-padding-left:10%;--awb-iconcolor:var(--awb-color5);--awb-line-height:23.8px;--awb-icon-width:23.8px;--awb-icon-height:23.8px;--awb-icon-margin:9.8px;--awb-content-margin:33.6px;\" class=\"fusion-checklist fusion-checklist-1 fusion-checklist-default fusion-no-small-visibility fusion-no-medium-visibility type-icons\"><li class=\"fusion-li-item\" style=\"\"><span class=\"icon-wrapper circle-no\"><i class=\"fusion-li-icon fa-angle-right fas\" aria-hidden=\"true\"><\/i><\/span><div class=\"fusion-li-item-content\">\n<p>Plus vous r\u00e9servez de nuits, plus le prix par nuit est bas.<\/p>\n<\/div><\/li><li class=\"fusion-li-item\" style=\"\"><span class=\"icon-wrapper circle-no\"><i class=\"fusion-li-icon fa-angle-right fas\" aria-hidden=\"true\"><\/i><\/span><div class=\"fusion-li-item-content\">\n<p>Nous offrons des r\u00e9ductions sp\u00e9ciales pour les longs s\u00e9jours (consulter les conditions).<\/p>\n<\/div><\/li><li class=\"fusion-li-item\" style=\"\"><span class=\"icon-wrapper circle-no\"><i class=\"fusion-li-icon fa-angle-right fas\" aria-hidden=\"true\"><\/i><\/span><div class=\"fusion-li-item-content\">\n<p>Les tarifs fixes ne s&rsquo;appliquent pas, mais sont adapt\u00e9s \u00e0 chaque r\u00e9servation.<\/p>\n<\/div><\/li><\/ul><\/div><\/div><div class=\"fusion-layout-column fusion_builder_column fusion-builder-column-4 fusion_builder_column_1_2 1_2 fusion-flex-column fusion-flex-align-self-stretch fusion-animated\" style=\"--awb-padding-top:8%;--awb-padding-bottom:8%;--awb-overflow:hidden;--awb-bg-color:var(--awb-color2);--awb-bg-color-hover:var(--awb-color2);--awb-bg-size:cover;--awb-box-shadow:0px 0px 20px 20px rgba(0,0,0,0.02);;--awb-border-radius:0px 0px 50px 0px;--awb-transform:translateY(0px);--awb-transform-hover:translateY(-10px);--awb-width-large:50%;--awb-margin-top-large:20px;--awb-spacing-right-large:3.84%;--awb-margin-bottom-large:20px;--awb-spacing-left-large:3.84%;--awb-width-medium:50%;--awb-order-medium:0;--awb-spacing-right-medium:3.84%;--awb-spacing-left-medium:3.84%;--awb-width-small:100%;--awb-order-small:0;--awb-spacing-right-small:1.92%;--awb-spacing-left-small:1.92%;\" data-animationType=\"fadeInUp\" data-animationDuration=\"1.5\" data-animationDelay=\"0.5\" data-animationOffset=\"top-into-view\"><div class=\"fusion-column-wrapper fusion-column-has-shadow fusion-flex-justify-content-flex-start fusion-content-layout-column\"><div class=\"fusion-title title fusion-title-9 fusion-sep-none fusion-title-text fusion-title-size-three\" style=\"--awb-text-color:var(--awb-color6);--awb-margin-right:10%;--awb-margin-left:10%;--awb-font-size:20px;\"><h3 class=\"fusion-title-heading title-heading-left\" style=\"font-family:&quot;Fraunces&quot;;font-style:normal;font-weight:600;margin:0;font-size:1em;\">Horaires d&rsquo;arriv\u00e9e et de d\u00e9part<\/h3><\/div><div class=\"fusion-title title fusion-title-10 fusion-sep-none fusion-title-text fusion-title-size-four\" style=\"--awb-text-color:var(--awb-color4);--awb-margin-top:-15px;--awb-margin-right:10%;--awb-margin-left:10%;--awb-font-size:16px;\"><h4 class=\"fusion-title-heading title-heading-left\" style=\"font-family:&quot;Fraunces&quot;;font-style:normal;font-weight:600;margin:0;font-size:1em;\">Pour que vous puissiez planifier votre arriv\u00e9e en toute s\u00e9r\u00e9nit\u00e9<\/h4><\/div><ul style=\"--awb-size:14px;--awb-margin-top:20px;--awb-item-padding-right:10%;--awb-item-padding-left:10%;--awb-iconcolor:var(--awb-color5);--awb-line-height:23.8px;--awb-icon-width:23.8px;--awb-icon-height:23.8px;--awb-icon-margin:9.8px;--awb-content-margin:33.6px;\" class=\"fusion-checklist fusion-checklist-2 fusion-checklist-default fusion-no-small-visibility fusion-no-medium-visibility type-icons\"><li class=\"fusion-li-item\" style=\"\"><span class=\"icon-wrapper circle-no\"><i class=\"fusion-li-icon fa-angle-right fas\" aria-hidden=\"true\"><\/i><\/span><div class=\"fusion-li-item-content\">\n<p><strong>Arriv\u00e9e <\/strong>: \u00e0 partir de 14h00<\/p>\n<\/div><\/li><li class=\"fusion-li-item\" style=\"\"><span class=\"icon-wrapper circle-no\"><i class=\"fusion-li-icon fa-angle-right fas\" aria-hidden=\"true\"><\/i><\/span><div class=\"fusion-li-item-content\">\n<p><strong>D\u00e9part <\/strong>: jusqu&rsquo;\u00e0 10h00<\/p>\n<\/div><\/li><\/ul><div class=\"fusion-text fusion-text-5 fusion-text-no-margin\" style=\"--awb-content-alignment:left;--awb-font-size:14px;--awb-margin-right:10%;--awb-margin-bottom:0px;--awb-margin-left:10%;\"><p>Les arriv\u00e9es anticip\u00e9es ou les d\u00e9parts tardifs entra\u00eenent un suppl\u00e9ment (sous r\u00e9serve de disponibilit\u00e9).<\/p>\n<\/div><\/div><\/div><\/div><\/div>\n","protected":false},"excerpt":{"rendered":"","protected":false},"author":1,"featured_media":0,"parent":0,"menu_order":0,"comment_status":"closed","ping_status":"closed","template":"100-width.php","meta":{"footnotes":""},"class_list":["post-2874","page","type-page","status-publish","hentry"],"yoast_head":"<!-- This site is optimized with the Yoast SEO plugin v25.3 - https:\/\/yoast.com\/wordpress\/plugins\/seo\/ -->\n<title>Tarifs - Cal Ribero<\/title>\n<meta name=\"robots\" content=\"index, follow, max-snippet:-1, max-image-preview:large, max-video-preview:-1\" \/>\n<link rel=\"canonical\" href=\"https:\/\/calribero.com\/fr\/tarifs\/\" \/>\n<meta property=\"og:locale\" content=\"fr_FR\" \/>\n<meta property=\"og:type\" content=\"article\" \/>\n<meta property=\"og:title\" content=\"Tarifs - Cal Ribero\" \/>\n<meta property=\"og:url\" content=\"https:\/\/calribero.com\/fr\/tarifs\/\" \/>\n<meta property=\"og:site_name\" content=\"Cal Ribero\" \/>\n<meta property=\"article:modified_time\" content=\"2025-08-26T08:10:04+00:00\" \/>\n<meta name=\"twitter:card\" content=\"summary_large_image\" \/>\n<meta name=\"twitter:label1\" content=\"Dur\u00e9e de lecture estim\u00e9e\" \/>\n\t<meta name=\"twitter:data1\" content=\"17 minutes\" \/>\n<script type=\"application\/ld+json\" class=\"yoast-schema-graph\">{\"@context\":\"https:\/\/schema.org\",\"@graph\":[{\"@type\":\"WebPage\",\"@id\":\"https:\/\/calribero.com\/fr\/tarifs\/\",\"url\":\"https:\/\/calribero.com\/fr\/tarifs\/\",\"name\":\"Tarifs - Cal Ribero\",\"isPartOf\":{\"@id\":\"https:\/\/calribero.com\/fr\/#website\"},\"datePublished\":\"2025-05-19T15:50:26+00:00\",\"dateModified\":\"2025-08-26T08:10:04+00:00\",\"breadcrumb\":{\"@id\":\"https:\/\/calribero.com\/fr\/tarifs\/#breadcrumb\"},\"inLanguage\":\"fr-FR\",\"potentialAction\":[{\"@type\":\"ReadAction\",\"target\":[\"https:\/\/calribero.com\/fr\/tarifs\/\"]}]},{\"@type\":\"BreadcrumbList\",\"@id\":\"https:\/\/calribero.com\/fr\/tarifs\/#breadcrumb\",\"itemListElement\":[{\"@type\":\"ListItem\",\"position\":1,\"name\":\"Inici\",\"item\":\"https:\/\/calribero.com\/fr\/cal-ribero-hebergements-ruraux\/\"},{\"@type\":\"ListItem\",\"position\":2,\"name\":\"Tarifs\"}]},{\"@type\":\"WebSite\",\"@id\":\"https:\/\/calribero.com\/fr\/#website\",\"url\":\"https:\/\/calribero.com\/fr\/\",\"name\":\"Cal Ribero\",\"description\":\"Moments \u00fanics en un entorn incomparable.\",\"potentialAction\":[{\"@type\":\"SearchAction\",\"target\":{\"@type\":\"EntryPoint\",\"urlTemplate\":\"https:\/\/calribero.com\/fr\/?s={search_term_string}\"},\"query-input\":{\"@type\":\"PropertyValueSpecification\",\"valueRequired\":true,\"valueName\":\"search_term_string\"}}],\"inLanguage\":\"fr-FR\"}]}<\/script>\n<!-- \/ Yoast SEO plugin. -->","yoast_head_json":{"title":"Tarifs - Cal Ribero","robots":{"index":"index","follow":"follow","max-snippet":"max-snippet:-1","max-image-preview":"max-image-preview:large","max-video-preview":"max-video-preview:-1"},"canonical":"https:\/\/calribero.com\/fr\/tarifs\/","og_locale":"fr_FR","og_type":"article","og_title":"Tarifs - Cal Ribero","og_url":"https:\/\/calribero.com\/fr\/tarifs\/","og_site_name":"Cal Ribero","article_modified_time":"2025-08-26T08:10:04+00:00","twitter_card":"summary_large_image","twitter_misc":{"Dur\u00e9e de lecture estim\u00e9e":"17 minutes"},"schema":{"@context":"https:\/\/schema.org","@graph":[{"@type":"WebPage","@id":"https:\/\/calribero.com\/fr\/tarifs\/","url":"https:\/\/calribero.com\/fr\/tarifs\/","name":"Tarifs - Cal Ribero","isPartOf":{"@id":"https:\/\/calribero.com\/fr\/#website"},"datePublished":"2025-05-19T15:50:26+00:00","dateModified":"2025-08-26T08:10:04+00:00","breadcrumb":{"@id":"https:\/\/calribero.com\/fr\/tarifs\/#breadcrumb"},"inLanguage":"fr-FR","potentialAction":[{"@type":"ReadAction","target":["https:\/\/calribero.com\/fr\/tarifs\/"]}]},{"@type":"BreadcrumbList","@id":"https:\/\/calribero.com\/fr\/tarifs\/#breadcrumb","itemListElement":[{"@type":"ListItem","position":1,"name":"Inici","item":"https:\/\/calribero.com\/fr\/cal-ribero-hebergements-ruraux\/"},{"@type":"ListItem","position":2,"name":"Tarifs"}]},{"@type":"WebSite","@id":"https:\/\/calribero.com\/fr\/#website","url":"https:\/\/calribero.com\/fr\/","name":"Cal Ribero","description":"Moments \u00fanics en un entorn incomparable.","potentialAction":[{"@type":"SearchAction","target":{"@type":"EntryPoint","urlTemplate":"https:\/\/calribero.com\/fr\/?s={search_term_string}"},"query-input":{"@type":"PropertyValueSpecification","valueRequired":true,"valueName":"search_term_string"}}],"inLanguage":"fr-FR"}]}},"_links":{"self":[{"href":"https:\/\/calribero.com\/fr\/wp-json\/wp\/v2\/pages\/2874"}],"collection":[{"href":"https:\/\/calribero.com\/fr\/wp-json\/wp\/v2\/pages"}],"about":[{"href":"https:\/\/calribero.com\/fr\/wp-json\/wp\/v2\/types\/page"}],"author":[{"embeddable":true,"href":"https:\/\/calribero.com\/fr\/wp-json\/wp\/v2\/users\/1"}],"replies":[{"embeddable":true,"href":"https:\/\/calribero.com\/fr\/wp-json\/wp\/v2\/comments?post=2874"}],"version-history":[{"count":10,"href":"https:\/\/calribero.com\/fr\/wp-json\/wp\/v2\/pages\/2874\/revisions"}],"predecessor-version":[{"id":3653,"href":"https:\/\/calribero.com\/fr\/wp-json\/wp\/v2\/pages\/2874\/revisions\/3653"}],"wp:attachment":[{"href":"https:\/\/calribero.com\/fr\/wp-json\/wp\/v2\/media?parent=2874"}],"curies":[{"name":"wp","href":"https:\/\/api.w.org\/{rel}","templated":true}]}}