{"id":2848,"date":"2022-12-02T16:26:09","date_gmt":"2022-12-02T15:26:09","guid":{"rendered":"https:\/\/calribero.com\/contact\/"},"modified":"2025-08-11T14:06:32","modified_gmt":"2025-08-11T12:06:32","slug":"contact","status":"publish","type":"page","link":"https:\/\/calribero.com\/fr\/contact\/","title":{"rendered":"Contact"},"content":{"rendered":"<p><div class=\"fusion-fullwidth fullwidth-box fusion-builder-row-1 fusion-flex-container has-pattern-background has-mask-background nonhundred-percent-fullwidth non-hundred-percent-height-scrolling fusion-animated fusion-custom-z-index\" style=\"--link_hover_color: var(--awb-color3);--link_color: var(--awb-color1);--awb-background-position:left center;--awb-border-radius-top-left:0px;--awb-border-radius-top-right:0px;--awb-border-radius-bottom-right:0px;--awb-border-radius-bottom-left:0px;--awb-z-index:9;--awb-padding-top:80px;--awb-padding-bottom:0px;--awb-padding-top-medium:90px;--awb-flex-wrap:wrap;\" data-animationType=\"fadeInDown\" data-animationDuration=\"0.8\" data-animationDelay=\"0.4\" data-animationOffset=\"top-into-view\" ><div class=\"fusion-builder-row fusion-row fusion-flex-align-items-flex-start fusion-flex-justify-content-center fusion-flex-content-wrap\" style=\"max-width:1248px;margin-left: calc(-4% \/ 2 );margin-right: calc(-4% \/ 2 );\"><div class=\"fusion-layout-column fusion_builder_column fusion-builder-column-0 fusion_builder_column_4_5 4_5 fusion-flex-column fusion-animated\" style=\"--awb-bg-size:cover;--awb-width-large:80%;--awb-margin-top-large:0px;--awb-spacing-right-large:2.4%;--awb-margin-bottom-large:80px;--awb-spacing-left-large:2.4%;--awb-width-medium:80%;--awb-order-medium:0;--awb-spacing-right-medium:2.4%;--awb-spacing-left-medium:2.4%;--awb-width-small:100%;--awb-order-small:0;--awb-spacing-right-small:1.92%;--awb-spacing-left-small:1.92%;\" data-animationType=\"fadeInUp\" data-animationDuration=\"1.5\" data-animationDelay=\"0.2\" data-animationOffset=\"top-into-view\"><div class=\"fusion-column-wrapper fusion-column-has-shadow fusion-flex-justify-content-flex-start fusion-content-layout-column\"><div class=\"fusion-title title fusion-title-1 fusion-sep-none fusion-title-center fusion-title-text fusion-title-size-div\" style=\"--awb-text-color:var(--awb-color5);--awb-margin-bottom:0px;--awb-margin-bottom-small:0px;--awb-font-size:20px;\"><div class=\"fusion-title-heading title-heading-center title-heading-tag\" style=\"font-family:&quot;Fraunces&quot;;font-style:italic;font-weight:300;margin:0;font-size:1em;text-transform:none;\">Ne manquez pas de profiter du meilleur tourisme rural en Catalogne<\/div><\/div><div class=\"fusion-title title fusion-title-2 fusion-sep-none fusion-title-center fusion-title-text fusion-title-size-two\" style=\"--awb-margin-bottom-small:20px;\"><h2 class=\"fusion-title-heading title-heading-center\" style=\"margin:0;text-transform:none;\">Contactez-nous &#8211; Cal Ribero<\/h2><\/div><div class=\"fusion-text fusion-text-1 fusion-text-no-margin\" style=\"--awb-content-alignment:center;\"><p data-pm-slice=\"1 1 &#091;&#093;\">Veuillez remplir le formulaire ci-dessous si vous avez des questions sur nos <strong>appartements ruraux \u00e0 La Noguera<\/strong> ou si vous souhaitez organiser une <strong>escapade rurale \u00e0 La Noguera<\/strong>. Nous vous contacterons dans les plus brefs d\u00e9lais pour vous offrir une r\u00e9ponse personnalis\u00e9e et vous aider \u00e0 planifier des <strong>vacances rurales inoubliables en Catalogne<\/strong>. Contactez Cal Ribero ici.  <\/p>\n<\/div><\/div><\/div><div class=\"fusion-layout-column fusion_builder_column fusion-builder-column-1 fusion_builder_column_5_6 5_6 fusion-flex-column fusion-flex-align-self-center fusion-animated\" style=\"--awb-z-index:99999;--awb-padding-top:45px;--awb-padding-right:45px;--awb-padding-bottom:45px;--awb-padding-left:45px;--awb-padding-top-medium:60px;--awb-padding-right-medium:60px;--awb-padding-bottom-medium:60px;--awb-padding-left-medium:60px;--awb-overflow:hidden;--awb-bg-color:var(--awb-color6);--awb-bg-color-hover:var(--awb-color6);--awb-bg-size:cover;--awb-border-radius:50px 50px 50px 50px;--awb-width-large:83.333333333333%;--awb-margin-top-large:0px;--awb-spacing-right-large:2.304%;--awb-margin-bottom-large:80px;--awb-spacing-left-large:2.304%;--awb-width-medium:83.333333333333%;--awb-order-medium:0;--awb-spacing-right-medium:2.304%;--awb-spacing-left-medium:2.304%;--awb-width-small:100%;--awb-order-small:0;--awb-spacing-right-small:1.92%;--awb-spacing-left-small:1.92%;\" data-animationType=\"fadeInUp\" data-animationDuration=\"0.8\" data-animationOffset=\"top-into-view\"><div class=\"fusion-column-wrapper fusion-column-has-shadow fusion-flex-justify-content-flex-start fusion-content-layout-column\">\n<div class=\"wpcf7 no-js\" id=\"wpcf7-f2919-o1\" lang=\"fr-FR\" dir=\"ltr\" data-wpcf7-id=\"2919\">\n<div class=\"screen-reader-response\"><p role=\"status\" aria-live=\"polite\" aria-atomic=\"true\"><\/p> <ul><\/ul><\/div>\n<form action=\"\/fr\/wp-json\/wp\/v2\/pages\/2848#wpcf7-f2919-o1\" method=\"post\" class=\"wpcf7-form init\" aria-label=\"Formulaire de contact\" novalidate=\"novalidate\" data-status=\"init\">\n<div style=\"display: none;\">\n<input type=\"hidden\" name=\"_wpcf7\" value=\"2919\" \/>\n<input type=\"hidden\" name=\"_wpcf7_version\" value=\"6.0.6\" \/>\n<input type=\"hidden\" name=\"_wpcf7_locale\" value=\"fr_FR\" \/>\n<input type=\"hidden\" name=\"_wpcf7_unit_tag\" value=\"wpcf7-f2919-o1\" \/>\n<input type=\"hidden\" name=\"_wpcf7_container_post\" value=\"0\" \/>\n<input type=\"hidden\" name=\"_wpcf7_posted_data_hash\" value=\"\" \/>\n<input type=\"hidden\" name=\"_wpcf7_recaptcha_response\" value=\"\" \/>\n<\/div>\n<div style=\"display:flex\">\n\t<div style=\"width:49%;margin-right:10px;\">\n\t\t<p><label style=\"color:white;\"><b>Nom et pr\u00e9nom<\/b><br \/>\n<span class=\"wpcf7-form-control-wrap\" data-name=\"your-name\"><input size=\"40\" maxlength=\"400\" class=\"wpcf7-form-control wpcf7-text wpcf7-validates-as-required\" aria-required=\"true\" aria-invalid=\"false\" value=\"\" type=\"text\" name=\"your-name\" \/><\/span> <\/label>\n\t\t<\/p>\n\t<\/div>\n\t<div style=\"width:49%;margin-left:10px;\">\n\t\t<p><label style=\"color:white;\"><b>Assumpte<\/b><br \/>\n<span class=\"wpcf7-form-control-wrap\" data-name=\"your-subject\"><input size=\"40\" maxlength=\"400\" class=\"wpcf7-form-control wpcf7-text wpcf7-validates-as-required\" aria-required=\"true\" aria-invalid=\"false\" value=\"\" type=\"text\" name=\"your-subject\" \/><\/span> <\/label>\n\t\t<\/p>\n\t<\/div>\n<\/div>\n<div style=\"display:flex\">\n\t<div style=\"width:49%;margin-right:10px;\">\n\t\t<p><label style=\"color:white;\"><b>Adresse \u00e9lectronique<\/b><br \/>\n<span class=\"wpcf7-form-control-wrap\" data-name=\"your-email\"><input size=\"40\" maxlength=\"400\" class=\"wpcf7-form-control wpcf7-email wpcf7-validates-as-required wpcf7-text wpcf7-validates-as-email\" aria-required=\"true\" aria-invalid=\"false\" value=\"\" type=\"email\" name=\"your-email\" \/><\/span> <\/label>\n\t\t<\/p>\n\t<\/div>\n\t<div style=\"width:49%;margin-left:10px;\">\n\t\t<p><label style=\"color:white;\"><b>T\u00e9l\u00e9phone<\/b><br \/>\n<span class=\"wpcf7-form-control-wrap\" data-name=\"tel-250\"><input size=\"40\" maxlength=\"400\" class=\"wpcf7-form-control wpcf7-tel wpcf7-validates-as-required wpcf7-text wpcf7-validates-as-tel\" aria-required=\"true\" aria-invalid=\"false\" value=\"\" type=\"tel\" name=\"tel-250\" \/><\/span> <\/label>\n\t\t<\/p>\n\t<\/div>\n<\/div>\n<p><label style=\"color:white;\"><b>Message<\/b><br \/>\n<span class=\"wpcf7-form-control-wrap\" data-name=\"your-message\"><textarea cols=\"40\" rows=\"10\" maxlength=\"2000\" class=\"wpcf7-form-control wpcf7-textarea\" aria-invalid=\"false\" name=\"your-message\"><\/textarea><\/span> <\/label>\n<\/p>\n<p><span class=\"wpcf7-form-control-wrap\" data-name=\"acceptance-58\"><span class=\"wpcf7-form-control wpcf7-acceptance\"><span class=\"wpcf7-list-item\"><input type=\"checkbox\" name=\"acceptance-58\" value=\"1\" aria-invalid=\"false\" \/><\/span><\/span><\/span><label style=\"color:white;\">J\u2019ai lu et j\u2019accepte la <a href=\"\/politique-de-confidentialit\u00e9\">politique de confidentialit\u00e9<\/a> et <a href=\"\/avis-juridique\">l\u2019avis l\u00e9gal.<\/a><\/label>\n<\/p>\n<p><input class=\"wpcf7-form-control wpcf7-submit has-spinner\" type=\"submit\" value=\"Enviar\" \/>\n<\/p><div class=\"fusion-alert alert custom alert-custom fusion-alert-center wpcf7-response-output awb-alert-native-link-color alert-dismissable awb-alert-close-boxed\" style=\"--awb-border-size:1px;--awb-border-top-left-radius:0px;--awb-border-top-right-radius:0px;--awb-border-bottom-left-radius:0px;--awb-border-bottom-right-radius:0px;\" role=\"alert\"><div class=\"fusion-alert-content-wrapper\"><span class=\"fusion-alert-content\"><\/span><\/div><button type=\"button\" class=\"close toggle-alert\" data-dismiss=\"alert\" aria-label=\"Close\">&times;<\/button><\/div>\n<\/form>\n<\/div>\n<\/div><\/div><\/div><\/div><div class=\"fusion-fullwidth fullwidth-box fusion-builder-row-2 fusion-flex-container has-pattern-background has-mask-background nonhundred-percent-fullwidth non-hundred-percent-height-scrolling fusion-animated fusion-custom-z-index\" style=\"--link_hover_color: var(--awb-color4);--link_color: var(--awb-color5);--awb-background-position:left center;--awb-border-radius-top-left:0px;--awb-border-radius-top-right:0px;--awb-border-radius-bottom-right:0px;--awb-border-radius-bottom-left:0px;--awb-z-index:9;--awb-padding-top:0px;--awb-padding-bottom:100px;--awb-padding-top-medium:90px;--awb-flex-wrap:wrap;\" data-animationType=\"fadeInDown\" data-animationDuration=\"0.8\" data-animationDelay=\"0.4\" data-animationOffset=\"top-into-view\" ><div class=\"fusion-builder-row fusion-row fusion-flex-align-items-flex-start fusion-flex-justify-content-center fusion-flex-content-wrap\" style=\"max-width:1248px;margin-left: calc(-4% \/ 2 );margin-right: calc(-4% \/ 2 );\"><div class=\"fusion-layout-column fusion_builder_column fusion-builder-column-2 fusion_builder_column_1_3 1_3 fusion-flex-column fusion-flex-align-self-stretch fusion-animated\" style=\"--awb-padding-top:8%;--awb-padding-bottom:8%;--awb-overflow:hidden;--awb-bg-color:var(--awb-color2);--awb-bg-color-hover:var(--awb-color2);--awb-bg-size:cover;--awb-box-shadow:0px 0px 20px 20px rgba(0,0,0,0.02);;--awb-border-radius:50px 0px 0px 0px;--awb-transform:translateY(0px);--awb-transform-hover:translateY(-10px);--awb-width-large:33.333333333333%;--awb-margin-top-large:20px;--awb-spacing-right-large:5.76%;--awb-margin-bottom-large:20px;--awb-spacing-left-large:5.76%;--awb-width-medium:33.333333333333%;--awb-order-medium:0;--awb-spacing-right-medium:5.76%;--awb-spacing-left-medium:5.76%;--awb-width-small:100%;--awb-order-small:0;--awb-spacing-right-small:1.92%;--awb-spacing-left-small:1.92%;\" data-animationType=\"fadeInUp\" data-animationDuration=\"1.5\" data-animationDelay=\"0.5\" data-animationOffset=\"top-into-view\"><div class=\"fusion-column-wrapper fusion-column-has-shadow fusion-flex-justify-content-flex-start fusion-content-layout-column\"><i class=\"fb-icon-element-1 fb-icon-element fontawesome-icon fa-phone-alt fas circle-no\" style=\"--awb-iconcolor:var(--awb-color6);--awb-iconcolor-hover:var(--awb-color6);--awb-font-size:32px;--awb-align-self:center;--awb-margin-top:0px;--awb-margin-right:0px;--awb-margin-bottom:10px;--awb-margin-left:0px;\"><\/i><div class=\"fusion-title title fusion-title-3 fusion-sep-none fusion-title-center fusion-title-text fusion-title-size-three\" style=\"--awb-text-color:var(--awb-color6);--awb-margin-right:10%;--awb-margin-left:10%;--awb-font-size:22px;\"><h3 class=\"fusion-title-heading title-heading-center\" style=\"font-family:&quot;Fraunces&quot;;font-style:normal;font-weight:600;margin:0;font-size:1em;\">T\u00e9l\u00e9phone<\/h3><\/div><div class=\"fusion-text fusion-text-2 fusion-text-no-margin\" style=\"--awb-content-alignment:center;--awb-font-size:18px;--awb-margin-right:10%;--awb-margin-bottom:0px;--awb-margin-left:10%;\"><p><strong><a href=\"tel:625406406\">625 406<\/a><\/strong><strong><a href=\"tel:625406406\"> 406<\/a><\/strong><\/p>\n<\/div><\/div><\/div><div class=\"fusion-layout-column fusion_builder_column fusion-builder-column-3 fusion_builder_column_1_3 1_3 fusion-flex-column fusion-flex-align-self-stretch fusion-animated\" style=\"--awb-padding-top:8%;--awb-padding-bottom:8%;--awb-overflow:hidden;--awb-bg-color:var(--awb-color2);--awb-bg-color-hover:var(--awb-color2);--awb-bg-size:cover;--awb-box-shadow:0px 0px 20px 20px rgba(0,0,0,0.02);;--awb-border-radius:0px 0px 50px 50px;--awb-transform:translateY(0px);--awb-transform-hover:translateY(-10px);--awb-width-large:33.333333333333%;--awb-margin-top-large:20px;--awb-spacing-right-large:5.76%;--awb-margin-bottom-large:20px;--awb-spacing-left-large:5.76%;--awb-width-medium:33.333333333333%;--awb-order-medium:0;--awb-spacing-right-medium:5.76%;--awb-spacing-left-medium:5.76%;--awb-width-small:100%;--awb-order-small:0;--awb-spacing-right-small:1.92%;--awb-spacing-left-small:1.92%;\" data-animationType=\"fadeInUp\" data-animationDuration=\"1.5\" data-animationDelay=\"0.8\" data-animationOffset=\"top-into-view\"><div class=\"fusion-column-wrapper fusion-column-has-shadow fusion-flex-justify-content-flex-start fusion-content-layout-column\"><i class=\"fb-icon-element-2 fb-icon-element fontawesome-icon fa-envelope fas circle-no\" style=\"--awb-iconcolor:var(--awb-color6);--awb-iconcolor-hover:var(--awb-color6);--awb-font-size:32px;--awb-align-self:center;--awb-margin-top:0px;--awb-margin-right:0px;--awb-margin-bottom:10px;--awb-margin-left:0px;\"><\/i><div class=\"fusion-title title fusion-title-4 fusion-sep-none fusion-title-center fusion-title-text fusion-title-size-three\" style=\"--awb-text-color:var(--awb-color6);--awb-margin-right:10%;--awb-margin-left:10%;--awb-font-size:22px;\"><h3 class=\"fusion-title-heading title-heading-center\" style=\"font-family:&quot;Fraunces&quot;;font-style:normal;font-weight:600;margin:0;font-size:1em;\">Courriel \u00e9lectronique<\/h3><\/div><div class=\"fusion-text fusion-text-3 fusion-text-no-margin\" style=\"--awb-content-alignment:center;--awb-font-size:18px;--awb-margin-right:10%;--awb-margin-bottom:0px;--awb-margin-left:10%;\"><p><strong><a href=\"mailto:info@calribero.es\">info@calribero.es<\/a><\/strong><\/p>\n<\/div><\/div><\/div><div class=\"fusion-layout-column fusion_builder_column fusion-builder-column-4 fusion_builder_column_1_3 1_3 fusion-flex-column fusion-flex-align-self-stretch fusion-animated\" style=\"--awb-padding-top:8%;--awb-padding-bottom:8%;--awb-overflow:hidden;--awb-bg-color:var(--awb-color2);--awb-bg-color-hover:var(--awb-color2);--awb-bg-size:cover;--awb-box-shadow:0px 0px 20px 20px rgba(0,0,0,0.02);;--awb-border-radius:0px 50px 0px 0px;--awb-transform:translateY(0px);--awb-transform-hover:translateY(-10px);--awb-width-large:33.333333333333%;--awb-margin-top-large:20px;--awb-spacing-right-large:5.76%;--awb-margin-bottom-large:20px;--awb-spacing-left-large:5.76%;--awb-width-medium:33.333333333333%;--awb-order-medium:0;--awb-spacing-right-medium:5.76%;--awb-spacing-left-medium:5.76%;--awb-width-small:100%;--awb-order-small:0;--awb-spacing-right-small:1.92%;--awb-spacing-left-small:1.92%;\" data-animationType=\"fadeInUp\" data-animationDuration=\"1.5\" data-animationDelay=\"1.1\" data-animationOffset=\"top-into-view\"><div class=\"fusion-column-wrapper fusion-column-has-shadow fusion-flex-justify-content-flex-start fusion-content-layout-column\"><i class=\"fb-icon-element-3 fb-icon-element fontawesome-icon fa-clock fas circle-no\" style=\"--awb-iconcolor:var(--awb-color6);--awb-iconcolor-hover:var(--awb-color6);--awb-font-size:32px;--awb-align-self:center;--awb-margin-top:0px;--awb-margin-right:0px;--awb-margin-bottom:10px;--awb-margin-left:0px;\"><\/i><div class=\"fusion-title title fusion-title-5 fusion-sep-none fusion-title-center fusion-title-text fusion-title-size-three\" style=\"--awb-text-color:var(--awb-color6);--awb-margin-right:10%;--awb-margin-left:10%;--awb-font-size:22px;\"><h3 class=\"fusion-title-heading title-heading-center\" style=\"font-family:&quot;Fraunces&quot;;font-style:normal;font-weight:600;margin:0;font-size:1em;\">Horaire d\u2019attention<\/h3><\/div><div class=\"fusion-text fusion-text-4 fusion-text-no-margin\" style=\"--awb-content-alignment:center;--awb-font-size:14px;--awb-margin-right:10%;--awb-margin-bottom:0px;--awb-margin-left:10%;\"><p data-start=\"1502\" data-end=\"1582\">Du lundi au dimanche, de 9h00 \u00e0 20h00.<\/p>\n<\/div><\/div><\/div><div class=\"fusion-layout-column fusion_builder_column fusion-builder-column-5 fusion_builder_column_1_1 1_1 fusion-flex-column fusion-animated\" style=\"--awb-bg-size:cover;--awb-width-large:100%;--awb-margin-top-large:40px;--awb-spacing-right-large:1.92%;--awb-margin-bottom-large:40px;--awb-spacing-left-large:1.92%;--awb-width-medium:100%;--awb-order-medium:0;--awb-spacing-right-medium:1.92%;--awb-spacing-left-medium:1.92%;--awb-width-small:100%;--awb-order-small:0;--awb-spacing-right-small:1.92%;--awb-spacing-left-small:1.92%;\" data-animationType=\"fadeInUp\" data-animationDuration=\"1.5\" data-animationDelay=\"0.2\" data-animationOffset=\"top-into-view\"><div class=\"fusion-column-wrapper fusion-column-has-shadow fusion-flex-justify-content-flex-start fusion-content-layout-column\"><div class=\"fusion-title title fusion-title-6 fusion-sep-none fusion-title-center fusion-title-text fusion-title-size-div\" style=\"--awb-text-color:var(--awb-color5);--awb-margin-bottom:0px;--awb-margin-bottom-small:0px;--awb-font-size:20px;\"><div class=\"fusion-title-heading title-heading-center title-heading-tag\" style=\"font-family:&quot;Fraunces&quot;;font-style:italic;font-weight:300;margin:0;font-size:1em;text-transform:none;\">Contactez Cal Ribero et d\u00e9couvrez le tourisme rural en Catalogne de premi\u00e8re main<\/div><\/div><div class=\"fusion-title title fusion-title-7 fusion-sep-none fusion-title-center fusion-title-text fusion-title-size-two\" style=\"--awb-margin-bottom-small:20px;\"><h2 class=\"fusion-title-heading title-heading-center\" style=\"margin:0;text-transform:none;\">Nous sommes l\u00e0 pour vous aider \u00e0 faire de votre escapade rurale \u00e0 La Noguera une r\u00e9alit\u00e9.<\/h2><\/div><div class=\"fusion-text fusion-text-5 fusion-text-no-margin\" style=\"--awb-content-alignment:center;\"><p data-start=\"292\" data-end=\"602\">Chez Cal Ribero, nous savons que planifier des <strong data-start=\"331\" data-end=\"362\">vacances rurales en Catalogn<\/strong>e peut susciter des doutes ou des besoins particuliers. C&rsquo;est pourquoi nous sommes \u00e0 votre disposition pour vous fournir toutes les informations n\u00e9cessaires sur nos <strong data-start=\"520\" data-end=\"555\">appartements ruraux \u00e0 La Noguera<\/strong> et les activit\u00e9s que vous pourrez pratiquer dans la r\u00e9gion. <\/p>\n<p data-start=\"604\" data-end=\"886\">Quelle que soit votre question, qu&rsquo;il s&rsquo;agisse de disponibilit\u00e9, de services ou de recommandations pour un s\u00e9jour parfait, n&rsquo;h\u00e9sitez pas \u00e0 nous contacter. Utilisez le formulaire ou appelez-nous directement ; nous vous r\u00e9pondrons rapidement et avec la plus grande attention. <\/p>\n<p data-start=\"888\" data-end=\"1166\">Nous sommes \u00e9galement l\u00e0 pour vous aider \u00e0 planifier une <strong data-start=\"936\" data-end=\"967\">escapade rurale \u00e0 La Noguera<\/strong> alliant nature, culture et d\u00e9tente. Nous pouvons \u00e9galement vous sugg\u00e9rer des itin\u00e9raires, des march\u00e9s locaux, des f\u00eates traditionnelles et des exp\u00e9riences qui rendront votre s\u00e9jour rural en Catalogne unique et inoubliable. <\/p>\n<p data-start=\"1168\" data-end=\"1383\">N&rsquo;oubliez pas qu&rsquo;\u00e0 Cal Ribero votre confort et votre satisfaction sont notre priorit\u00e9, alors contactez-nous et pr\u00e9parez-vous \u00e0 profiter de <strong data-start=\"1312\" data-end=\"1343\">vacances rurales en Catalogne<\/strong> pleines d&rsquo;authenticit\u00e9 et de tranquillit\u00e9.<\/p>\n<\/div><\/div><\/div><\/div><\/div><\/p>\n","protected":false},"excerpt":{"rendered":"","protected":false},"author":1,"featured_media":0,"parent":0,"menu_order":0,"comment_status":"closed","ping_status":"closed","template":"100-width.php","meta":{"footnotes":""},"class_list":["post-2848","page","type-page","status-publish","hentry"],"yoast_head":"<!-- This site is optimized with the Yoast SEO plugin v25.3 - https:\/\/yoast.com\/wordpress\/plugins\/seo\/ -->\n<title>Contacter Cal Ribero | Appartements ruraux \u00e0 La Noguera<\/title>\n<meta name=\"description\" content=\"Contactez Cal Ribero et d\u00e9couvrez les meilleures options pour des vacances rurales en Catalogne dans des appartements confortables et chaleureux.\" \/>\n<meta name=\"robots\" content=\"index, follow, max-snippet:-1, max-image-preview:large, max-video-preview:-1\" \/>\n<link rel=\"canonical\" href=\"https:\/\/calribero.com\/fr\/contact\/\" \/>\n<meta property=\"og:locale\" content=\"fr_FR\" \/>\n<meta property=\"og:type\" content=\"article\" \/>\n<meta property=\"og:title\" content=\"Contacter Cal Ribero | Appartements ruraux \u00e0 La Noguera\" \/>\n<meta property=\"og:description\" content=\"Contactez Cal Ribero et d\u00e9couvrez les meilleures options pour des vacances rurales en Catalogne dans des appartements confortables et chaleureux.\" \/>\n<meta property=\"og:url\" content=\"https:\/\/calribero.com\/fr\/contact\/\" \/>\n<meta property=\"og:site_name\" content=\"Cal Ribero\" \/>\n<meta property=\"article:modified_time\" content=\"2025-08-11T12:06:32+00:00\" \/>\n<meta name=\"twitter:card\" content=\"summary_large_image\" \/>\n<meta name=\"twitter:label1\" content=\"Dur\u00e9e de lecture estim\u00e9e\" \/>\n\t<meta name=\"twitter:data1\" content=\"17 minutes\" \/>\n<script type=\"application\/ld+json\" class=\"yoast-schema-graph\">{\"@context\":\"https:\/\/schema.org\",\"@graph\":[{\"@type\":\"WebPage\",\"@id\":\"https:\/\/calribero.com\/fr\/contact\/\",\"url\":\"https:\/\/calribero.com\/fr\/contact\/\",\"name\":\"Contacter Cal Ribero | Appartements ruraux \u00e0 La Noguera\",\"isPartOf\":{\"@id\":\"https:\/\/calribero.com\/fr\/#website\"},\"datePublished\":\"2022-12-02T15:26:09+00:00\",\"dateModified\":\"2025-08-11T12:06:32+00:00\",\"description\":\"Contactez Cal Ribero et d\u00e9couvrez les meilleures options pour des vacances rurales en Catalogne dans des appartements confortables et chaleureux.\",\"breadcrumb\":{\"@id\":\"https:\/\/calribero.com\/fr\/contact\/#breadcrumb\"},\"inLanguage\":\"fr-FR\",\"potentialAction\":[{\"@type\":\"ReadAction\",\"target\":[\"https:\/\/calribero.com\/fr\/contact\/\"]}]},{\"@type\":\"BreadcrumbList\",\"@id\":\"https:\/\/calribero.com\/fr\/contact\/#breadcrumb\",\"itemListElement\":[{\"@type\":\"ListItem\",\"position\":1,\"name\":\"Inici\",\"item\":\"https:\/\/calribero.com\/fr\/cal-ribero-hebergements-ruraux\/\"},{\"@type\":\"ListItem\",\"position\":2,\"name\":\"Contact\"}]},{\"@type\":\"WebSite\",\"@id\":\"https:\/\/calribero.com\/fr\/#website\",\"url\":\"https:\/\/calribero.com\/fr\/\",\"name\":\"Cal Ribero\",\"description\":\"Moments \u00fanics en un entorn incomparable.\",\"potentialAction\":[{\"@type\":\"SearchAction\",\"target\":{\"@type\":\"EntryPoint\",\"urlTemplate\":\"https:\/\/calribero.com\/fr\/?s={search_term_string}\"},\"query-input\":{\"@type\":\"PropertyValueSpecification\",\"valueRequired\":true,\"valueName\":\"search_term_string\"}}],\"inLanguage\":\"fr-FR\"}]}<\/script>\n<!-- \/ Yoast SEO plugin. -->","yoast_head_json":{"title":"Contacter Cal Ribero | Appartements ruraux \u00e0 La Noguera","description":"Contactez Cal Ribero et d\u00e9couvrez les meilleures options pour des vacances rurales en Catalogne dans des appartements confortables et chaleureux.","robots":{"index":"index","follow":"follow","max-snippet":"max-snippet:-1","max-image-preview":"max-image-preview:large","max-video-preview":"max-video-preview:-1"},"canonical":"https:\/\/calribero.com\/fr\/contact\/","og_locale":"fr_FR","og_type":"article","og_title":"Contacter Cal Ribero | Appartements ruraux \u00e0 La Noguera","og_description":"Contactez Cal Ribero et d\u00e9couvrez les meilleures options pour des vacances rurales en Catalogne dans des appartements confortables et chaleureux.","og_url":"https:\/\/calribero.com\/fr\/contact\/","og_site_name":"Cal Ribero","article_modified_time":"2025-08-11T12:06:32+00:00","twitter_card":"summary_large_image","twitter_misc":{"Dur\u00e9e de lecture estim\u00e9e":"17 minutes"},"schema":{"@context":"https:\/\/schema.org","@graph":[{"@type":"WebPage","@id":"https:\/\/calribero.com\/fr\/contact\/","url":"https:\/\/calribero.com\/fr\/contact\/","name":"Contacter Cal Ribero | Appartements ruraux \u00e0 La Noguera","isPartOf":{"@id":"https:\/\/calribero.com\/fr\/#website"},"datePublished":"2022-12-02T15:26:09+00:00","dateModified":"2025-08-11T12:06:32+00:00","description":"Contactez Cal Ribero et d\u00e9couvrez les meilleures options pour des vacances rurales en Catalogne dans des appartements confortables et chaleureux.","breadcrumb":{"@id":"https:\/\/calribero.com\/fr\/contact\/#breadcrumb"},"inLanguage":"fr-FR","potentialAction":[{"@type":"ReadAction","target":["https:\/\/calribero.com\/fr\/contact\/"]}]},{"@type":"BreadcrumbList","@id":"https:\/\/calribero.com\/fr\/contact\/#breadcrumb","itemListElement":[{"@type":"ListItem","position":1,"name":"Inici","item":"https:\/\/calribero.com\/fr\/cal-ribero-hebergements-ruraux\/"},{"@type":"ListItem","position":2,"name":"Contact"}]},{"@type":"WebSite","@id":"https:\/\/calribero.com\/fr\/#website","url":"https:\/\/calribero.com\/fr\/","name":"Cal Ribero","description":"Moments \u00fanics en un entorn incomparable.","potentialAction":[{"@type":"SearchAction","target":{"@type":"EntryPoint","urlTemplate":"https:\/\/calribero.com\/fr\/?s={search_term_string}"},"query-input":{"@type":"PropertyValueSpecification","valueRequired":true,"valueName":"search_term_string"}}],"inLanguage":"fr-FR"}]}},"_links":{"self":[{"href":"https:\/\/calribero.com\/fr\/wp-json\/wp\/v2\/pages\/2848"}],"collection":[{"href":"https:\/\/calribero.com\/fr\/wp-json\/wp\/v2\/pages"}],"about":[{"href":"https:\/\/calribero.com\/fr\/wp-json\/wp\/v2\/types\/page"}],"author":[{"embeddable":true,"href":"https:\/\/calribero.com\/fr\/wp-json\/wp\/v2\/users\/1"}],"replies":[{"embeddable":true,"href":"https:\/\/calribero.com\/fr\/wp-json\/wp\/v2\/comments?post=2848"}],"version-history":[{"count":5,"href":"https:\/\/calribero.com\/fr\/wp-json\/wp\/v2\/pages\/2848\/revisions"}],"predecessor-version":[{"id":3610,"href":"https:\/\/calribero.com\/fr\/wp-json\/wp\/v2\/pages\/2848\/revisions\/3610"}],"wp:attachment":[{"href":"https:\/\/calribero.com\/fr\/wp-json\/wp\/v2\/media?parent=2848"}],"curies":[{"name":"wp","href":"https:\/\/api.w.org\/{rel}","templated":true}]}}