{"id":2699,"date":"2025-06-16T15:29:24","date_gmt":"2025-06-16T13:29:24","guid":{"rendered":"https:\/\/calribero.com\/politica-de-cookies\/"},"modified":"2025-07-01T15:47:55","modified_gmt":"2025-07-01T13:47:55","slug":"politica-de-cookies","status":"publish","type":"page","link":"https:\/\/calribero.com\/es\/politica-de-cookies\/","title":{"rendered":"Pol\u00edtica de cookies"},"content":{"rendered":"<div style=\"text-align: justify;\">\n<h2 style=\"text-align: center;\"><strong>POL\u00cdTICA DE COOKIES<\/strong><\/h2>\n<p>Esta p\u00e1gina web utiliza cookies para mejorar la experiencia del usuario. A continuaci\u00f3n, encontrar\u00e1 informaci\u00f3n sobre que son las cookies, qu\u00e9 tipo de cookies utiliza esta p\u00e1gina, c\u00f3mo puede desactivar las cookies en su navegador y c\u00f3mo desactivar espec\u00edficamente la instalaci\u00f3n de cookies de terceros. Si usted no encuentra la informaci\u00f3n espec\u00edfica que est\u00e1 buscando, por favor env\u00ede un correo a <b>info@calribero.es.<\/b>  <\/p>\n<h3><strong>\u00bfQu\u00e9 son las cookies?<\/strong><\/h3>\n<p>Las cookies son \u00fatiles por varios motivos. Desde un punto de vista t\u00e9cnico, permiten que las p\u00e1ginas web funcionen de forma m\u00e1s \u00e1gil y adaptada a sus preferencias, como almacenar su idioma o la moneda de su pa\u00eds. Adem\u00e1s, ayudan a los responsables de los sitios web a mejorar los servicios que ofrecen, gracias a la informaci\u00f3n estad\u00edstica que recogen a trav\u00e9s de ellas y sirven para hacer m\u00e1s eficiente la publicidad que podemos mostrarle.  <\/p>\n<h3><strong>\u00bfQu\u00e9 uso le damos a los distintos tipos de cookies?<\/strong><\/h3>\n<p><strong>Cookies de sesi\u00f3n<\/strong>: Las cookies de sesi\u00f3n son aquellas que duran el tiempo que el usuario est\u00e1 navegando por la p\u00e1gina web y se borran al finalizar.<\/p>\n<p><strong>Cookies persistentes<\/strong>: Estas cookies quedan almacenadas en el terminal del usuario, por un tiempo m\u00e1s largo, facilitando as\u00ed el control de las preferencias escogidas sin tener que repetir ciertos par\u00e1metros cada vez que se visite el sitio web.<\/p>\n<p><strong>Cookies propias<\/strong>: Son cookies creadas por el sitio web y que s\u00f3lo pueden leer la propia p\u00e1gina. Por ejemplo: cookies t\u00e9cnicas por la carga de im\u00e1genes, cookies de personalizaci\u00f3n de par\u00e1metros de la web, cookies de an\u00e1lisis de tr\u00e1fico, etc. <\/p>\n<p><strong>Cookies de terceros<\/strong>: Son cookies creadas por terceros y que utilizamos para diferentes servicios (por ej. An\u00e1lisis del sitio web o publicidad).<\/p>\n<p>Seg\u00fan su finalidad:<\/p>\n<p><strong>Cookies t\u00e9cnicas<\/strong>: Las cookies t\u00e9cnicas son aquellas imprescindibles y estrictamente necesarias para el correcto funcionamiento de un portal web y la utilizaci\u00f3n de las distintas opciones y servicios que ofrece. Por ejemplo, las que sirven para el mantenimiento de la sesi\u00f3n, gesti\u00f3n del tiempo de respuesta, rendimiento o validaci\u00f3n de opciones, utilizar elementos de seguridad, compartir contenido en redes sociales, etc. <\/p>\n<p><strong>Cookies de personalizaci\u00f3n<\/strong>: Estas cookies permiten al usuario especificar o personalizar algunas caracter\u00edsticas de las opciones generales de la p\u00e1gina web, por ejemplo, definir el idioma, configuraci\u00f3n regional o tipos de navegador.<\/p>\n<p><strong>Cookies anal\u00edticas<\/strong>: Las cookies anal\u00edticas son las utilizadas por nuestro portal web, para elaborar perfiles de navegaci\u00f3n y poder conocer las preferencias de los usuarios del mismo para mejorar la oferta de productos y servicios. Por ejemplo, mediante una cookie anal\u00edtica se controlar\u00edan las \u00e1reas geogr\u00e1ficas de mayor inter\u00e9s de un usuario, cu\u00e1l es el producto de mayor aceptaci\u00f3n, etc. <\/p>\n<p><strong>Cookies publicitarias<\/strong>: Las cookies publicitarias permiten la gesti\u00f3n de los espacios publicitarios en base a criterios concretos. Por ejemplo, la frecuencia de acceso, el contenido editado, etc. Las cookies de publicidad permiten a trav\u00e9s de la gesti\u00f3n de la publicidad almacenar informaci\u00f3n del comportamiento a trav\u00e9s de la observaci\u00f3n de h\u00e1bitos, estudiando los accesos y formando un perfil de preferencias del usuario, para ofrecer publicidad relacionada con los intereses de su perfil. <\/p>\n<\/div>\n","protected":false},"excerpt":{"rendered":"<p>POL\u00cdTICA DE COOKIES Esta p\u00e1gina web utiliza cookies para mejorar  [&#8230;]<\/p>\n","protected":false},"author":1,"featured_media":0,"parent":0,"menu_order":0,"comment_status":"closed","ping_status":"closed","template":"","meta":{"footnotes":""},"class_list":["post-2699","page","type-page","status-publish","hentry"],"yoast_head":"<!-- This site is optimized with the Yoast SEO plugin v25.3 - https:\/\/yoast.com\/wordpress\/plugins\/seo\/ -->\n<title>Pol\u00edtica de cookies - Cal Ribero<\/title>\n<meta name=\"robots\" content=\"index, follow, max-snippet:-1, max-image-preview:large, max-video-preview:-1\" \/>\n<link rel=\"canonical\" href=\"https:\/\/calribero.com\/es\/politica-de-cookies\/\" \/>\n<meta property=\"og:locale\" content=\"es_ES\" \/>\n<meta property=\"og:type\" content=\"article\" \/>\n<meta property=\"og:title\" content=\"Pol\u00edtica de cookies - Cal Ribero\" \/>\n<meta property=\"og:description\" content=\"POL\u00cdTICA DE COOKIES Esta p\u00e1gina web utiliza cookies para mejorar [...]\" \/>\n<meta property=\"og:url\" content=\"https:\/\/calribero.com\/es\/politica-de-cookies\/\" \/>\n<meta property=\"og:site_name\" content=\"Cal Ribero\" \/>\n<meta property=\"article:modified_time\" content=\"2025-07-01T13:47:55+00:00\" \/>\n<meta name=\"twitter:card\" content=\"summary_large_image\" \/>\n<meta name=\"twitter:label1\" content=\"Tiempo de lectura\" \/>\n\t<meta name=\"twitter:data1\" content=\"3 minutos\" \/>\n<script type=\"application\/ld+json\" class=\"yoast-schema-graph\">{\"@context\":\"https:\/\/schema.org\",\"@graph\":[{\"@type\":\"WebPage\",\"@id\":\"https:\/\/calribero.com\/es\/politica-de-cookies\/\",\"url\":\"https:\/\/calribero.com\/es\/politica-de-cookies\/\",\"name\":\"Pol\u00edtica de cookies - Cal Ribero\",\"isPartOf\":{\"@id\":\"https:\/\/calribero.com\/es\/#website\"},\"datePublished\":\"2025-06-16T13:29:24+00:00\",\"dateModified\":\"2025-07-01T13:47:55+00:00\",\"breadcrumb\":{\"@id\":\"https:\/\/calribero.com\/es\/politica-de-cookies\/#breadcrumb\"},\"inLanguage\":\"es\",\"potentialAction\":[{\"@type\":\"ReadAction\",\"target\":[\"https:\/\/calribero.com\/es\/politica-de-cookies\/\"]}]},{\"@type\":\"BreadcrumbList\",\"@id\":\"https:\/\/calribero.com\/es\/politica-de-cookies\/#breadcrumb\",\"itemListElement\":[{\"@type\":\"ListItem\",\"position\":1,\"name\":\"Inici\",\"item\":\"https:\/\/calribero.com\/es\/cal-ribero-alojamientos-rurales\/\"},{\"@type\":\"ListItem\",\"position\":2,\"name\":\"Pol\u00edtica de cookies\"}]},{\"@type\":\"WebSite\",\"@id\":\"https:\/\/calribero.com\/es\/#website\",\"url\":\"https:\/\/calribero.com\/es\/\",\"name\":\"Cal Ribero\",\"description\":\"Moments \u00fanics en un entorn incomparable.\",\"potentialAction\":[{\"@type\":\"SearchAction\",\"target\":{\"@type\":\"EntryPoint\",\"urlTemplate\":\"https:\/\/calribero.com\/es\/?s={search_term_string}\"},\"query-input\":{\"@type\":\"PropertyValueSpecification\",\"valueRequired\":true,\"valueName\":\"search_term_string\"}}],\"inLanguage\":\"es\"}]}<\/script>\n<!-- \/ Yoast SEO plugin. -->","yoast_head_json":{"title":"Pol\u00edtica de cookies - Cal Ribero","robots":{"index":"index","follow":"follow","max-snippet":"max-snippet:-1","max-image-preview":"max-image-preview:large","max-video-preview":"max-video-preview:-1"},"canonical":"https:\/\/calribero.com\/es\/politica-de-cookies\/","og_locale":"es_ES","og_type":"article","og_title":"Pol\u00edtica de cookies - Cal Ribero","og_description":"POL\u00cdTICA DE COOKIES Esta p\u00e1gina web utiliza cookies para mejorar [...]","og_url":"https:\/\/calribero.com\/es\/politica-de-cookies\/","og_site_name":"Cal Ribero","article_modified_time":"2025-07-01T13:47:55+00:00","twitter_card":"summary_large_image","twitter_misc":{"Tiempo de lectura":"3 minutos"},"schema":{"@context":"https:\/\/schema.org","@graph":[{"@type":"WebPage","@id":"https:\/\/calribero.com\/es\/politica-de-cookies\/","url":"https:\/\/calribero.com\/es\/politica-de-cookies\/","name":"Pol\u00edtica de cookies - Cal Ribero","isPartOf":{"@id":"https:\/\/calribero.com\/es\/#website"},"datePublished":"2025-06-16T13:29:24+00:00","dateModified":"2025-07-01T13:47:55+00:00","breadcrumb":{"@id":"https:\/\/calribero.com\/es\/politica-de-cookies\/#breadcrumb"},"inLanguage":"es","potentialAction":[{"@type":"ReadAction","target":["https:\/\/calribero.com\/es\/politica-de-cookies\/"]}]},{"@type":"BreadcrumbList","@id":"https:\/\/calribero.com\/es\/politica-de-cookies\/#breadcrumb","itemListElement":[{"@type":"ListItem","position":1,"name":"Inici","item":"https:\/\/calribero.com\/es\/cal-ribero-alojamientos-rurales\/"},{"@type":"ListItem","position":2,"name":"Pol\u00edtica de cookies"}]},{"@type":"WebSite","@id":"https:\/\/calribero.com\/es\/#website","url":"https:\/\/calribero.com\/es\/","name":"Cal Ribero","description":"Moments \u00fanics en un entorn incomparable.","potentialAction":[{"@type":"SearchAction","target":{"@type":"EntryPoint","urlTemplate":"https:\/\/calribero.com\/es\/?s={search_term_string}"},"query-input":{"@type":"PropertyValueSpecification","valueRequired":true,"valueName":"search_term_string"}}],"inLanguage":"es"}]}},"_links":{"self":[{"href":"https:\/\/calribero.com\/es\/wp-json\/wp\/v2\/pages\/2699"}],"collection":[{"href":"https:\/\/calribero.com\/es\/wp-json\/wp\/v2\/pages"}],"about":[{"href":"https:\/\/calribero.com\/es\/wp-json\/wp\/v2\/types\/page"}],"author":[{"embeddable":true,"href":"https:\/\/calribero.com\/es\/wp-json\/wp\/v2\/users\/1"}],"replies":[{"embeddable":true,"href":"https:\/\/calribero.com\/es\/wp-json\/wp\/v2\/comments?post=2699"}],"version-history":[{"count":1,"href":"https:\/\/calribero.com\/es\/wp-json\/wp\/v2\/pages\/2699\/revisions"}],"predecessor-version":[{"id":2971,"href":"https:\/\/calribero.com\/es\/wp-json\/wp\/v2\/pages\/2699\/revisions\/2971"}],"wp:attachment":[{"href":"https:\/\/calribero.com\/es\/wp-json\/wp\/v2\/media?parent=2699"}],"curies":[{"name":"wp","href":"https:\/\/api.w.org\/{rel}","templated":true}]}}