{"id":2661,"date":"2024-11-18T13:37:40","date_gmt":"2024-11-18T12:37:40","guid":{"rendered":"https:\/\/calribero.com\/condiciones-de-compra\/"},"modified":"2024-11-18T13:37:40","modified_gmt":"2024-11-18T12:37:40","slug":"condiciones-de-compra","status":"publish","type":"page","link":"https:\/\/calribero.com\/es\/condiciones-de-compra\/","title":{"rendered":"Condiciones de compra"},"content":{"rendered":"<div style=\"text-align: justify;\">\n<p style=\"padding-left: 30px;\">Las presentes Condiciones Generales de Compra regulan el uso del sitio web, https:\/\/calribero.com\/, del que RIBERO S.A.T. es titular. Los dominios https:\/\/calribero.com\/, con todos los subdominios asociados, pertenecen a RIBERO S.A.T., CIF: V25597741 con domicilio en Calle L&#8217;estaci\u00f3, 3, 25614 Gerb (Lleida). <\/p>\n<p style=\"padding-left: 30px;\">Por cualquier consulta, puede contactar con nosotros a trav\u00e9s del tel\u00e9fono 625 40 64 06, o enviando un correo electr\u00f3nico a info@calribero.es.<\/p>\n<p style=\"padding-left: 30px;\">En cumplimiento de lo dispuesto en la Ley 34\/2002, de 11 de julio, de Servicios de la Sociedad de la Informaci\u00f3n y Comercio Electr\u00f3nico, y otra normativa de aplicaci\u00f3n, RIBERO S.A.T. informa:<\/p>\n<p>    <strong>1.- Objeto<\/strong><\/p>\n<p style=\"padding-left: 30px;\">Las Condiciones de compra establecen los derechos y obligaciones de todos los usuarios de la tienda online RIBERO S.A.T., en relaci\u00f3n a los servicios que ofrecemos a trav\u00e9s de nuestro sitio web https:\/\/calribero.com\/.<\/p>\n<p style=\"padding-left: 30px;\">Al utilizar el sitio web https:\/\/calribero.com\/ o realizar una reserva a trav\u00e9s del mismo, usted es consciente de la vinculaci\u00f3n con estas Condiciones y nuestra Pol\u00edtica de Privacidad, por lo que, si usted no est\u00e1 de acuerdo con todas las Condiciones y con la Pol\u00edtica de Privacidad, no debe hacer ninguna reserva.<\/p>\n<p style=\"padding-left: 30px;\">El sitio web https:\/\/calribero.com\/ tiene por objeto la reserva de una estancia en CAL RIBERO, con la posibilidad de pago de la reserva.<\/p>\n<p>    <strong>2.- Reservas<\/strong><\/p>\n<p style=\"padding-left: 30px;\">El realizar una reserva en https:\/\/calribero.com\/ equivale a la aceptaci\u00f3n plena y entera de los precios, de la descripci\u00f3n de los servicios a la venta y de las condiciones generales de venta, que ser\u00e1n las \u00fanicas aplicables al contrato as\u00ed concluido.<\/p>\n<p style=\"padding-left: 30px;\">El comprador se compromete a hacer uso del sitio web https:\/\/calribero.com\/ s\u00f3lo para realizar consultas o reservas legalmente v\u00e1lidas. Tambi\u00e9n se obliga al comprador a facilitar de forma cierta y correcta sus datos de contacto, consintiendo asimismo el poder hacer uso de esta informaci\u00f3n para ponernos en contacto con \u00e9l si fuera necesario. <\/p>\n<p style=\"padding-left: 30px;\">El realizar una reserva a trav\u00e9s de https:\/\/calribero.com\/ garantiza estar plenamente autorizado para utilizar la tarjeta de pago, en caso de elegir esta modalidad de pago. S\u00f3lo las personas con la capacidad jur\u00eddica necesaria para suscribir contratos. <\/p>\n<p style=\"padding-left: 30px;\">RIBERO S.A.T. ofrece la posibilidad de efectuar el pago a trav\u00e9s de tarjeta o Bizum. El cargo en la tarjeta de cr\u00e9dito se realiza en el mismo momento de realizar la reserva, a trav\u00e9s de la pasarela de pago de la entidad financiera correspondiente y una vez comprobado que los datos comunicados son correctos. <\/p>\n<p style=\"padding-left: 30px;\">En este sentido, los datos confidenciales son transmitidos de forma encriptada (SSL) a la entidad financiera correspondiente. El sistema de encriptaci\u00f3n SSL que utilizamos confiere total seguridad a la transmisi\u00f3n de datos a trav\u00e9s de la red. Sus datos gozan de total confidencialidad y protecci\u00f3n.  <\/p>\n<p style=\"padding-left: 30px;\">La seguridad en la compra electr\u00f3nica est\u00e1 garantizada por la entidad financiera correspondiente. \u00c9sta dispone de los medios de seguridad necesarios para identificar posibles errores en los datos facilitados al hacer de pago con tarjeta o Bizum. <\/p>\n<p style=\"padding-left: 30px;\">Los datos sobre las tarjetas de cr\u00e9dito no quedan registrados en ninguna base de datos nuestra. Se utilizar\u00e1n \u00fanicamente en el TPV (Terminal Punto de Venta) virtual de la entidad financiera correspondiente, a trav\u00e9s de su Pasarela de Pago Seguro. <\/p>\n<p style=\"padding-left: 30px;\">Las tarjetas de cr\u00e9dito est\u00e1n sujetas a comprobaciones y autorizaciones por parte de la entidad emisora \u200b\u200bde las mismas, pero si la entidad no autorizara el pago, no nos haremos responsables por ning\u00fan retraso o falta de entrega y no podremos formalizar ning\u00fan contrato con usted.<\/p>\n<p style=\"padding-left: 30px;\">RIBERO S.A.T. se reserva el derecho a cambiar las modalidades de pago y puede crear nuevas o eliminar alguna de las existentes, sin que el usuario\/cliente de https:\/\/calribero.com\/ pueda realizar reclamaciones por este motivo. No obstante, si el cambio en la modalidad de pago afectase a una reserva ya realizada, desde https:\/\/calribero.com\/ nos pondr\u00edamos en contacto con el cliente para informar de este cambio, ofreciendo la opci\u00f3n de cancelar la reserva si lo considerase conveniente. <\/p>\n<p>    <strong>3.- Informaci\u00f3n y consultas<\/strong><\/p>\n<p style=\"padding-left: 30px;\">Para cualquier informaci\u00f3n sobre reservas web o sobre las caracter\u00edsticas de las estancias y reservas que ofrecemos, as\u00ed como para comunicarnos cualquier tipo de incidencia o reclamaci\u00f3n referente a la compra online, ponemos a su disposici\u00f3n la p\u00e1gina de Contacto del portal, enviando un correo electr\u00f3nico a info@calribero.es.<\/p>\n<p>    <strong>4.- Devoluciones<\/strong><\/p>\n<p style=\"padding-left: 30px;\">La reserva es reembolsable en caso de anulaci\u00f3n 14 d\u00edas antes de la fecha de llegada; hasta 7 d\u00edas antes de la llegada se pueden modificar las fechas de la estancia siempre que haya disponibilidad. En otro caso, la reserva no ser\u00e1 reembolsable. <\/p>\n<p style=\"padding-left: 30px;\">Para cancelar la reserva, deber\u00e1 ponerse en contacto con CAL RIBERO a trav\u00e9s del correo electr\u00f3nico info@calribero.es e indicar en el asunto del mensaje \u201cCancelaci\u00f3n\u201d.<\/p>\n<p>    <strong>5.- Responsabilidad<\/strong><\/p>\n<p style=\"padding-left: 30px;\">RIBERO S.A.T. no podr\u00e1 ser considerada responsable del incumplimiento del contrato suscrito en caso de causa de fuerza mayor, de interrupci\u00f3n de la actividad.<\/p>\n<p style=\"padding-left: 30px;\">Lo dispuesto en la presente cl\u00e1usula no afectar\u00e1 a los derechos reconocidos por ley en calidad de consumidor, ni al derecho de desistir del contrato.<\/p>\n<p style=\"padding-left: 30px;\">En caso de litigio, el cliente podr\u00e1 dirigirse, en primer lugar, a RIBERO S.A.T. para llegar a una resoluci\u00f3n amistosa.<\/p>\n<p>    <strong>6.- Ley aplicable<\/strong><\/p>\n<p style=\"padding-left: 30px;\">Las presentes Condiciones Generales se regir\u00e1n e interpretar\u00e1n de acuerdo a la legislaci\u00f3n vigente. Para cualquier litigio derivado de las relaciones comerciales entre el usuario y RIBERO S.A.T., las partes acuerdan someter a lo dispuesto en la legislaci\u00f3n vigente en la materia. <\/p>\n<\/div>\n","protected":false},"excerpt":{"rendered":"<p>Las presentes Condiciones Generales de Compra regulan el uso del  [&#8230;]<\/p>\n","protected":false},"author":1,"featured_media":0,"parent":0,"menu_order":0,"comment_status":"closed","ping_status":"closed","template":"","meta":{"footnotes":""},"class_list":["post-2661","page","type-page","status-publish","hentry"],"yoast_head":"<!-- This site is optimized with the Yoast SEO plugin v25.3 - https:\/\/yoast.com\/wordpress\/plugins\/seo\/ -->\n<title>Condiciones de compra - Cal Ribero<\/title>\n<meta name=\"robots\" content=\"index, follow, max-snippet:-1, max-image-preview:large, max-video-preview:-1\" \/>\n<link rel=\"canonical\" href=\"https:\/\/calribero.com\/es\/condiciones-de-compra\/\" \/>\n<meta property=\"og:locale\" content=\"es_ES\" \/>\n<meta property=\"og:type\" content=\"article\" \/>\n<meta property=\"og:title\" content=\"Condiciones de compra - Cal Ribero\" \/>\n<meta property=\"og:description\" content=\"Las presentes Condiciones Generales de Compra regulan el uso del [...]\" \/>\n<meta property=\"og:url\" content=\"https:\/\/calribero.com\/es\/condiciones-de-compra\/\" \/>\n<meta property=\"og:site_name\" content=\"Cal Ribero\" \/>\n<meta name=\"twitter:card\" content=\"summary_large_image\" \/>\n<meta name=\"twitter:label1\" content=\"Tiempo de lectura\" \/>\n\t<meta name=\"twitter:data1\" content=\"5 minutos\" \/>\n<script type=\"application\/ld+json\" class=\"yoast-schema-graph\">{\"@context\":\"https:\/\/schema.org\",\"@graph\":[{\"@type\":\"WebPage\",\"@id\":\"https:\/\/calribero.com\/es\/condiciones-de-compra\/\",\"url\":\"https:\/\/calribero.com\/es\/condiciones-de-compra\/\",\"name\":\"Condiciones de compra - Cal Ribero\",\"isPartOf\":{\"@id\":\"https:\/\/calribero.com\/es\/#website\"},\"datePublished\":\"2024-11-18T12:37:40+00:00\",\"breadcrumb\":{\"@id\":\"https:\/\/calribero.com\/es\/condiciones-de-compra\/#breadcrumb\"},\"inLanguage\":\"es\",\"potentialAction\":[{\"@type\":\"ReadAction\",\"target\":[\"https:\/\/calribero.com\/es\/condiciones-de-compra\/\"]}]},{\"@type\":\"BreadcrumbList\",\"@id\":\"https:\/\/calribero.com\/es\/condiciones-de-compra\/#breadcrumb\",\"itemListElement\":[{\"@type\":\"ListItem\",\"position\":1,\"name\":\"Inici\",\"item\":\"https:\/\/calribero.com\/es\/cal-ribero-alojamientos-rurales\/\"},{\"@type\":\"ListItem\",\"position\":2,\"name\":\"Condiciones de compra\"}]},{\"@type\":\"WebSite\",\"@id\":\"https:\/\/calribero.com\/es\/#website\",\"url\":\"https:\/\/calribero.com\/es\/\",\"name\":\"Cal Ribero\",\"description\":\"Moments \u00fanics en un entorn incomparable.\",\"potentialAction\":[{\"@type\":\"SearchAction\",\"target\":{\"@type\":\"EntryPoint\",\"urlTemplate\":\"https:\/\/calribero.com\/es\/?s={search_term_string}\"},\"query-input\":{\"@type\":\"PropertyValueSpecification\",\"valueRequired\":true,\"valueName\":\"search_term_string\"}}],\"inLanguage\":\"es\"}]}<\/script>\n<!-- \/ Yoast SEO plugin. -->","yoast_head_json":{"title":"Condiciones de compra - Cal Ribero","robots":{"index":"index","follow":"follow","max-snippet":"max-snippet:-1","max-image-preview":"max-image-preview:large","max-video-preview":"max-video-preview:-1"},"canonical":"https:\/\/calribero.com\/es\/condiciones-de-compra\/","og_locale":"es_ES","og_type":"article","og_title":"Condiciones de compra - Cal Ribero","og_description":"Las presentes Condiciones Generales de Compra regulan el uso del [...]","og_url":"https:\/\/calribero.com\/es\/condiciones-de-compra\/","og_site_name":"Cal Ribero","twitter_card":"summary_large_image","twitter_misc":{"Tiempo de lectura":"5 minutos"},"schema":{"@context":"https:\/\/schema.org","@graph":[{"@type":"WebPage","@id":"https:\/\/calribero.com\/es\/condiciones-de-compra\/","url":"https:\/\/calribero.com\/es\/condiciones-de-compra\/","name":"Condiciones de compra - Cal Ribero","isPartOf":{"@id":"https:\/\/calribero.com\/es\/#website"},"datePublished":"2024-11-18T12:37:40+00:00","breadcrumb":{"@id":"https:\/\/calribero.com\/es\/condiciones-de-compra\/#breadcrumb"},"inLanguage":"es","potentialAction":[{"@type":"ReadAction","target":["https:\/\/calribero.com\/es\/condiciones-de-compra\/"]}]},{"@type":"BreadcrumbList","@id":"https:\/\/calribero.com\/es\/condiciones-de-compra\/#breadcrumb","itemListElement":[{"@type":"ListItem","position":1,"name":"Inici","item":"https:\/\/calribero.com\/es\/cal-ribero-alojamientos-rurales\/"},{"@type":"ListItem","position":2,"name":"Condiciones de compra"}]},{"@type":"WebSite","@id":"https:\/\/calribero.com\/es\/#website","url":"https:\/\/calribero.com\/es\/","name":"Cal Ribero","description":"Moments \u00fanics en un entorn incomparable.","potentialAction":[{"@type":"SearchAction","target":{"@type":"EntryPoint","urlTemplate":"https:\/\/calribero.com\/es\/?s={search_term_string}"},"query-input":{"@type":"PropertyValueSpecification","valueRequired":true,"valueName":"search_term_string"}}],"inLanguage":"es"}]}},"_links":{"self":[{"href":"https:\/\/calribero.com\/es\/wp-json\/wp\/v2\/pages\/2661"}],"collection":[{"href":"https:\/\/calribero.com\/es\/wp-json\/wp\/v2\/pages"}],"about":[{"href":"https:\/\/calribero.com\/es\/wp-json\/wp\/v2\/types\/page"}],"author":[{"embeddable":true,"href":"https:\/\/calribero.com\/es\/wp-json\/wp\/v2\/users\/1"}],"replies":[{"embeddable":true,"href":"https:\/\/calribero.com\/es\/wp-json\/wp\/v2\/comments?post=2661"}],"version-history":[{"count":0,"href":"https:\/\/calribero.com\/es\/wp-json\/wp\/v2\/pages\/2661\/revisions"}],"wp:attachment":[{"href":"https:\/\/calribero.com\/es\/wp-json\/wp\/v2\/media?parent=2661"}],"curies":[{"name":"wp","href":"https:\/\/api.w.org\/{rel}","templated":true}]}}