{"id":2652,"date":"2025-05-19T17:50:26","date_gmt":"2025-05-19T15:50:26","guid":{"rendered":"https:\/\/calribero.com\/tarifas\/"},"modified":"2025-08-26T10:10:03","modified_gmt":"2025-08-26T08:10:03","slug":"tarifas","status":"publish","type":"page","link":"https:\/\/calribero.com\/es\/tarifas\/","title":{"rendered":"Tarifas"},"content":{"rendered":"<div class=\"fusion-fullwidth fullwidth-box fusion-builder-row-1 fusion-flex-container has-pattern-background has-mask-background nonhundred-percent-fullwidth non-hundred-percent-height-scrolling\" style=\"--awb-border-radius-top-left:0px;--awb-border-radius-top-right:0px;--awb-border-radius-bottom-right:0px;--awb-border-radius-bottom-left:0px;--awb-padding-top:80px;--awb-padding-bottom:80px;--awb-flex-wrap:wrap;\" ><div class=\"fusion-builder-row fusion-row fusion-flex-align-items-flex-start fusion-flex-justify-content-center fusion-flex-content-wrap\" style=\"max-width:1248px;margin-left: calc(-4% \/ 2 );margin-right: calc(-4% \/ 2 );\"><div class=\"fusion-layout-column fusion_builder_column fusion-builder-column-0 fusion_builder_column_5_6 5_6 fusion-flex-column fusion-animated\" style=\"--awb-bg-size:cover;--awb-width-large:83.333333333333%;--awb-margin-top-large:0px;--awb-spacing-right-large:2.304%;--awb-margin-bottom-large:80px;--awb-spacing-left-large:2.304%;--awb-width-medium:83.333333333333%;--awb-order-medium:0;--awb-spacing-right-medium:2.304%;--awb-spacing-left-medium:2.304%;--awb-width-small:100%;--awb-order-small:0;--awb-spacing-right-small:1.92%;--awb-spacing-left-small:1.92%;\" data-animationType=\"fadeInUp\" data-animationDuration=\"1.5\" data-animationDelay=\"0.2\" data-animationOffset=\"top-into-view\"><div class=\"fusion-column-wrapper fusion-column-has-shadow fusion-flex-justify-content-flex-start fusion-content-layout-column\"><div class=\"fusion-title title fusion-title-1 fusion-sep-none fusion-title-center fusion-title-text fusion-title-size-div\" style=\"--awb-text-color:var(--awb-color5);--awb-margin-bottom:0px;--awb-margin-bottom-small:0px;--awb-font-size:20px;\"><div class=\"fusion-title-heading title-heading-center title-heading-tag\" style=\"font-family:&quot;Fraunces&quot;;font-style:italic;font-weight:300;margin:0;font-size:1em;text-transform:none;\">Precios, condiciones y reservas<\/div><\/div><div class=\"fusion-title title fusion-title-2 fusion-sep-none fusion-title-center fusion-title-text fusion-title-size-two\" style=\"--awb-margin-bottom-small:20px;\"><h2 class=\"fusion-title-heading title-heading-center\" style=\"margin:0;text-transform:none;\">Tarifas y reservas<\/h2><\/div><div class=\"fusion-text fusion-text-1 fusion-text-no-margin\" style=\"--awb-content-alignment:center;\"><p>En <strong>Cal Ribero<\/strong> te lo ponemos f\u00e1cil para Cal Ribero te ofrecemos <strong>precios competitivos y descuentos adaptados<\/strong> a la duraci\u00f3n de tu estancia. Queremos que disfrutes de nuestro entorno con la <strong>m\u00e1xima comodidad<\/strong> y al <strong>mejor precio<\/strong>.<br \/>Aqu\u00ed encontrar\u00e1s toda la informaci\u00f3n para hacer tu reserva de <strong>forma f\u00e1cil y segura<\/strong>. <\/p>\n<\/div><\/div><\/div><div class=\"fusion-layout-column fusion_builder_column fusion-builder-column-1 fusion_builder_column_1_2 1_2 fusion-flex-column fusion-flex-align-self-stretch fusion-animated\" style=\"--awb-padding-top:8%;--awb-padding-bottom:8%;--awb-overflow:hidden;--awb-bg-color:var(--awb-color2);--awb-bg-color-hover:var(--awb-color2);--awb-bg-size:cover;--awb-box-shadow:0px 0px 20px 20px rgba(0,0,0,0.02);;--awb-border-radius:50px 0px 0px 0px;--awb-transform:translateY(0px);--awb-transform-hover:translateY(-10px);--awb-width-large:50%;--awb-margin-top-large:20px;--awb-spacing-right-large:3.84%;--awb-margin-bottom-large:20px;--awb-spacing-left-large:3.84%;--awb-width-medium:50%;--awb-order-medium:0;--awb-spacing-right-medium:3.84%;--awb-spacing-left-medium:3.84%;--awb-width-small:100%;--awb-order-small:0;--awb-spacing-right-small:1.92%;--awb-spacing-left-small:1.92%;\" data-animationType=\"fadeInUp\" data-animationDuration=\"1.5\" data-animationDelay=\"0.5\" data-animationOffset=\"top-into-view\"><div class=\"fusion-column-wrapper fusion-column-has-shadow fusion-flex-justify-content-flex-start fusion-content-layout-column\"><div class=\"fusion-title title fusion-title-3 fusion-sep-none fusion-title-text fusion-title-size-three\" style=\"--awb-text-color:var(--awb-color6);--awb-margin-right:10%;--awb-margin-left:10%;--awb-font-size:20px;\"><h3 class=\"fusion-title-heading title-heading-left\" style=\"font-family:&quot;Fraunces&quot;;font-style:normal;font-weight:600;margin:0;font-size:1em;\">Reserva online 24\/7<\/h3><\/div><div class=\"fusion-title title fusion-title-4 fusion-sep-none fusion-title-text fusion-title-size-four\" style=\"--awb-text-color:var(--awb-color4);--awb-margin-top:-15px;--awb-margin-right:10%;--awb-margin-left:10%;--awb-font-size:16px;\"><h4 class=\"fusion-title-heading title-heading-left\" style=\"font-family:&quot;Fraunces&quot;;font-style:normal;font-weight:600;margin:0;font-size:1em;\">R\u00e1pido, c\u00f3modo y sin esperas<\/h4><\/div><div class=\"fusion-text fusion-text-2 fusion-text-no-margin\" style=\"--awb-content-alignment:left;--awb-font-size:14px;--awb-margin-right:10%;--awb-margin-bottom:0px;--awb-margin-left:10%;\"><p>Puedes realizar tu <strong>reserva <\/strong>a cualquier hora del d\u00eda a trav\u00e9s de nuestra plataforma online, de forma totalmente segura.<\/p>\n<\/div><div style=\"text-align:left;\"><a class=\"fusion-button button-flat fusion-button-default-size button-default fusion-button-default button-1 fusion-button-default-span fusion-button-default-type\" style=\"--button_margin-top:20px;--button_margin-right:10%;--button_margin-left:10%;\" target=\"_self\" href=\"https:\/\/calribero.com\/es\/reserva\/\"><span class=\"fusion-button-text\">Haz tu reserva ahora<\/span><\/a><\/div><\/div><\/div><div class=\"fusion-layout-column fusion_builder_column fusion-builder-column-2 fusion_builder_column_1_2 1_2 fusion-flex-column fusion-flex-align-self-stretch fusion-animated\" style=\"--awb-padding-top:8%;--awb-padding-bottom:8%;--awb-overflow:hidden;--awb-bg-color:var(--awb-color2);--awb-bg-color-hover:var(--awb-color2);--awb-bg-size:cover;--awb-box-shadow:0px 0px 20px 20px rgba(0,0,0,0.02);;--awb-border-radius:0px 50px 0px 0px;--awb-transform:translateY(0px);--awb-transform-hover:translateY(-10px);--awb-width-large:50%;--awb-margin-top-large:20px;--awb-spacing-right-large:3.84%;--awb-margin-bottom-large:20px;--awb-spacing-left-large:3.84%;--awb-width-medium:50%;--awb-order-medium:0;--awb-spacing-right-medium:3.84%;--awb-spacing-left-medium:3.84%;--awb-width-small:100%;--awb-order-small:0;--awb-spacing-right-small:1.92%;--awb-spacing-left-small:1.92%;\" data-animationType=\"fadeInUp\" data-animationDuration=\"1.5\" data-animationDelay=\"0.5\" data-animationOffset=\"top-into-view\"><div class=\"fusion-column-wrapper fusion-column-has-shadow fusion-flex-justify-content-flex-start fusion-content-layout-column\"><div class=\"fusion-title title fusion-title-5 fusion-sep-none fusion-title-text fusion-title-size-three\" style=\"--awb-text-color:var(--awb-color6);--awb-margin-right:10%;--awb-margin-left:10%;--awb-font-size:20px;\"><h3 class=\"fusion-title-heading title-heading-left\" style=\"font-family:&quot;Fraunces&quot;;font-style:normal;font-weight:600;margin:0;font-size:1em;\">Reservas por tel\u00e9fono<\/h3><\/div><div class=\"fusion-title title fusion-title-6 fusion-sep-none fusion-title-text fusion-title-size-four\" style=\"--awb-text-color:var(--awb-color4);--awb-margin-top:-15px;--awb-margin-right:10%;--awb-margin-left:10%;--awb-font-size:16px;\"><h4 class=\"fusion-title-heading title-heading-left\" style=\"font-family:&quot;Fraunces&quot;;font-style:normal;font-weight:600;margin:0;font-size:1em;\">\u00a1Te atenderemos encantados!<\/h4><\/div><div class=\"fusion-text fusion-text-3 fusion-text-no-margin\" style=\"--awb-content-alignment:left;--awb-font-size:14px;--awb-margin-right:10%;--awb-margin-bottom:0px;--awb-margin-left:10%;\"><p>Si prefieres hablar directamente con nosotros, ll\u00e1manos. Estaremos encantados de ayudarte a escoger el alojamiento que mejor se adapte.<\/p>\n<\/div><div style=\"text-align:left;\"><a class=\"fusion-button button-flat fusion-button-default-size button-default fusion-button-default button-2 fusion-button-default-span fusion-button-default-type\" style=\"--button_margin-top:20px;--button_margin-right:10%;--button_margin-left:10%;\" target=\"_self\" href=\"tel:625406406\"><span class=\"fusion-button-text\">Llamanos al 625 406 406<\/span><\/a><\/div><\/div><\/div><div class=\"fusion-layout-column fusion_builder_column fusion-builder-column-3 fusion_builder_column_1_2 1_2 fusion-flex-column fusion-flex-align-self-stretch fusion-animated\" style=\"--awb-padding-top:8%;--awb-padding-bottom:8%;--awb-overflow:hidden;--awb-bg-color:var(--awb-color2);--awb-bg-color-hover:var(--awb-color2);--awb-bg-size:cover;--awb-box-shadow:0px 0px 20px 20px rgba(0,0,0,0.02);;--awb-border-radius:0px 0px 0px 50px;--awb-transform:translateY(0px);--awb-transform-hover:translateY(-10px);--awb-width-large:50%;--awb-margin-top-large:20px;--awb-spacing-right-large:3.84%;--awb-margin-bottom-large:20px;--awb-spacing-left-large:3.84%;--awb-width-medium:50%;--awb-order-medium:0;--awb-spacing-right-medium:3.84%;--awb-spacing-left-medium:3.84%;--awb-width-small:100%;--awb-order-small:0;--awb-spacing-right-small:1.92%;--awb-spacing-left-small:1.92%;\" data-animationType=\"fadeInUp\" data-animationDuration=\"1.5\" data-animationDelay=\"0.5\" data-animationOffset=\"top-into-view\"><div class=\"fusion-column-wrapper fusion-column-has-shadow fusion-flex-justify-content-flex-start fusion-content-layout-column\"><div class=\"fusion-title title fusion-title-7 fusion-sep-none fusion-title-text fusion-title-size-three\" style=\"--awb-text-color:var(--awb-color6);--awb-margin-right:10%;--awb-margin-left:10%;--awb-font-size:20px;\"><h3 class=\"fusion-title-heading title-heading-left\" style=\"font-family:&quot;Fraunces&quot;;font-style:normal;font-weight:600;margin:0;font-size:1em;\">Tarifas especiales Cal Ribero<\/h3><\/div><div class=\"fusion-title title fusion-title-8 fusion-sep-none fusion-title-text fusion-title-size-four\" style=\"--awb-text-color:var(--awb-color4);--awb-margin-top:-15px;--awb-margin-right:10%;--awb-margin-left:10%;--awb-font-size:16px;\"><h4 class=\"fusion-title-heading title-heading-left\" style=\"font-family:&quot;Fraunces&quot;;font-style:normal;font-weight:600;margin:0;font-size:1em;\">Estancias m\u00e1s largas, precios m\u00e1s econ\u00f3micos<\/h4><\/div><div class=\"fusion-text fusion-text-4 fusion-text-no-margin\" style=\"--awb-content-alignment:left;--awb-font-size:14px;--awb-margin-right:10%;--awb-margin-bottom:0px;--awb-margin-left:10%;\"><p>En Cal Ribero trabajamos con tarifas decrecientes, es decir:<\/p>\n<\/div><ul style=\"--awb-size:14px;--awb-margin-top:20px;--awb-item-padding-right:10%;--awb-item-padding-left:10%;--awb-iconcolor:var(--awb-color5);--awb-line-height:23.8px;--awb-icon-width:23.8px;--awb-icon-height:23.8px;--awb-icon-margin:9.8px;--awb-content-margin:33.6px;\" class=\"fusion-checklist fusion-checklist-1 fusion-checklist-default fusion-no-small-visibility fusion-no-medium-visibility type-icons\"><li class=\"fusion-li-item\" style=\"\"><span class=\"icon-wrapper circle-no\"><i class=\"fusion-li-icon fa-angle-right fas\" aria-hidden=\"true\"><\/i><\/span><div class=\"fusion-li-item-content\">\n<p>Cuanto m\u00e1s noches reservas, menor ser\u00e1 el precio por noche.<\/p>\n<\/div><\/li><li class=\"fusion-li-item\" style=\"\"><span class=\"icon-wrapper circle-no\"><i class=\"fusion-li-icon fa-angle-right fas\" aria-hidden=\"true\"><\/i><\/span><div class=\"fusion-li-item-content\">\n<p>Ofrecemos descuentos especiales para estancias largas (consultar condiciones).<\/p>\n<\/div><\/li><li class=\"fusion-li-item\" style=\"\"><span class=\"icon-wrapper circle-no\"><i class=\"fusion-li-icon fa-angle-right fas\" aria-hidden=\"true\"><\/i><\/span><div class=\"fusion-li-item-content\">\n<p>No se aplican tarifas fijas, sino adaptadas a cada reserva.<\/p>\n<\/div><\/li><\/ul><\/div><\/div><div class=\"fusion-layout-column fusion_builder_column fusion-builder-column-4 fusion_builder_column_1_2 1_2 fusion-flex-column fusion-flex-align-self-stretch fusion-animated\" style=\"--awb-padding-top:8%;--awb-padding-bottom:8%;--awb-overflow:hidden;--awb-bg-color:var(--awb-color2);--awb-bg-color-hover:var(--awb-color2);--awb-bg-size:cover;--awb-box-shadow:0px 0px 20px 20px rgba(0,0,0,0.02);;--awb-border-radius:0px 0px 50px 0px;--awb-transform:translateY(0px);--awb-transform-hover:translateY(-10px);--awb-width-large:50%;--awb-margin-top-large:20px;--awb-spacing-right-large:3.84%;--awb-margin-bottom-large:20px;--awb-spacing-left-large:3.84%;--awb-width-medium:50%;--awb-order-medium:0;--awb-spacing-right-medium:3.84%;--awb-spacing-left-medium:3.84%;--awb-width-small:100%;--awb-order-small:0;--awb-spacing-right-small:1.92%;--awb-spacing-left-small:1.92%;\" data-animationType=\"fadeInUp\" data-animationDuration=\"1.5\" data-animationDelay=\"0.5\" data-animationOffset=\"top-into-view\"><div class=\"fusion-column-wrapper fusion-column-has-shadow fusion-flex-justify-content-flex-start fusion-content-layout-column\"><div class=\"fusion-title title fusion-title-9 fusion-sep-none fusion-title-text fusion-title-size-three\" style=\"--awb-text-color:var(--awb-color6);--awb-margin-right:10%;--awb-margin-left:10%;--awb-font-size:20px;\"><h3 class=\"fusion-title-heading title-heading-left\" style=\"font-family:&quot;Fraunces&quot;;font-style:normal;font-weight:600;margin:0;font-size:1em;\">Horarios de entrada y salida<\/h3><\/div><div class=\"fusion-title title fusion-title-10 fusion-sep-none fusion-title-text fusion-title-size-four\" style=\"--awb-text-color:var(--awb-color4);--awb-margin-top:-15px;--awb-margin-right:10%;--awb-margin-left:10%;--awb-font-size:16px;\"><h4 class=\"fusion-title-heading title-heading-left\" style=\"font-family:&quot;Fraunces&quot;;font-style:normal;font-weight:600;margin:0;font-size:1em;\">Para que puedas planificar tu llegada con tranquilidad<\/h4><\/div><ul style=\"--awb-size:14px;--awb-margin-top:20px;--awb-item-padding-right:10%;--awb-item-padding-left:10%;--awb-iconcolor:var(--awb-color5);--awb-line-height:23.8px;--awb-icon-width:23.8px;--awb-icon-height:23.8px;--awb-icon-margin:9.8px;--awb-content-margin:33.6px;\" class=\"fusion-checklist fusion-checklist-2 fusion-checklist-default fusion-no-small-visibility fusion-no-medium-visibility type-icons\"><li class=\"fusion-li-item\" style=\"\"><span class=\"icon-wrapper circle-no\"><i class=\"fusion-li-icon fa-angle-right fas\" aria-hidden=\"true\"><\/i><\/span><div class=\"fusion-li-item-content\">\n<p><strong>Entrada<\/strong>: a partir de las 14:00 h<\/p>\n<\/div><\/li><li class=\"fusion-li-item\" style=\"\"><span class=\"icon-wrapper circle-no\"><i class=\"fusion-li-icon fa-angle-right fas\" aria-hidden=\"true\"><\/i><\/span><div class=\"fusion-li-item-content\">\n<p><strong>Salida<\/strong>: hasta las 10:00 h<\/p>\n<\/div><\/li><\/ul><div class=\"fusion-text fusion-text-5 fusion-text-no-margin\" style=\"--awb-content-alignment:left;--awb-font-size:14px;--awb-margin-right:10%;--awb-margin-bottom:0px;--awb-margin-left:10%;\"><p>Entradas antes o salidas m\u00e1s tarde tienen suplemento (sujeto a disponibilidad).<\/p>\n<\/div><\/div><\/div><\/div><\/div>\n","protected":false},"excerpt":{"rendered":"","protected":false},"author":1,"featured_media":0,"parent":0,"menu_order":0,"comment_status":"closed","ping_status":"closed","template":"100-width.php","meta":{"footnotes":""},"class_list":["post-2652","page","type-page","status-publish","hentry"],"yoast_head":"<!-- This site is optimized with the Yoast SEO plugin v25.3 - https:\/\/yoast.com\/wordpress\/plugins\/seo\/ -->\n<title>Tarifas - Cal Ribero<\/title>\n<meta name=\"robots\" content=\"index, follow, max-snippet:-1, max-image-preview:large, max-video-preview:-1\" \/>\n<link rel=\"canonical\" href=\"https:\/\/calribero.com\/es\/tarifas\/\" \/>\n<meta property=\"og:locale\" content=\"es_ES\" \/>\n<meta property=\"og:type\" content=\"article\" \/>\n<meta property=\"og:title\" content=\"Tarifas - Cal Ribero\" \/>\n<meta property=\"og:url\" content=\"https:\/\/calribero.com\/es\/tarifas\/\" \/>\n<meta property=\"og:site_name\" content=\"Cal Ribero\" \/>\n<meta property=\"article:modified_time\" content=\"2025-08-26T08:10:03+00:00\" \/>\n<meta name=\"twitter:card\" content=\"summary_large_image\" \/>\n<meta name=\"twitter:label1\" content=\"Tiempo de lectura\" \/>\n\t<meta name=\"twitter:data1\" content=\"17 minutos\" \/>\n<script type=\"application\/ld+json\" class=\"yoast-schema-graph\">{\"@context\":\"https:\/\/schema.org\",\"@graph\":[{\"@type\":\"WebPage\",\"@id\":\"https:\/\/calribero.com\/es\/tarifas\/\",\"url\":\"https:\/\/calribero.com\/es\/tarifas\/\",\"name\":\"Tarifas - Cal Ribero\",\"isPartOf\":{\"@id\":\"https:\/\/calribero.com\/es\/#website\"},\"datePublished\":\"2025-05-19T15:50:26+00:00\",\"dateModified\":\"2025-08-26T08:10:03+00:00\",\"breadcrumb\":{\"@id\":\"https:\/\/calribero.com\/es\/tarifas\/#breadcrumb\"},\"inLanguage\":\"es\",\"potentialAction\":[{\"@type\":\"ReadAction\",\"target\":[\"https:\/\/calribero.com\/es\/tarifas\/\"]}]},{\"@type\":\"BreadcrumbList\",\"@id\":\"https:\/\/calribero.com\/es\/tarifas\/#breadcrumb\",\"itemListElement\":[{\"@type\":\"ListItem\",\"position\":1,\"name\":\"Inici\",\"item\":\"https:\/\/calribero.com\/es\/cal-ribero-alojamientos-rurales\/\"},{\"@type\":\"ListItem\",\"position\":2,\"name\":\"Tarifas\"}]},{\"@type\":\"WebSite\",\"@id\":\"https:\/\/calribero.com\/es\/#website\",\"url\":\"https:\/\/calribero.com\/es\/\",\"name\":\"Cal Ribero\",\"description\":\"Moments \u00fanics en un entorn incomparable.\",\"potentialAction\":[{\"@type\":\"SearchAction\",\"target\":{\"@type\":\"EntryPoint\",\"urlTemplate\":\"https:\/\/calribero.com\/es\/?s={search_term_string}\"},\"query-input\":{\"@type\":\"PropertyValueSpecification\",\"valueRequired\":true,\"valueName\":\"search_term_string\"}}],\"inLanguage\":\"es\"}]}<\/script>\n<!-- \/ Yoast SEO plugin. -->","yoast_head_json":{"title":"Tarifas - Cal Ribero","robots":{"index":"index","follow":"follow","max-snippet":"max-snippet:-1","max-image-preview":"max-image-preview:large","max-video-preview":"max-video-preview:-1"},"canonical":"https:\/\/calribero.com\/es\/tarifas\/","og_locale":"es_ES","og_type":"article","og_title":"Tarifas - Cal Ribero","og_url":"https:\/\/calribero.com\/es\/tarifas\/","og_site_name":"Cal Ribero","article_modified_time":"2025-08-26T08:10:03+00:00","twitter_card":"summary_large_image","twitter_misc":{"Tiempo de lectura":"17 minutos"},"schema":{"@context":"https:\/\/schema.org","@graph":[{"@type":"WebPage","@id":"https:\/\/calribero.com\/es\/tarifas\/","url":"https:\/\/calribero.com\/es\/tarifas\/","name":"Tarifas - Cal Ribero","isPartOf":{"@id":"https:\/\/calribero.com\/es\/#website"},"datePublished":"2025-05-19T15:50:26+00:00","dateModified":"2025-08-26T08:10:03+00:00","breadcrumb":{"@id":"https:\/\/calribero.com\/es\/tarifas\/#breadcrumb"},"inLanguage":"es","potentialAction":[{"@type":"ReadAction","target":["https:\/\/calribero.com\/es\/tarifas\/"]}]},{"@type":"BreadcrumbList","@id":"https:\/\/calribero.com\/es\/tarifas\/#breadcrumb","itemListElement":[{"@type":"ListItem","position":1,"name":"Inici","item":"https:\/\/calribero.com\/es\/cal-ribero-alojamientos-rurales\/"},{"@type":"ListItem","position":2,"name":"Tarifas"}]},{"@type":"WebSite","@id":"https:\/\/calribero.com\/es\/#website","url":"https:\/\/calribero.com\/es\/","name":"Cal Ribero","description":"Moments \u00fanics en un entorn incomparable.","potentialAction":[{"@type":"SearchAction","target":{"@type":"EntryPoint","urlTemplate":"https:\/\/calribero.com\/es\/?s={search_term_string}"},"query-input":{"@type":"PropertyValueSpecification","valueRequired":true,"valueName":"search_term_string"}}],"inLanguage":"es"}]}},"_links":{"self":[{"href":"https:\/\/calribero.com\/es\/wp-json\/wp\/v2\/pages\/2652"}],"collection":[{"href":"https:\/\/calribero.com\/es\/wp-json\/wp\/v2\/pages"}],"about":[{"href":"https:\/\/calribero.com\/es\/wp-json\/wp\/v2\/types\/page"}],"author":[{"embeddable":true,"href":"https:\/\/calribero.com\/es\/wp-json\/wp\/v2\/users\/1"}],"replies":[{"embeddable":true,"href":"https:\/\/calribero.com\/es\/wp-json\/wp\/v2\/comments?post=2652"}],"version-history":[{"count":10,"href":"https:\/\/calribero.com\/es\/wp-json\/wp\/v2\/pages\/2652\/revisions"}],"predecessor-version":[{"id":3652,"href":"https:\/\/calribero.com\/es\/wp-json\/wp\/v2\/pages\/2652\/revisions\/3652"}],"wp:attachment":[{"href":"https:\/\/calribero.com\/es\/wp-json\/wp\/v2\/media?parent=2652"}],"curies":[{"name":"wp","href":"https:\/\/api.w.org\/{rel}","templated":true}]}}