{"id":2644,"date":"2022-12-02T16:26:09","date_gmt":"2022-12-02T15:26:09","guid":{"rendered":"https:\/\/calribero.com\/contacto\/"},"modified":"2025-08-11T13:38:03","modified_gmt":"2025-08-11T11:38:03","slug":"contacto","status":"publish","type":"page","link":"https:\/\/calribero.com\/es\/contacto\/","title":{"rendered":"Contacto"},"content":{"rendered":"<p><div class=\"fusion-fullwidth fullwidth-box fusion-builder-row-1 fusion-flex-container has-pattern-background has-mask-background nonhundred-percent-fullwidth non-hundred-percent-height-scrolling fusion-animated fusion-custom-z-index\" style=\"--link_hover_color: var(--awb-color3);--link_color: var(--awb-color1);--awb-background-position:left center;--awb-border-radius-top-left:0px;--awb-border-radius-top-right:0px;--awb-border-radius-bottom-right:0px;--awb-border-radius-bottom-left:0px;--awb-z-index:9;--awb-padding-top:80px;--awb-padding-bottom:0px;--awb-padding-top-medium:90px;--awb-flex-wrap:wrap;\" data-animationType=\"fadeInDown\" data-animationDuration=\"0.8\" data-animationDelay=\"0.4\" data-animationOffset=\"top-into-view\" ><div class=\"fusion-builder-row fusion-row fusion-flex-align-items-flex-start fusion-flex-justify-content-center fusion-flex-content-wrap\" style=\"max-width:1248px;margin-left: calc(-4% \/ 2 );margin-right: calc(-4% \/ 2 );\"><div class=\"fusion-layout-column fusion_builder_column fusion-builder-column-0 fusion_builder_column_4_5 4_5 fusion-flex-column fusion-animated\" style=\"--awb-bg-size:cover;--awb-width-large:80%;--awb-margin-top-large:0px;--awb-spacing-right-large:2.4%;--awb-margin-bottom-large:80px;--awb-spacing-left-large:2.4%;--awb-width-medium:80%;--awb-order-medium:0;--awb-spacing-right-medium:2.4%;--awb-spacing-left-medium:2.4%;--awb-width-small:100%;--awb-order-small:0;--awb-spacing-right-small:1.92%;--awb-spacing-left-small:1.92%;\" data-animationType=\"fadeInUp\" data-animationDuration=\"1.5\" data-animationDelay=\"0.2\" data-animationOffset=\"top-into-view\"><div class=\"fusion-column-wrapper fusion-column-has-shadow fusion-flex-justify-content-flex-start fusion-content-layout-column\"><div class=\"fusion-title title fusion-title-1 fusion-sep-none fusion-title-center fusion-title-text fusion-title-size-div\" style=\"--awb-text-color:var(--awb-color5);--awb-margin-bottom:0px;--awb-margin-bottom-small:0px;--awb-font-size:20px;\"><div class=\"fusion-title-heading title-heading-center title-heading-tag\" style=\"font-family:&quot;Fraunces&quot;;font-style:italic;font-weight:300;margin:0;font-size:1em;text-transform:none;\">No te quedes con las ganas de disfrutar del mejor turismo rural en Catalu\u00f1a<\/div><\/div><div class=\"fusion-title title fusion-title-2 fusion-sep-none fusion-title-center fusion-title-text fusion-title-size-two\" style=\"--awb-margin-bottom-small:20px;\"><h2 class=\"fusion-title-heading title-heading-center\" style=\"margin:0;text-transform:none;\">Contacta con nosotros &#8211; Cal Ribero<\/h2><\/div><div class=\"fusion-text fusion-text-1 fusion-text-no-margin\" style=\"--awb-content-alignment:center;\"><p data-pm-slice=\"1 1 &#091;&#093;\">Por favor, rellena el siguiente formulario si tienes cualquier clase de duda sobre nuestros<strong> apartamentos rurales en la Noguera<\/strong> o quieres organizar una <strong>escapada rural a la Noguera<\/strong>. En breve nos pondremos en contacto para ofrecerte una respuesta personalizada y ayudarte a planificar unas <strong>vacaciones rurales en Catalu\u00f1a<\/strong> inolvidables. Contacta con Cal Ribero aqu\u00ed.  <\/p>\n<\/div><\/div><\/div><div class=\"fusion-layout-column fusion_builder_column fusion-builder-column-1 fusion_builder_column_5_6 5_6 fusion-flex-column fusion-flex-align-self-center fusion-animated\" style=\"--awb-z-index:99999;--awb-padding-top:45px;--awb-padding-right:45px;--awb-padding-bottom:45px;--awb-padding-left:45px;--awb-padding-top-medium:60px;--awb-padding-right-medium:60px;--awb-padding-bottom-medium:60px;--awb-padding-left-medium:60px;--awb-overflow:hidden;--awb-bg-color:var(--awb-color6);--awb-bg-color-hover:var(--awb-color6);--awb-bg-size:cover;--awb-border-radius:50px 50px 50px 50px;--awb-width-large:83.333333333333%;--awb-margin-top-large:0px;--awb-spacing-right-large:2.304%;--awb-margin-bottom-large:80px;--awb-spacing-left-large:2.304%;--awb-width-medium:83.333333333333%;--awb-order-medium:0;--awb-spacing-right-medium:2.304%;--awb-spacing-left-medium:2.304%;--awb-width-small:100%;--awb-order-small:0;--awb-spacing-right-small:1.92%;--awb-spacing-left-small:1.92%;\" data-animationType=\"fadeInUp\" data-animationDuration=\"0.8\" data-animationOffset=\"top-into-view\"><div class=\"fusion-column-wrapper fusion-column-has-shadow fusion-flex-justify-content-flex-start fusion-content-layout-column\">\n<div class=\"wpcf7 no-js\" id=\"wpcf7-f2647-o1\" lang=\"es-ES\" dir=\"ltr\" data-wpcf7-id=\"2647\">\n<div class=\"screen-reader-response\"><p role=\"status\" aria-live=\"polite\" aria-atomic=\"true\"><\/p> <ul><\/ul><\/div>\n<form action=\"\/es\/wp-json\/wp\/v2\/pages\/2644#wpcf7-f2647-o1\" method=\"post\" class=\"wpcf7-form init\" aria-label=\"Formulario de contacto\" novalidate=\"novalidate\" data-status=\"init\">\n<div style=\"display: none;\">\n<input type=\"hidden\" name=\"_wpcf7\" value=\"2647\" \/>\n<input type=\"hidden\" name=\"_wpcf7_version\" value=\"6.0.6\" \/>\n<input type=\"hidden\" name=\"_wpcf7_locale\" value=\"es_ES\" \/>\n<input type=\"hidden\" name=\"_wpcf7_unit_tag\" value=\"wpcf7-f2647-o1\" \/>\n<input type=\"hidden\" name=\"_wpcf7_container_post\" value=\"0\" \/>\n<input type=\"hidden\" name=\"_wpcf7_posted_data_hash\" value=\"\" \/>\n<input type=\"hidden\" name=\"_wpcf7_recaptcha_response\" value=\"\" \/>\n<\/div>\n<div style=\"display:flex\">\n\t<div style=\"width:49%;margin-right:10px;\">\n\t\t<p><label style=\"color:white;\"><b>Nombre y apellido<\/b><br \/>\n<span class=\"wpcf7-form-control-wrap\" data-name=\"your-name\"><input size=\"40\" maxlength=\"400\" class=\"wpcf7-form-control wpcf7-text wpcf7-validates-as-required\" aria-required=\"true\" aria-invalid=\"false\" value=\"\" type=\"text\" name=\"your-name\" \/><\/span> <\/label>\n\t\t<\/p>\n\t<\/div>\n\t<div style=\"width:49%;margin-left:10px;\">\n\t\t<p><label style=\"color:white;\"><b>Asunto<\/b><br \/>\n<span class=\"wpcf7-form-control-wrap\" data-name=\"your-subject\"><input size=\"40\" maxlength=\"400\" class=\"wpcf7-form-control wpcf7-text wpcf7-validates-as-required\" aria-required=\"true\" aria-invalid=\"false\" value=\"\" type=\"text\" name=\"your-subject\" \/><\/span> <\/label>\n\t\t<\/p>\n\t<\/div>\n<\/div>\n<div style=\"display:flex\">\n\t<div style=\"width:49%;margin-right:10px;\">\n\t\t<p><label style=\"color:white;\"><b>Direcci\u00f3n electr\u00f3nica<\/b><br \/>\n<span class=\"wpcf7-form-control-wrap\" data-name=\"your-email\"><input size=\"40\" maxlength=\"400\" class=\"wpcf7-form-control wpcf7-email wpcf7-validates-as-required wpcf7-text wpcf7-validates-as-email\" aria-required=\"true\" aria-invalid=\"false\" value=\"\" type=\"email\" name=\"your-email\" \/><\/span> <\/label>\n\t\t<\/p>\n\t<\/div>\n\t<div style=\"width:49%;margin-left:10px;\">\n\t\t<p><label style=\"color:white;\"><b>Tel\u00e9fono<\/b><br \/>\n<span class=\"wpcf7-form-control-wrap\" data-name=\"tel-250\"><input size=\"40\" maxlength=\"400\" class=\"wpcf7-form-control wpcf7-tel wpcf7-validates-as-required wpcf7-text wpcf7-validates-as-tel\" aria-required=\"true\" aria-invalid=\"false\" value=\"\" type=\"tel\" name=\"tel-250\" \/><\/span> <\/label>\n\t\t<\/p>\n\t<\/div>\n<\/div>\n<p><label style=\"color:white;\"><b>Mensaje<\/b><br \/>\n<span class=\"wpcf7-form-control-wrap\" data-name=\"your-message\"><textarea cols=\"40\" rows=\"10\" maxlength=\"2000\" class=\"wpcf7-form-control wpcf7-textarea\" aria-invalid=\"false\" name=\"your-message\"><\/textarea><\/span> <\/label>\n<\/p>\n<p><span class=\"wpcf7-form-control-wrap\" data-name=\"acceptance-58\"><span class=\"wpcf7-form-control wpcf7-acceptance\"><span class=\"wpcf7-list-item\"><input type=\"checkbox\" name=\"acceptance-58\" value=\"1\" aria-invalid=\"false\" \/><\/span><\/span><\/span><label style=\"color:white;\">He le\u00eddo y acepto la <a href=\"\/politica-de-privacidad\">pol\u00edtica de privacidad<\/a> y el <a href=\"\/aviso-legal\">aviso legal<\/a><\/label>\n<\/p>\n<p><input class=\"wpcf7-form-control wpcf7-submit has-spinner\" type=\"submit\" value=\"Enviar\" \/>\n<\/p><div class=\"fusion-alert alert custom alert-custom fusion-alert-center wpcf7-response-output awb-alert-native-link-color alert-dismissable awb-alert-close-boxed\" style=\"--awb-border-size:1px;--awb-border-top-left-radius:0px;--awb-border-top-right-radius:0px;--awb-border-bottom-left-radius:0px;--awb-border-bottom-right-radius:0px;\" role=\"alert\"><div class=\"fusion-alert-content-wrapper\"><span class=\"fusion-alert-content\"><\/span><\/div><button type=\"button\" class=\"close toggle-alert\" data-dismiss=\"alert\" aria-label=\"Close\">&times;<\/button><\/div>\n<\/form>\n<\/div>\n<\/div><\/div><\/div><\/div><div class=\"fusion-fullwidth fullwidth-box fusion-builder-row-2 fusion-flex-container has-pattern-background has-mask-background nonhundred-percent-fullwidth non-hundred-percent-height-scrolling fusion-animated fusion-custom-z-index\" style=\"--link_hover_color: var(--awb-color4);--link_color: var(--awb-color5);--awb-background-position:left center;--awb-border-radius-top-left:0px;--awb-border-radius-top-right:0px;--awb-border-radius-bottom-right:0px;--awb-border-radius-bottom-left:0px;--awb-z-index:9;--awb-padding-top:0px;--awb-padding-bottom:100px;--awb-padding-top-medium:90px;--awb-flex-wrap:wrap;\" data-animationType=\"fadeInDown\" data-animationDuration=\"0.8\" data-animationDelay=\"0.4\" data-animationOffset=\"top-into-view\" ><div class=\"fusion-builder-row fusion-row fusion-flex-align-items-flex-start fusion-flex-justify-content-center fusion-flex-content-wrap\" style=\"max-width:1248px;margin-left: calc(-4% \/ 2 );margin-right: calc(-4% \/ 2 );\"><div class=\"fusion-layout-column fusion_builder_column fusion-builder-column-2 fusion_builder_column_1_3 1_3 fusion-flex-column fusion-flex-align-self-stretch fusion-animated\" style=\"--awb-padding-top:8%;--awb-padding-bottom:8%;--awb-overflow:hidden;--awb-bg-color:var(--awb-color2);--awb-bg-color-hover:var(--awb-color2);--awb-bg-size:cover;--awb-box-shadow:0px 0px 20px 20px rgba(0,0,0,0.02);;--awb-border-radius:50px 0px 0px 0px;--awb-transform:translateY(0px);--awb-transform-hover:translateY(-10px);--awb-width-large:33.333333333333%;--awb-margin-top-large:20px;--awb-spacing-right-large:5.76%;--awb-margin-bottom-large:20px;--awb-spacing-left-large:5.76%;--awb-width-medium:33.333333333333%;--awb-order-medium:0;--awb-spacing-right-medium:5.76%;--awb-spacing-left-medium:5.76%;--awb-width-small:100%;--awb-order-small:0;--awb-spacing-right-small:1.92%;--awb-spacing-left-small:1.92%;\" data-animationType=\"fadeInUp\" data-animationDuration=\"1.5\" data-animationDelay=\"0.5\" data-animationOffset=\"top-into-view\"><div class=\"fusion-column-wrapper fusion-column-has-shadow fusion-flex-justify-content-flex-start fusion-content-layout-column\"><i class=\"fb-icon-element-1 fb-icon-element fontawesome-icon fa-phone-alt fas circle-no\" style=\"--awb-iconcolor:var(--awb-color6);--awb-iconcolor-hover:var(--awb-color6);--awb-font-size:32px;--awb-align-self:center;--awb-margin-top:0px;--awb-margin-right:0px;--awb-margin-bottom:10px;--awb-margin-left:0px;\"><\/i><div class=\"fusion-title title fusion-title-3 fusion-sep-none fusion-title-center fusion-title-text fusion-title-size-three\" style=\"--awb-text-color:var(--awb-color6);--awb-margin-right:10%;--awb-margin-left:10%;--awb-font-size:22px;\"><h3 class=\"fusion-title-heading title-heading-center\" style=\"font-family:&quot;Fraunces&quot;;font-style:normal;font-weight:600;margin:0;font-size:1em;\">Tel\u00e9fono<\/h3><\/div><div class=\"fusion-text fusion-text-2 fusion-text-no-margin\" style=\"--awb-content-alignment:center;--awb-font-size:18px;--awb-margin-right:10%;--awb-margin-bottom:0px;--awb-margin-left:10%;\"><p><strong><a href=\"tel:625406406\">625 406<\/a><\/strong><strong><a href=\"tel:625406406\"> 406<\/a><\/strong><\/p>\n<\/div><\/div><\/div><div class=\"fusion-layout-column fusion_builder_column fusion-builder-column-3 fusion_builder_column_1_3 1_3 fusion-flex-column fusion-flex-align-self-stretch fusion-animated\" style=\"--awb-padding-top:8%;--awb-padding-bottom:8%;--awb-overflow:hidden;--awb-bg-color:var(--awb-color2);--awb-bg-color-hover:var(--awb-color2);--awb-bg-size:cover;--awb-box-shadow:0px 0px 20px 20px rgba(0,0,0,0.02);;--awb-border-radius:0px 0px 50px 50px;--awb-transform:translateY(0px);--awb-transform-hover:translateY(-10px);--awb-width-large:33.333333333333%;--awb-margin-top-large:20px;--awb-spacing-right-large:5.76%;--awb-margin-bottom-large:20px;--awb-spacing-left-large:5.76%;--awb-width-medium:33.333333333333%;--awb-order-medium:0;--awb-spacing-right-medium:5.76%;--awb-spacing-left-medium:5.76%;--awb-width-small:100%;--awb-order-small:0;--awb-spacing-right-small:1.92%;--awb-spacing-left-small:1.92%;\" data-animationType=\"fadeInUp\" data-animationDuration=\"1.5\" data-animationDelay=\"0.8\" data-animationOffset=\"top-into-view\"><div class=\"fusion-column-wrapper fusion-column-has-shadow fusion-flex-justify-content-flex-start fusion-content-layout-column\"><i class=\"fb-icon-element-2 fb-icon-element fontawesome-icon fa-envelope fas circle-no\" style=\"--awb-iconcolor:var(--awb-color6);--awb-iconcolor-hover:var(--awb-color6);--awb-font-size:32px;--awb-align-self:center;--awb-margin-top:0px;--awb-margin-right:0px;--awb-margin-bottom:10px;--awb-margin-left:0px;\"><\/i><div class=\"fusion-title title fusion-title-4 fusion-sep-none fusion-title-center fusion-title-text fusion-title-size-three\" style=\"--awb-text-color:var(--awb-color6);--awb-margin-right:10%;--awb-margin-left:10%;--awb-font-size:22px;\"><h3 class=\"fusion-title-heading title-heading-center\" style=\"font-family:&quot;Fraunces&quot;;font-style:normal;font-weight:600;margin:0;font-size:1em;\">Correo electr\u00f3nico<\/h3><\/div><div class=\"fusion-text fusion-text-3 fusion-text-no-margin\" style=\"--awb-content-alignment:center;--awb-font-size:18px;--awb-margin-right:10%;--awb-margin-bottom:0px;--awb-margin-left:10%;\"><p><strong><a href=\"mailto:info@calribero.es\">info@calribero.es<\/a><\/strong><\/p>\n<\/div><\/div><\/div><div class=\"fusion-layout-column fusion_builder_column fusion-builder-column-4 fusion_builder_column_1_3 1_3 fusion-flex-column fusion-flex-align-self-stretch fusion-animated\" style=\"--awb-padding-top:8%;--awb-padding-bottom:8%;--awb-overflow:hidden;--awb-bg-color:var(--awb-color2);--awb-bg-color-hover:var(--awb-color2);--awb-bg-size:cover;--awb-box-shadow:0px 0px 20px 20px rgba(0,0,0,0.02);;--awb-border-radius:0px 50px 0px 0px;--awb-transform:translateY(0px);--awb-transform-hover:translateY(-10px);--awb-width-large:33.333333333333%;--awb-margin-top-large:20px;--awb-spacing-right-large:5.76%;--awb-margin-bottom-large:20px;--awb-spacing-left-large:5.76%;--awb-width-medium:33.333333333333%;--awb-order-medium:0;--awb-spacing-right-medium:5.76%;--awb-spacing-left-medium:5.76%;--awb-width-small:100%;--awb-order-small:0;--awb-spacing-right-small:1.92%;--awb-spacing-left-small:1.92%;\" data-animationType=\"fadeInUp\" data-animationDuration=\"1.5\" data-animationDelay=\"1.1\" data-animationOffset=\"top-into-view\"><div class=\"fusion-column-wrapper fusion-column-has-shadow fusion-flex-justify-content-flex-start fusion-content-layout-column\"><i class=\"fb-icon-element-3 fb-icon-element fontawesome-icon fa-clock fas circle-no\" style=\"--awb-iconcolor:var(--awb-color6);--awb-iconcolor-hover:var(--awb-color6);--awb-font-size:32px;--awb-align-self:center;--awb-margin-top:0px;--awb-margin-right:0px;--awb-margin-bottom:10px;--awb-margin-left:0px;\"><\/i><div class=\"fusion-title title fusion-title-5 fusion-sep-none fusion-title-center fusion-title-text fusion-title-size-three\" style=\"--awb-text-color:var(--awb-color6);--awb-margin-right:10%;--awb-margin-left:10%;--awb-font-size:22px;\"><h3 class=\"fusion-title-heading title-heading-center\" style=\"font-family:&quot;Fraunces&quot;;font-style:normal;font-weight:600;margin:0;font-size:1em;\">Horario de atenci\u00f3n<\/h3><\/div><div class=\"fusion-text fusion-text-4 fusion-text-no-margin\" style=\"--awb-content-alignment:center;--awb-font-size:14px;--awb-margin-right:10%;--awb-margin-bottom:0px;--awb-margin-left:10%;\"><p data-start=\"1502\" data-end=\"1582\">De lunes a domingo, de 9:00 ha 20:00 h<\/p>\n<\/div><\/div><\/div><div class=\"fusion-layout-column fusion_builder_column fusion-builder-column-5 fusion_builder_column_1_1 1_1 fusion-flex-column fusion-animated\" style=\"--awb-bg-size:cover;--awb-width-large:100%;--awb-margin-top-large:40px;--awb-spacing-right-large:1.92%;--awb-margin-bottom-large:40px;--awb-spacing-left-large:1.92%;--awb-width-medium:100%;--awb-order-medium:0;--awb-spacing-right-medium:1.92%;--awb-spacing-left-medium:1.92%;--awb-width-small:100%;--awb-order-small:0;--awb-spacing-right-small:1.92%;--awb-spacing-left-small:1.92%;\" data-animationType=\"fadeInUp\" data-animationDuration=\"1.5\" data-animationDelay=\"0.2\" data-animationOffset=\"top-into-view\"><div class=\"fusion-column-wrapper fusion-column-has-shadow fusion-flex-justify-content-flex-start fusion-content-layout-column\"><div class=\"fusion-title title fusion-title-6 fusion-sep-none fusion-title-center fusion-title-text fusion-title-size-div\" style=\"--awb-text-color:var(--awb-color5);--awb-margin-bottom:0px;--awb-margin-bottom-small:0px;--awb-font-size:20px;\"><div class=\"fusion-title-heading title-heading-center title-heading-tag\" style=\"font-family:&quot;Fraunces&quot;;font-style:italic;font-weight:300;margin:0;font-size:1em;text-transform:none;\">Contacta con Cal Ribero y descubre el turismo rural en Catalu\u00f1a en primera persona<\/div><\/div><div class=\"fusion-title title fusion-title-7 fusion-sep-none fusion-title-center fusion-title-text fusion-title-size-two\" style=\"--awb-margin-bottom-small:20px;\"><h2 class=\"fusion-title-heading title-heading-center\" style=\"margin:0;text-transform:none;\">Estamos aqu\u00ed para ayudarte a hacer realidad tu escapada rural a la Noguera<\/h2><\/div><div class=\"fusion-text fusion-text-5 fusion-text-no-margin\" style=\"--awb-content-alignment:center;\"><p data-start=\"292\" data-end=\"602\">En Cal Ribero sabemos que planificar unas <strong data-start=\"331\" data-end=\"362\">vacaciones rurales en Catalu\u00f1a<\/strong> puede generar dudas o necesidades especiales. Por eso, queremos ponernos a tu disposici\u00f3n para ofrecerte toda la informaci\u00f3n que necesites sobre nuestros<strong data-start=\"520\" data-end=\"555\"> apartamentos rurales en la Noguera<\/strong> y las actividades que puedes disfrutar en la comarca. <\/p>\n<p data-start=\"604\" data-end=\"886\">Sea cual sea tu consulta, ya sea sobre disponibilidad, servicios o recomendaciones para que tu estancia sea perfecta, no dudes en contactar con nosotros. Utiliza el formulario o ll\u00e1manos directamente; nos comprometemos a responder r\u00e1pidamente y con la mejor atenci\u00f3n. <\/p>\n<p data-start=\"888\" data-end=\"1166\">Tambi\u00e9n estamos aqu\u00ed para ayudarte a planificar una<strong data-start=\"936\" data-end=\"967\"> escapada rural a la Noguera<\/strong> que combine naturaleza, cultura y descanso. Adem\u00e1s podemos sugerirte rutas, mercados locales, fiestas tradicionales y experiencias que har\u00e1n que tu turismo rural en Catalu\u00f1a sea \u00fanico y memorable. <\/p>\n<p data-start=\"1168\" data-end=\"1383\">Recuerda que en Cal Ribero tu comodidad y satisfacci\u00f3n son nuestra prioridad, as\u00ed que contacta con nosotros y prep\u00e1rate para disfrutar de unas<strong data-start=\"1312\" data-end=\"1343\"> vacaciones rurales en Catalu\u00f1a<\/strong> llenas de autenticidad y tranquilidad.<\/p>\n<\/div><\/div><\/div><\/div><\/div><\/p>\n","protected":false},"excerpt":{"rendered":"","protected":false},"author":1,"featured_media":0,"parent":0,"menu_order":0,"comment_status":"closed","ping_status":"closed","template":"100-width.php","meta":{"footnotes":""},"class_list":["post-2644","page","type-page","status-publish","hentry"],"yoast_head":"<!-- This site is optimized with the Yoast SEO plugin v25.3 - https:\/\/yoast.com\/wordpress\/plugins\/seo\/ -->\n<title>Contacta con Cal Ribero | Apartamentos Rurales en la Noguera<\/title>\n<meta name=\"description\" content=\"Contacta con Cal Ribero y descubre las mejores opciones para vacaciones rurales en Catalu\u00f1a en apartamentos c\u00f3modos y acogedores.\" \/>\n<meta name=\"robots\" content=\"index, follow, max-snippet:-1, max-image-preview:large, max-video-preview:-1\" \/>\n<link rel=\"canonical\" href=\"https:\/\/calribero.com\/es\/contacto\/\" \/>\n<meta property=\"og:locale\" content=\"es_ES\" \/>\n<meta property=\"og:type\" content=\"article\" \/>\n<meta property=\"og:title\" content=\"Contacta con Cal Ribero | Apartamentos Rurales en la Noguera\" \/>\n<meta property=\"og:description\" content=\"Contacta con Cal Ribero y descubre las mejores opciones para vacaciones rurales en Catalu\u00f1a en apartamentos c\u00f3modos y acogedores.\" \/>\n<meta property=\"og:url\" content=\"https:\/\/calribero.com\/es\/contacto\/\" \/>\n<meta property=\"og:site_name\" content=\"Cal Ribero\" \/>\n<meta property=\"article:modified_time\" content=\"2025-08-11T11:38:03+00:00\" \/>\n<meta name=\"twitter:card\" content=\"summary_large_image\" \/>\n<meta name=\"twitter:label1\" content=\"Tiempo de lectura\" \/>\n\t<meta name=\"twitter:data1\" content=\"17 minutos\" \/>\n<script type=\"application\/ld+json\" class=\"yoast-schema-graph\">{\"@context\":\"https:\/\/schema.org\",\"@graph\":[{\"@type\":\"WebPage\",\"@id\":\"https:\/\/calribero.com\/es\/contacto\/\",\"url\":\"https:\/\/calribero.com\/es\/contacto\/\",\"name\":\"Contacta con Cal Ribero | Apartamentos Rurales en la Noguera\",\"isPartOf\":{\"@id\":\"https:\/\/calribero.com\/es\/#website\"},\"datePublished\":\"2022-12-02T15:26:09+00:00\",\"dateModified\":\"2025-08-11T11:38:03+00:00\",\"description\":\"Contacta con Cal Ribero y descubre las mejores opciones para vacaciones rurales en Catalu\u00f1a en apartamentos c\u00f3modos y acogedores.\",\"breadcrumb\":{\"@id\":\"https:\/\/calribero.com\/es\/contacto\/#breadcrumb\"},\"inLanguage\":\"es\",\"potentialAction\":[{\"@type\":\"ReadAction\",\"target\":[\"https:\/\/calribero.com\/es\/contacto\/\"]}]},{\"@type\":\"BreadcrumbList\",\"@id\":\"https:\/\/calribero.com\/es\/contacto\/#breadcrumb\",\"itemListElement\":[{\"@type\":\"ListItem\",\"position\":1,\"name\":\"Inici\",\"item\":\"https:\/\/calribero.com\/es\/cal-ribero-alojamientos-rurales\/\"},{\"@type\":\"ListItem\",\"position\":2,\"name\":\"Contacto\"}]},{\"@type\":\"WebSite\",\"@id\":\"https:\/\/calribero.com\/es\/#website\",\"url\":\"https:\/\/calribero.com\/es\/\",\"name\":\"Cal Ribero\",\"description\":\"Moments \u00fanics en un entorn incomparable.\",\"potentialAction\":[{\"@type\":\"SearchAction\",\"target\":{\"@type\":\"EntryPoint\",\"urlTemplate\":\"https:\/\/calribero.com\/es\/?s={search_term_string}\"},\"query-input\":{\"@type\":\"PropertyValueSpecification\",\"valueRequired\":true,\"valueName\":\"search_term_string\"}}],\"inLanguage\":\"es\"}]}<\/script>\n<!-- \/ Yoast SEO plugin. -->","yoast_head_json":{"title":"Contacta con Cal Ribero | Apartamentos Rurales en la Noguera","description":"Contacta con Cal Ribero y descubre las mejores opciones para vacaciones rurales en Catalu\u00f1a en apartamentos c\u00f3modos y acogedores.","robots":{"index":"index","follow":"follow","max-snippet":"max-snippet:-1","max-image-preview":"max-image-preview:large","max-video-preview":"max-video-preview:-1"},"canonical":"https:\/\/calribero.com\/es\/contacto\/","og_locale":"es_ES","og_type":"article","og_title":"Contacta con Cal Ribero | Apartamentos Rurales en la Noguera","og_description":"Contacta con Cal Ribero y descubre las mejores opciones para vacaciones rurales en Catalu\u00f1a en apartamentos c\u00f3modos y acogedores.","og_url":"https:\/\/calribero.com\/es\/contacto\/","og_site_name":"Cal Ribero","article_modified_time":"2025-08-11T11:38:03+00:00","twitter_card":"summary_large_image","twitter_misc":{"Tiempo de lectura":"17 minutos"},"schema":{"@context":"https:\/\/schema.org","@graph":[{"@type":"WebPage","@id":"https:\/\/calribero.com\/es\/contacto\/","url":"https:\/\/calribero.com\/es\/contacto\/","name":"Contacta con Cal Ribero | Apartamentos Rurales en la Noguera","isPartOf":{"@id":"https:\/\/calribero.com\/es\/#website"},"datePublished":"2022-12-02T15:26:09+00:00","dateModified":"2025-08-11T11:38:03+00:00","description":"Contacta con Cal Ribero y descubre las mejores opciones para vacaciones rurales en Catalu\u00f1a en apartamentos c\u00f3modos y acogedores.","breadcrumb":{"@id":"https:\/\/calribero.com\/es\/contacto\/#breadcrumb"},"inLanguage":"es","potentialAction":[{"@type":"ReadAction","target":["https:\/\/calribero.com\/es\/contacto\/"]}]},{"@type":"BreadcrumbList","@id":"https:\/\/calribero.com\/es\/contacto\/#breadcrumb","itemListElement":[{"@type":"ListItem","position":1,"name":"Inici","item":"https:\/\/calribero.com\/es\/cal-ribero-alojamientos-rurales\/"},{"@type":"ListItem","position":2,"name":"Contacto"}]},{"@type":"WebSite","@id":"https:\/\/calribero.com\/es\/#website","url":"https:\/\/calribero.com\/es\/","name":"Cal Ribero","description":"Moments \u00fanics en un entorn incomparable.","potentialAction":[{"@type":"SearchAction","target":{"@type":"EntryPoint","urlTemplate":"https:\/\/calribero.com\/es\/?s={search_term_string}"},"query-input":{"@type":"PropertyValueSpecification","valueRequired":true,"valueName":"search_term_string"}}],"inLanguage":"es"}]}},"_links":{"self":[{"href":"https:\/\/calribero.com\/es\/wp-json\/wp\/v2\/pages\/2644"}],"collection":[{"href":"https:\/\/calribero.com\/es\/wp-json\/wp\/v2\/pages"}],"about":[{"href":"https:\/\/calribero.com\/es\/wp-json\/wp\/v2\/types\/page"}],"author":[{"embeddable":true,"href":"https:\/\/calribero.com\/es\/wp-json\/wp\/v2\/users\/1"}],"replies":[{"embeddable":true,"href":"https:\/\/calribero.com\/es\/wp-json\/wp\/v2\/comments?post=2644"}],"version-history":[{"count":6,"href":"https:\/\/calribero.com\/es\/wp-json\/wp\/v2\/pages\/2644\/revisions"}],"predecessor-version":[{"id":3608,"href":"https:\/\/calribero.com\/es\/wp-json\/wp\/v2\/pages\/2644\/revisions\/3608"}],"wp:attachment":[{"href":"https:\/\/calribero.com\/es\/wp-json\/wp\/v2\/media?parent=2644"}],"curies":[{"name":"wp","href":"https:\/\/api.w.org\/{rel}","templated":true}]}}